{"id":16097,"date":"2024-05-22T09:55:42","date_gmt":"2024-05-22T13:55:42","guid":{"rendered":"https:\/\/www.whelkgoods.com\/?page_id=16097"},"modified":"2025-05-14T17:00:52","modified_gmt":"2025-05-14T21:00:52","slug":"distributeurs","status":"publish","type":"page","link":"https:\/\/whelkgoods.com\/fr\/distributeurs\/","title":{"rendered":"Distributeurs de produits promotionnels"},"content":{"rendered":"\t\t<div data-elementor-type=\"wp-page\" data-elementor-id=\"16097\" class=\"elementor elementor-16097 elementor-16086\" data-elementor-post-type=\"page\">\n\t\t\t\t\t\t<section class=\"elementor-section elementor-top-section elementor-element elementor-element-4f83f7b5 elementor-section-boxed elementor-section-height-default elementor-section-height-default\" data-id=\"4f83f7b5\" data-element_type=\"section\">\n\t\t\t\t\t\t<div class=\"elementor-container elementor-column-gap-default\">\n\t\t\t\t\t<div class=\"elementor-column elementor-col-100 elementor-top-column elementor-element elementor-element-6f665938\" data-id=\"6f665938\" data-element_type=\"column\">\n\t\t\t<div class=\"elementor-widget-wrap elementor-element-populated\">\n\t\t\t\t\t\t<div class=\"elementor-element elementor-element-5bbcabf5 elementor-widget elementor-widget-heading\" data-id=\"5bbcabf5\" data-element_type=\"widget\" data-widget_type=\"heading.default\">\n\t\t\t\t<div class=\"elementor-widget-container\">\n\t\t\t<h2 class=\"elementor-heading-title elementor-size-default\">Distributeurs d'objet promotionnels<\/h2>\t\t<\/div>\n\t\t\t\t<\/div>\n\t\t\t\t<div class=\"elementor-element elementor-element-1af5931f elementor-widget elementor-widget-text-editor\" data-id=\"1af5931f\" data-element_type=\"widget\" data-widget_type=\"text-editor.default\">\n\t\t\t\t<div class=\"elementor-widget-container\">\n\t\t\t\t\t\t\t<p>\u00cates-vous une entreprise d&rsquo;articles promotionnels int\u00e9ress\u00e9e par la distribution de nos casquettes et tuques \u00e9coresponables ? Svp <a class=\"whitebglink\" href=\"https:\/\/whelkgoods.com\/fr\/nous-joindre\/\">nous joindre<\/a> afin d&rsquo;en discuter davantage.<\/p>\t\t\t\t\t\t<\/div>\n\t\t\t\t<\/div>\n\t\t\t\t<div class=\"elementor-element elementor-element-7f391354 elementor-align-center elementor-widget elementor-widget-button\" data-id=\"7f391354\" data-element_type=\"widget\" data-widget_type=\"button.default\">\n\t\t\t\t<div class=\"elementor-widget-container\">\n\t\t\t\t\t<div class=\"elementor-button-wrapper\">\n\t\t\t<a class=\"elementor-button elementor-button-link elementor-size-sm\" href=\"https:\/\/whelkgoods.com\/fr\/nous-joindre\/\">\n\t\t\t\t\t\t<span class=\"elementor-button-content-wrapper\">\n\t\t\t\t\t\t\t\t\t<span class=\"elementor-button-text\">Nous joindre<\/span>\n\t\t\t\t\t<\/span>\n\t\t\t\t\t<\/a>\n\t\t<\/div>\n\t\t\t\t<\/div>\n\t\t\t\t<\/div>\n\t\t\t\t<div class=\"elementor-element elementor-element-212334d elementor-widget elementor-widget-spacer\" data-id=\"212334d\" data-element_type=\"widget\" data-widget_type=\"spacer.default\">\n\t\t\t\t<div class=\"elementor-widget-container\">\n\t\t\t\t\t<div class=\"elementor-spacer\">\n\t\t\t<div class=\"elementor-spacer-inner\"><\/div>\n\t\t<\/div>\n\t\t\t\t<\/div>\n\t\t\t\t<\/div>\n\t\t\t\t<div class=\"elementor-element elementor-element-341a97c elementor-widget elementor-widget-heading\" data-id=\"341a97c\" data-element_type=\"widget\" data-widget_type=\"heading.default\">\n\t\t\t\t<div class=\"elementor-widget-container\">\n\t\t\t<h3 class=\"elementor-heading-title elementor-size-default\">Foire aux questions<\/h3>\t\t<\/div>\n\t\t\t\t<\/div>\n\t\t\t\t<div class=\"elementor-element elementor-element-1437740 elementor-widget elementor-widget-accordion\" data-id=\"1437740\" data-element_type=\"widget\" data-widget_type=\"accordion.default\">\n\t\t\t\t<div class=\"elementor-widget-container\">\n\t\t\t\t\t<div class=\"elementor-accordion\">\n\t\t\t\t\t\t\t<div class=\"elementor-accordion-item\">\n\t\t\t\t\t<div id=\"elementor-tab-title-2111\" class=\"elementor-tab-title\" data-tab=\"1\" role=\"button\" aria-controls=\"elementor-tab-content-2111\" aria-expanded=\"false\">\n\t\t\t\t\t\t\t\t\t\t\t\t\t<span class=\"elementor-accordion-icon elementor-accordion-icon-left\" aria-hidden=\"true\">\n\t\t\t\t\t\t\t\t\t\t\t\t\t\t\t<span class=\"elementor-accordion-icon-closed\"><i class=\"fas fa-plus\"><\/i><\/span>\n\t\t\t\t\t\t\t\t<span class=\"elementor-accordion-icon-opened\"><i class=\"fas fa-minus\"><\/i><\/span>\n\t\t\t\t\t\t\t\t\t\t\t\t\t\t<\/span>\n\t\t\t\t\t\t\t\t\t\t\t\t<a class=\"elementor-accordion-title\" tabindex=\"0\">\u00c0 quel endroit vos produits sont-ils entrepos\u00e9s?<\/a>\n\t\t\t\t\t<\/div>\n\t\t\t\t\t<div id=\"elementor-tab-content-2111\" class=\"elementor-tab-content elementor-clearfix\" data-tab=\"1\" role=\"region\" aria-labelledby=\"elementor-tab-title-2111\"><p>Toutes nos commandes sont exp\u00e9di\u00e9es \u00e0 partir de notre entrep\u00f4t \u00e0 Sherbrooke, QC, Canada.<\/p><\/div>\n\t\t\t\t<\/div>\n\t\t\t\t\t\t\t<div class=\"elementor-accordion-item\">\n\t\t\t\t\t<div id=\"elementor-tab-title-2112\" class=\"elementor-tab-title\" data-tab=\"2\" role=\"button\" aria-controls=\"elementor-tab-content-2112\" aria-expanded=\"false\">\n\t\t\t\t\t\t\t\t\t\t\t\t\t<span class=\"elementor-accordion-icon elementor-accordion-icon-left\" aria-hidden=\"true\">\n\t\t\t\t\t\t\t\t\t\t\t\t\t\t\t<span class=\"elementor-accordion-icon-closed\"><i class=\"fas fa-plus\"><\/i><\/span>\n\t\t\t\t\t\t\t\t<span class=\"elementor-accordion-icon-opened\"><i class=\"fas fa-minus\"><\/i><\/span>\n\t\t\t\t\t\t\t\t\t\t\t\t\t\t<\/span>\n\t\t\t\t\t\t\t\t\t\t\t\t<a class=\"elementor-accordion-title\" tabindex=\"0\">Quelle est la rapidit\u00e9 d'exp\u00e9dition des commandes ?<\/a>\n\t\t\t\t\t<\/div>\n\t\t\t\t\t<div id=\"elementor-tab-content-2112\" class=\"elementor-tab-content elementor-clearfix\" data-tab=\"2\" role=\"region\" aria-labelledby=\"elementor-tab-title-2112\">Pour les produits en inventaire, nous exp\u00e9dions les commandes le jour m\u00eame, ou au plus tard le jour ouvrable suivant.<\/div>\n\t\t\t\t<\/div>\n\t\t\t\t\t\t\t<div class=\"elementor-accordion-item\">\n\t\t\t\t\t<div id=\"elementor-tab-title-2113\" class=\"elementor-tab-title\" data-tab=\"3\" role=\"button\" aria-controls=\"elementor-tab-content-2113\" aria-expanded=\"false\">\n\t\t\t\t\t\t\t\t\t\t\t\t\t<span class=\"elementor-accordion-icon elementor-accordion-icon-left\" aria-hidden=\"true\">\n\t\t\t\t\t\t\t\t\t\t\t\t\t\t\t<span class=\"elementor-accordion-icon-closed\"><i class=\"fas fa-plus\"><\/i><\/span>\n\t\t\t\t\t\t\t\t<span class=\"elementor-accordion-icon-opened\"><i class=\"fas fa-minus\"><\/i><\/span>\n\t\t\t\t\t\t\t\t\t\t\t\t\t\t<\/span>\n\t\t\t\t\t\t\t\t\t\t\t\t<a class=\"elementor-accordion-title\" tabindex=\"0\">Quel service d'exp\u00e9dition utilisez-vous ?<\/a>\n\t\t\t\t\t<\/div>\n\t\t\t\t\t<div id=\"elementor-tab-content-2113\" class=\"elementor-tab-content elementor-clearfix\" data-tab=\"3\" role=\"region\" aria-labelledby=\"elementor-tab-title-2113\"><p>Pour les destinations au Qu\u00e9bec et en Ontario, nous exp\u00e9dions avec Purolator. Pour les autres destinations, nous utilisons Postes Canada. Nous pouvons \u00e9galement utiliser votre compte de transport si vous le souhaitez.<\/p><\/div>\n\t\t\t\t<\/div>\n\t\t\t\t\t\t\t<div class=\"elementor-accordion-item\">\n\t\t\t\t\t<div id=\"elementor-tab-title-2114\" class=\"elementor-tab-title\" data-tab=\"4\" role=\"button\" aria-controls=\"elementor-tab-content-2114\" aria-expanded=\"false\">\n\t\t\t\t\t\t\t\t\t\t\t\t\t<span class=\"elementor-accordion-icon elementor-accordion-icon-left\" aria-hidden=\"true\">\n\t\t\t\t\t\t\t\t\t\t\t\t\t\t\t<span class=\"elementor-accordion-icon-closed\"><i class=\"fas fa-plus\"><\/i><\/span>\n\t\t\t\t\t\t\t\t<span class=\"elementor-accordion-icon-opened\"><i class=\"fas fa-minus\"><\/i><\/span>\n\t\t\t\t\t\t\t\t\t\t\t\t\t\t<\/span>\n\t\t\t\t\t\t\t\t\t\t\t\t<a class=\"elementor-accordion-title\" tabindex=\"0\">Pouvons-nous fournir notre compte d'exp\u00e9dition ? <\/a>\n\t\t\t\t\t<\/div>\n\t\t\t\t\t<div id=\"elementor-tab-content-2114\" class=\"elementor-tab-content elementor-clearfix\" data-tab=\"4\" role=\"region\" aria-labelledby=\"elementor-tab-title-2114\"><p>Oui, si un distributeur souhaite choisir le tarif le plus bas ou simplement toujours utiliser son compte d&rsquo;exp\u00e9dition, cela est possible.<\/p><\/div>\n\t\t\t\t<\/div>\n\t\t\t\t\t\t\t\t\t\t<script type=\"application\/ld+json\">{\"@context\":\"https:\\\/\\\/schema.org\",\"@type\":\"FAQPage\",\"mainEntity\":[{\"@type\":\"Question\",\"name\":\"\\u00c0 quel endroit vos produits sont-ils entrepos\\u00e9s?\",\"acceptedAnswer\":{\"@type\":\"Answer\",\"text\":\"<p>Toutes nos commandes sont exp\\u00e9di\\u00e9es \\u00e0 partir de notre entrep\\u00f4t \\u00e0 Sherbrooke, QC, Canada.<\\\/p>\"}},{\"@type\":\"Question\",\"name\":\"Quelle est la rapidit\\u00e9 d'exp\\u00e9dition des commandes ?\",\"acceptedAnswer\":{\"@type\":\"Answer\",\"text\":\"Pour les produits en inventaire, nous exp\\u00e9dions les commandes le jour m\\u00eame, ou au plus tard le jour ouvrable suivant.\"}},{\"@type\":\"Question\",\"name\":\"Quel service d'exp\\u00e9dition utilisez-vous ?\",\"acceptedAnswer\":{\"@type\":\"Answer\",\"text\":\"<p>Pour les destinations au Qu\\u00e9bec et en Ontario, nous exp\\u00e9dions avec Purolator. Pour les autres destinations, nous utilisons Postes Canada. Nous pouvons \\u00e9galement utiliser votre compte de transport si vous le souhaitez.<\\\/p>\"}},{\"@type\":\"Question\",\"name\":\"Pouvons-nous fournir notre compte d'exp\\u00e9dition ?\",\"acceptedAnswer\":{\"@type\":\"Answer\",\"text\":\"<p>Oui, si un distributeur souhaite choisir le tarif le plus bas ou simplement toujours utiliser son compte d&rsquo;exp\\u00e9dition, cela est possible.<\\\/p>\"}}]}<\/script>\n\t\t\t\t\t<\/div>\n\t\t\t\t<\/div>\n\t\t\t\t<\/div>\n\t\t\t\t\t<\/div>\n\t\t<\/div>\n\t\t\t\t\t<\/div>\n\t\t<\/section>\n\t\t\t\t<\/div>\n\t\t","protected":false},"excerpt":{"rendered":"<p>Distributeurs d&rsquo;objet promotionnels \u00cates-vous une entreprise d&rsquo;articles promotionnels int\u00e9ress\u00e9e par la distribution de nos casquettes et tuques \u00e9coresponables ? Svp nous joindre afin d&rsquo;en discuter davantage. Nous joindre Foire aux questions \u00c0 quel endroit vos produits sont-ils entrepos\u00e9s? Toutes nos commandes sont exp\u00e9di\u00e9es \u00e0 partir de notre entrep\u00f4t \u00e0 Sherbrooke, QC, Canada. Quelle est la rapidit\u00e9 d&rsquo;exp\u00e9dition des commandes ? Pour les produits en inventaire, nous exp\u00e9dions les commandes le jour m\u00eame, ou au plus tard le jour ouvrable suivant. Quel service d&rsquo;exp\u00e9dition utilisez-vous ? Pour les destinations au Qu\u00e9bec et en Ontario, nous exp\u00e9dions avec Purolator. Pour les autres&#8230;<\/p>\n","protected":false},"author":12,"featured_media":0,"parent":0,"menu_order":0,"comment_status":"closed","ping_status":"closed","template":"","meta":{"footnotes":""},"class_list":["post-16097","page","type-page","status-publish","hentry"],"yoast_head":"<!-- This site is optimized with the Yoast SEO plugin v23.5 - https:\/\/yoast.com\/wordpress\/plugins\/seo\/ -->\n<title>Distributeurs de produits promotionnels - Whelk | Marque qu\u00e9b\u00e9coise<\/title>\n<meta name=\"description\" content=\"Vous souhaitez distribuer nos casquettes et tuques \u00e9coresponsables ? N&#039;h\u00e9sitez pas \u00e0 nous contacter pour explorer un partenariat.\" \/>\n<meta name=\"robots\" content=\"index, follow, max-snippet:-1, max-image-preview:large, max-video-preview:-1\" \/>\n<link rel=\"canonical\" href=\"https:\/\/whelkgoods.com\/fr\/distributeurs\/\" \/>\n<meta property=\"og:locale\" content=\"fr_FR\" \/>\n<meta property=\"og:type\" content=\"article\" \/>\n<meta property=\"og:title\" content=\"Distributeurs de produits promotionnels - Whelk | Marque qu\u00e9b\u00e9coise\" \/>\n<meta property=\"og:description\" content=\"Vous souhaitez distribuer nos casquettes et tuques \u00e9coresponsables ? N&#039;h\u00e9sitez pas \u00e0 nous contacter pour explorer un partenariat.\" \/>\n<meta property=\"og:url\" content=\"https:\/\/whelkgoods.com\/fr\/distributeurs\/\" \/>\n<meta property=\"og:site_name\" content=\"Whelk | Marque qu\u00e9b\u00e9coise\" \/>\n<meta property=\"article:modified_time\" content=\"2025-05-14T21:00:52+00:00\" \/>\n<meta name=\"twitter:card\" content=\"summary_large_image\" \/>\n<meta name=\"twitter:label1\" content=\"Dur\u00e9e de lecture estim\u00e9e\" \/>\n\t<meta name=\"twitter:data1\" content=\"1 minute\" \/>\n<script type=\"application\/ld+json\" class=\"yoast-schema-graph\">{\"@context\":\"https:\/\/schema.org\",\"@graph\":[{\"@type\":\"WebPage\",\"@id\":\"https:\/\/whelkgoods.com\/fr\/distributeurs\/\",\"url\":\"https:\/\/whelkgoods.com\/fr\/distributeurs\/\",\"name\":\"Distributeurs de produits promotionnels - Whelk | Marque qu\u00e9b\u00e9coise\",\"isPartOf\":{\"@id\":\"https:\/\/whelkgoods.com\/fr\/#website\"},\"datePublished\":\"2024-05-22T13:55:42+00:00\",\"dateModified\":\"2025-05-14T21:00:52+00:00\",\"description\":\"Vous souhaitez distribuer nos casquettes et tuques \u00e9coresponsables ? N'h\u00e9sitez pas \u00e0 nous contacter pour explorer un partenariat.\",\"breadcrumb\":{\"@id\":\"https:\/\/whelkgoods.com\/fr\/distributeurs\/#breadcrumb\"},\"inLanguage\":\"fr-FR\",\"potentialAction\":[{\"@type\":\"ReadAction\",\"target\":[\"https:\/\/whelkgoods.com\/fr\/distributeurs\/\"]}]},{\"@type\":\"BreadcrumbList\",\"@id\":\"https:\/\/whelkgoods.com\/fr\/distributeurs\/#breadcrumb\",\"itemListElement\":[{\"@type\":\"ListItem\",\"position\":1,\"name\":\"Home\",\"item\":\"https:\/\/whelkgoods.com\/fr\/accueil\/\"},{\"@type\":\"ListItem\",\"position\":2,\"name\":\"Distributeurs de produits promotionnels\"}]},{\"@type\":\"WebSite\",\"@id\":\"https:\/\/whelkgoods.com\/fr\/#website\",\"url\":\"https:\/\/whelkgoods.com\/fr\/\",\"name\":\"Whelk | Marque qu\u00e9b\u00e9coise\",\"description\":\"Casquettes et tuques \u00e9coresponsables\",\"publisher\":{\"@id\":\"https:\/\/whelkgoods.com\/fr\/#organization\"},\"potentialAction\":[{\"@type\":\"SearchAction\",\"target\":{\"@type\":\"EntryPoint\",\"urlTemplate\":\"https:\/\/whelkgoods.com\/fr\/?s={search_term_string}\"},\"query-input\":{\"@type\":\"PropertyValueSpecification\",\"valueRequired\":true,\"valueName\":\"search_term_string\"}}],\"inLanguage\":\"fr-FR\"},{\"@type\":\"Organization\",\"@id\":\"https:\/\/whelkgoods.com\/fr\/#organization\",\"name\":\"Whelk | Marque qu\u00e9b\u00e9coise\",\"url\":\"https:\/\/whelkgoods.com\/fr\/\",\"logo\":{\"@type\":\"ImageObject\",\"inLanguage\":\"fr-FR\",\"@id\":\"https:\/\/whelkgoods.com\/fr\/#\/schema\/logo\/image\/\",\"url\":\"https:\/\/whelkgoods.com\/wp-content\/uploads\/2023\/08\/Whelk-Goods-Logo.png\",\"contentUrl\":\"https:\/\/whelkgoods.com\/wp-content\/uploads\/2023\/08\/Whelk-Goods-Logo.png\",\"width\":750,\"height\":253,\"caption\":\"Whelk | Marque qu\u00e9b\u00e9coise\"},\"image\":{\"@id\":\"https:\/\/whelkgoods.com\/fr\/#\/schema\/logo\/image\/\"}}]}<\/script>\n<!-- \/ Yoast SEO plugin. -->","yoast_head_json":{"title":"Distributeurs de produits promotionnels - Whelk | Marque qu\u00e9b\u00e9coise","description":"Vous souhaitez distribuer nos casquettes et tuques \u00e9coresponsables ? N'h\u00e9sitez pas \u00e0 nous contacter pour explorer un partenariat.","robots":{"index":"index","follow":"follow","max-snippet":"max-snippet:-1","max-image-preview":"max-image-preview:large","max-video-preview":"max-video-preview:-1"},"canonical":"https:\/\/whelkgoods.com\/fr\/distributeurs\/","og_locale":"fr_FR","og_type":"article","og_title":"Distributeurs de produits promotionnels - Whelk | Marque qu\u00e9b\u00e9coise","og_description":"Vous souhaitez distribuer nos casquettes et tuques \u00e9coresponsables ? N'h\u00e9sitez pas \u00e0 nous contacter pour explorer un partenariat.","og_url":"https:\/\/whelkgoods.com\/fr\/distributeurs\/","og_site_name":"Whelk | Marque qu\u00e9b\u00e9coise","article_modified_time":"2025-05-14T21:00:52+00:00","twitter_card":"summary_large_image","twitter_misc":{"Dur\u00e9e de lecture estim\u00e9e":"1 minute"},"schema":{"@context":"https:\/\/schema.org","@graph":[{"@type":"WebPage","@id":"https:\/\/whelkgoods.com\/fr\/distributeurs\/","url":"https:\/\/whelkgoods.com\/fr\/distributeurs\/","name":"Distributeurs de produits promotionnels - Whelk | Marque qu\u00e9b\u00e9coise","isPartOf":{"@id":"https:\/\/whelkgoods.com\/fr\/#website"},"datePublished":"2024-05-22T13:55:42+00:00","dateModified":"2025-05-14T21:00:52+00:00","description":"Vous souhaitez distribuer nos casquettes et tuques \u00e9coresponsables ? N'h\u00e9sitez pas \u00e0 nous contacter pour explorer un partenariat.","breadcrumb":{"@id":"https:\/\/whelkgoods.com\/fr\/distributeurs\/#breadcrumb"},"inLanguage":"fr-FR","potentialAction":[{"@type":"ReadAction","target":["https:\/\/whelkgoods.com\/fr\/distributeurs\/"]}]},{"@type":"BreadcrumbList","@id":"https:\/\/whelkgoods.com\/fr\/distributeurs\/#breadcrumb","itemListElement":[{"@type":"ListItem","position":1,"name":"Home","item":"https:\/\/whelkgoods.com\/fr\/accueil\/"},{"@type":"ListItem","position":2,"name":"Distributeurs de produits promotionnels"}]},{"@type":"WebSite","@id":"https:\/\/whelkgoods.com\/fr\/#website","url":"https:\/\/whelkgoods.com\/fr\/","name":"Whelk | Marque qu\u00e9b\u00e9coise","description":"Casquettes et tuques \u00e9coresponsables","publisher":{"@id":"https:\/\/whelkgoods.com\/fr\/#organization"},"potentialAction":[{"@type":"SearchAction","target":{"@type":"EntryPoint","urlTemplate":"https:\/\/whelkgoods.com\/fr\/?s={search_term_string}"},"query-input":{"@type":"PropertyValueSpecification","valueRequired":true,"valueName":"search_term_string"}}],"inLanguage":"fr-FR"},{"@type":"Organization","@id":"https:\/\/whelkgoods.com\/fr\/#organization","name":"Whelk | Marque qu\u00e9b\u00e9coise","url":"https:\/\/whelkgoods.com\/fr\/","logo":{"@type":"ImageObject","inLanguage":"fr-FR","@id":"https:\/\/whelkgoods.com\/fr\/#\/schema\/logo\/image\/","url":"https:\/\/whelkgoods.com\/wp-content\/uploads\/2023\/08\/Whelk-Goods-Logo.png","contentUrl":"https:\/\/whelkgoods.com\/wp-content\/uploads\/2023\/08\/Whelk-Goods-Logo.png","width":750,"height":253,"caption":"Whelk | Marque qu\u00e9b\u00e9coise"},"image":{"@id":"https:\/\/whelkgoods.com\/fr\/#\/schema\/logo\/image\/"}}]}},"_links":{"self":[{"href":"https:\/\/whelkgoods.com\/fr\/wp-json\/wp\/v2\/pages\/16097"}],"collection":[{"href":"https:\/\/whelkgoods.com\/fr\/wp-json\/wp\/v2\/pages"}],"about":[{"href":"https:\/\/whelkgoods.com\/fr\/wp-json\/wp\/v2\/types\/page"}],"author":[{"embeddable":true,"href":"https:\/\/whelkgoods.com\/fr\/wp-json\/wp\/v2\/users\/12"}],"replies":[{"embeddable":true,"href":"https:\/\/whelkgoods.com\/fr\/wp-json\/wp\/v2\/comments?post=16097"}],"version-history":[{"count":17,"href":"https:\/\/whelkgoods.com\/fr\/wp-json\/wp\/v2\/pages\/16097\/revisions"}],"predecessor-version":[{"id":17515,"href":"https:\/\/whelkgoods.com\/fr\/wp-json\/wp\/v2\/pages\/16097\/revisions\/17515"}],"wp:attachment":[{"href":"https:\/\/whelkgoods.com\/fr\/wp-json\/wp\/v2\/media?parent=16097"}],"curies":[{"name":"wp","href":"https:\/\/api.w.org\/{rel}","templated":true}]}}