{"id":7145,"date":"2020-02-29T18:07:36","date_gmt":"2020-02-29T23:07:36","guid":{"rendered":"https:\/\/www.whelkgoods.com\/?page_id=7145"},"modified":"2025-11-30T21:16:36","modified_gmt":"2025-12-01T02:16:36","slug":"livraison","status":"publish","type":"page","link":"https:\/\/whelkgoods.com\/fr\/livraison\/","title":{"rendered":"Livraison"},"content":{"rendered":"\t\t<div data-elementor-type=\"wp-page\" data-elementor-id=\"7145\" class=\"elementor elementor-7145 elementor-7134\" data-elementor-post-type=\"page\">\n\t\t\t\t\t\t<section class=\"elementor-section elementor-top-section elementor-element elementor-element-2880a98 elementor-section-boxed elementor-section-height-default elementor-section-height-default\" data-id=\"2880a98\" data-element_type=\"section\">\n\t\t\t\t\t\t<div class=\"elementor-container elementor-column-gap-default\">\n\t\t\t\t\t<div class=\"elementor-column elementor-col-100 elementor-top-column elementor-element elementor-element-cdb5cf3\" data-id=\"cdb5cf3\" data-element_type=\"column\">\n\t\t\t<div class=\"elementor-widget-wrap elementor-element-populated\">\n\t\t\t\t\t\t<div class=\"elementor-element elementor-element-68106e6 elementor-widget elementor-widget-heading\" data-id=\"68106e6\" data-element_type=\"widget\" data-widget_type=\"heading.default\">\n\t\t\t\t<div class=\"elementor-widget-container\">\n\t\t\t<h2 class=\"elementor-heading-title elementor-size-default\">Sp\u00e9cifications concernant la livraison<\/h2>\t\t<\/div>\n\t\t\t\t<\/div>\n\t\t\t\t<div class=\"elementor-element elementor-element-cc4a81b elementor-widget elementor-widget-text-editor\" data-id=\"cc4a81b\" data-element_type=\"widget\" data-widget_type=\"text-editor.default\">\n\t\t\t\t<div class=\"elementor-widget-container\">\n\t\t\t\t\t\t\t<p style=\"text-align: center;\">Veuillez noter que l&rsquo;ex\u00e9cution de la commande peut prendre jusqu&rsquo;\u00e0 3 jours ouvrables. Les commandes sont ex\u00e9cut\u00e9es du lundi au vendredi et sont exp\u00e9di\u00e9es de Sherbrooke, Canada.<\/p>\t\t\t\t\t\t<\/div>\n\t\t\t\t<\/div>\n\t\t\t\t<div class=\"elementor-element elementor-element-df88e4f elementor-tabs-view-horizontal elementor-widget elementor-widget-tabs\" data-id=\"df88e4f\" data-element_type=\"widget\" data-widget_type=\"tabs.default\">\n\t\t\t\t<div class=\"elementor-widget-container\">\n\t\t\t\t\t<div class=\"elementor-tabs\">\n\t\t\t<div class=\"elementor-tabs-wrapper\" role=\"tablist\" >\n\t\t\t\t\t\t\t\t\t<div id=\"elementor-tab-title-2341\" class=\"elementor-tab-title elementor-tab-desktop-title\" aria-selected=\"true\" data-tab=\"1\" role=\"tab\" tabindex=\"0\" aria-controls=\"elementor-tab-content-2341\" aria-expanded=\"false\">Canada<\/div>\n\t\t\t\t\t\t\t\t\t<div id=\"elementor-tab-title-2342\" class=\"elementor-tab-title elementor-tab-desktop-title\" aria-selected=\"false\" data-tab=\"2\" role=\"tab\" tabindex=\"-1\" aria-controls=\"elementor-tab-content-2342\" aria-expanded=\"false\">Etats-Unis<\/div>\n\t\t\t\t\t\t\t\t\t<div id=\"elementor-tab-title-2343\" class=\"elementor-tab-title elementor-tab-desktop-title\" aria-selected=\"false\" data-tab=\"3\" role=\"tab\" tabindex=\"-1\" aria-controls=\"elementor-tab-content-2343\" aria-expanded=\"false\">International<\/div>\n\t\t\t\t\t\t\t<\/div>\n\t\t\t<div class=\"elementor-tabs-content-wrapper\" role=\"tablist\" aria-orientation=\"vertical\">\n\t\t\t\t\t\t\t\t\t<div class=\"elementor-tab-title elementor-tab-mobile-title\" aria-selected=\"true\" data-tab=\"1\" role=\"tab\" tabindex=\"0\" aria-controls=\"elementor-tab-content-2341\" aria-expanded=\"false\">Canada<\/div>\n\t\t\t\t\t<div id=\"elementor-tab-content-2341\" class=\"elementor-tab-content elementor-clearfix\" data-tab=\"1\" role=\"tabpanel\" aria-labelledby=\"elementor-tab-title-2341\" tabindex=\"0\" hidden=\"false\"><table style=\"width: 100%;\"><tbody><tr><th style=\"text-align: center;\"><b>M\u00e9thode de livraison<\/b><\/th><th style=\"text-align: center;\"><span style=\"color: #000000;\"><strong>Transporteur<\/strong><\/span><\/th><th style=\"text-align: center;\"><span style=\"color: #000000;\"><strong>Num\u00e9ro de suivi<\/strong><\/span><\/th><th style=\"text-align: center;\"><span style=\"color: #000000;\"><strong>Temps estim\u00e9<\/strong><\/span><\/th><th style=\"text-align: center;\"><span style=\"color: #000000;\"><strong>Co\u00fbt (CAD)<\/strong><\/span><\/th><\/tr><tr><td style=\"text-align: center;\"><span style=\"color: #000000;\">Standard<\/span><\/td><td style=\"text-align: center;\"><span style=\"color: #000000;\">Purolator ou GLS<\/span><\/td><td style=\"text-align: center;\"><span style=\"color: #000000;\">Inclus<\/span><\/td><td style=\"text-align: center;\"><p><span style=\"color: #000000;\"><span style=\"color: #000000;\">ON &amp; QC:<br \/>3 \u00e0 5 jours ouvrables<\/span><\/span><\/p><p>Reste du Canada:<br \/>5 \u00e0 10 jours ouvrables<\/p><\/td><td style=\"text-align: center;\"><p><span style=\"color: #000000;\">3.99$<\/span><\/p><p>(Livraison gratuite pour les commandes de plus de 60$)<\/p><\/td><\/tr><tr><td style=\"text-align: center;\"><span style=\"color: #000000;\">Express<\/span><\/td><td style=\"text-align: center;\"><span style=\"color: #000000;\">Purolator ou GLS<\/span><\/td><td style=\"text-align: center;\">Inclus<\/td><td style=\"text-align: center;\"><p>ON &amp; QC:<span style=\"color: #000000;\"><span style=\"color: #000000;\"><br \/>1 \u00e0 3 jours ouvrables<\/span><\/span><\/p><p>Reste du Canada:<br \/>1 \u00e0 5 jours ouvrables<span style=\"color: #000000;\"><br \/><\/span><\/p><\/td><td style=\"text-align: center;\"><p><span style=\"color: #000000;\">7.99$<\/span><\/p><p>14.99$<\/p><\/td><\/tr><\/tbody><\/table><\/div>\n\t\t\t\t\t\t\t\t\t<div class=\"elementor-tab-title elementor-tab-mobile-title\" aria-selected=\"false\" data-tab=\"2\" role=\"tab\" tabindex=\"-1\" aria-controls=\"elementor-tab-content-2342\" aria-expanded=\"false\">Etats-Unis<\/div>\n\t\t\t\t\t<div id=\"elementor-tab-content-2342\" class=\"elementor-tab-content elementor-clearfix\" data-tab=\"2\" role=\"tabpanel\" aria-labelledby=\"elementor-tab-title-2342\" tabindex=\"0\" hidden=\"hidden\"><table style=\"width: 100%;\"><tbody><tr><th style=\"text-align: center;\"><b>M\u00e9thode de livraison<\/b><\/th><th style=\"text-align: center;\"><b>Transporteur<\/b><\/th><th style=\"text-align: center;\"><b>Num\u00e9ro de suivi<\/b><\/th><th style=\"text-align: center;\"><b>Temps estim\u00e9<\/b><\/th><th style=\"text-align: center;\"><span style=\"font-weight: bold;\">Co\u00fbt (CAD)<\/span><\/th><\/tr><tr><td style=\"text-align: center;\"><span style=\"color: #000000;\">Standard<\/span><\/td><td style=\"text-align: center;\"><span style=\"color: #000000;\">Poste Canada<\/span><\/td><td style=\"text-align: center;\"><span style=\"color: #000000;\">Non-inclus<\/span><\/td><td style=\"text-align: center;\"><span style=\"color: #000000;\">7 \u00e0 14 jours ouvrables<\/span><\/td><td style=\"text-align: center;\"><p><span style=\"color: #000000;\">7.30$<\/span><\/p><p><span style=\"color: #000000;\">(Livraison gratuite pour les commandes de plus de 50$)<\/span><\/p><\/td><\/tr><tr><td style=\"text-align: center;\"><span style=\"color: #000000;\">Express<\/span><\/td><td style=\"text-align: center;\"><span style=\"color: #000000;\">Purolator<\/span><\/td><td style=\"text-align: center;\"><span style=\"color: #000000;\">Inclus<\/span><\/td><td style=\"text-align: center;\"><span style=\"color: #000000;\">3 \u00e0 7 jours ouvrables<\/span><\/td><td style=\"text-align: center;\"><span style=\"color: #000000;\">17.50$<br \/><\/span><\/td><\/tr><\/tbody><\/table><\/div>\n\t\t\t\t\t\t\t\t\t<div class=\"elementor-tab-title elementor-tab-mobile-title\" aria-selected=\"false\" data-tab=\"3\" role=\"tab\" tabindex=\"-1\" aria-controls=\"elementor-tab-content-2343\" aria-expanded=\"false\">International<\/div>\n\t\t\t\t\t<div id=\"elementor-tab-content-2343\" class=\"elementor-tab-content elementor-clearfix\" data-tab=\"3\" role=\"tabpanel\" aria-labelledby=\"elementor-tab-title-2343\" tabindex=\"0\" hidden=\"hidden\"><table style=\"width: 100%;\">\n<tbody>\n<tr>\n<th style=\"text-align: center;\"><b>M\u00e9thode de livraison<\/b><\/th>\n<th style=\"text-align: center;\"><span style=\"color: #000000;\"><strong>Transporteur<\/strong><\/span><\/th>\n<th style=\"text-align: center;\"><span style=\"color: #000000;\"><strong>Num\u00e9ro de suivi<\/strong><\/span><\/th>\n<th style=\"text-align: center;\"><span style=\"color: #000000;\"><strong>Temps estim\u00e9<\/strong><\/span><\/th>\n<th style=\"text-align: center;\"><span style=\"font-weight: bold;\">Co\u00fbt (CAD)<\/span><\/th>\n<\/tr>\n<tr>\n<td style=\"text-align: center;\"><span style=\"color: #000000;\">Standard<\/span><\/td>\n<td style=\"text-align: center;\"><span style=\"color: #000000;\">Poste Canada<\/span><\/td>\n<td style=\"text-align: center;\">Non-inclus<\/td>\n<td style=\"text-align: center;\"><span style=\"color: #000000;\">7 \u00e0 21 jours ouvrables<\/span><\/td>\n<td style=\"text-align: center;\"><span style=\"color: #000000;\">19.99$<\/span><\/td>\n<\/tr>\n<\/tbody>\n<\/table><\/div>\n\t\t\t\t\t\t\t<\/div>\n\t\t<\/div>\n\t\t\t\t<\/div>\n\t\t\t\t<\/div>\n\t\t\t\t<div class=\"elementor-element elementor-element-212082d elementor-widget-divider--view-line elementor-widget elementor-widget-divider\" data-id=\"212082d\" data-element_type=\"widget\" data-widget_type=\"divider.default\">\n\t\t\t\t<div class=\"elementor-widget-container\">\n\t\t\t\t\t<div class=\"elementor-divider\">\n\t\t\t<span class=\"elementor-divider-separator\">\n\t\t\t\t\t\t<\/span>\n\t\t<\/div>\n\t\t\t\t<\/div>\n\t\t\t\t<\/div>\n\t\t\t\t<div class=\"elementor-element elementor-element-104c69c elementor-widget elementor-widget-heading\" data-id=\"104c69c\" data-element_type=\"widget\" data-widget_type=\"heading.default\">\n\t\t\t\t<div class=\"elementor-widget-container\">\n\t\t\t<h2 class=\"elementor-heading-title elementor-size-default\">Retours et \u00e9changes<\/h2>\t\t<\/div>\n\t\t\t\t<\/div>\n\t\t\t\t<div class=\"elementor-element elementor-element-5896f8b elementor-widget elementor-widget-text-editor\" data-id=\"5896f8b\" data-element_type=\"widget\" data-widget_type=\"text-editor.default\">\n\t\t\t\t<div class=\"elementor-widget-container\">\n\t\t\t\t\t\t\tVotre commande n&rsquo;est pas tout \u00e0 fait \u00e0 la hauteur ? On comprend, parfois les choses ne se passent pas comme pr\u00e9vu. Vous avez deux options : vous faire rembourser ou \u00e9changer votre article contre un autre qui vous pla\u00eet. Voici comment cela fonctionne :\n<ul>\n \t<li>Les produits doivent \u00eatre en parfait \u00e9tat. V\u00e9rifiez donc qu&rsquo;ils ne sont pas endommag\u00e9s et qu&rsquo;ils sont dans un \u00e9tat neuf.<\/li>\n \t<li>Vous disposez d&rsquo;un d\u00e9lai de 30 jours \u00e0 compter de la date d&rsquo;achat pour effectuer votre retour ou votre \u00e9change.<\/li>\n \t<li>Alors qu\u2019en moyenne les frais de transport s&rsquo;\u00e9l\u00e8vent \u00e0 plus de 10$, on vous offre une \u00e9tiquette de retour imprimable de 5$, qui seront d\u00e9duits de votre remboursement\/\u00e9change.<\/li>\n<\/ul>\n<span style=\"text-decoration: underline;\"><a href=\"https:\/\/whelkgoods.com\/fr\/nous-joindre\/\">Commencer le retour\/\u00e9change<\/a><\/span>\t\t\t\t\t\t<\/div>\n\t\t\t\t<\/div>\n\t\t\t\t\t<\/div>\n\t\t<\/div>\n\t\t\t\t\t<\/div>\n\t\t<\/section>\n\t\t\t\t<\/div>\n\t\t","protected":false},"excerpt":{"rendered":"<p>Sp\u00e9cifications concernant la livraison Veuillez noter que l&rsquo;ex\u00e9cution de la commande peut prendre jusqu&rsquo;\u00e0 3 jours ouvrables. Les commandes sont ex\u00e9cut\u00e9es du lundi au vendredi et sont exp\u00e9di\u00e9es de Sherbrooke, Canada. Canada Etats-Unis International Canada M\u00e9thode de livraison Transporteur Num\u00e9ro de suivi Temps estim\u00e9 Co\u00fbt (CAD) Standard Purolator ou GLS Inclus ON &amp; QC:3 \u00e0 5 jours ouvrables Reste du Canada:5 \u00e0 10 jours ouvrables 3.99$ (Livraison gratuite pour les commandes de plus de 60$) Express Purolator ou GLS Inclus ON &amp; QC:1 \u00e0 3 jours ouvrables Reste du Canada:1 \u00e0 5 jours ouvrables 7.99$ 14.99$ Etats-Unis M\u00e9thode de livraison&#8230;<\/p>\n","protected":false},"author":12,"featured_media":0,"parent":0,"menu_order":0,"comment_status":"closed","ping_status":"closed","template":"","meta":{"footnotes":""},"class_list":["post-7145","page","type-page","status-publish","hentry"],"yoast_head":"<!-- This site is optimized with the Yoast SEO plugin v23.5 - https:\/\/yoast.com\/wordpress\/plugins\/seo\/ -->\n<title>Livraison - Whelk | Marque qu\u00e9b\u00e9coise<\/title>\n<meta name=\"robots\" content=\"index, follow, max-snippet:-1, max-image-preview:large, max-video-preview:-1\" \/>\n<link rel=\"canonical\" href=\"https:\/\/whelkgoods.com\/fr\/livraison\/\" \/>\n<meta property=\"og:locale\" content=\"fr_FR\" \/>\n<meta property=\"og:type\" content=\"article\" \/>\n<meta property=\"og:title\" content=\"Livraison - Whelk | Marque qu\u00e9b\u00e9coise\" \/>\n<meta property=\"og:description\" content=\"Sp\u00e9cifications concernant la livraison Veuillez noter que l&rsquo;ex\u00e9cution de la commande peut prendre jusqu&rsquo;\u00e0 3 jours ouvrables. Les commandes sont ex\u00e9cut\u00e9es du lundi au vendredi et sont exp\u00e9di\u00e9es de Sherbrooke, Canada. Canada Etats-Unis International Canada M\u00e9thode de livraison Transporteur Num\u00e9ro de suivi Temps estim\u00e9 Co\u00fbt (CAD) Standard Purolator ou GLS Inclus ON &amp; QC:3 \u00e0 5 jours ouvrables Reste du Canada:5 \u00e0 10 jours ouvrables 3.99$ (Livraison gratuite pour les commandes de plus de 60$) Express Purolator ou GLS Inclus ON &amp; QC:1 \u00e0 3 jours ouvrables Reste du Canada:1 \u00e0 5 jours ouvrables 7.99$ 14.99$ Etats-Unis M\u00e9thode de livraison...\" \/>\n<meta property=\"og:url\" content=\"https:\/\/whelkgoods.com\/fr\/livraison\/\" \/>\n<meta property=\"og:site_name\" content=\"Whelk | Marque qu\u00e9b\u00e9coise\" \/>\n<meta property=\"article:modified_time\" content=\"2025-12-01T02:16:36+00:00\" \/>\n<meta name=\"twitter:card\" content=\"summary_large_image\" \/>\n<meta name=\"twitter:label1\" content=\"Dur\u00e9e de lecture estim\u00e9e\" \/>\n\t<meta name=\"twitter:data1\" content=\"2 minutes\" \/>\n<script type=\"application\/ld+json\" class=\"yoast-schema-graph\">{\"@context\":\"https:\/\/schema.org\",\"@graph\":[{\"@type\":\"WebPage\",\"@id\":\"https:\/\/whelkgoods.com\/fr\/livraison\/\",\"url\":\"https:\/\/whelkgoods.com\/fr\/livraison\/\",\"name\":\"Livraison - Whelk | Marque qu\u00e9b\u00e9coise\",\"isPartOf\":{\"@id\":\"https:\/\/whelkgoods.com\/fr\/#website\"},\"datePublished\":\"2020-02-29T23:07:36+00:00\",\"dateModified\":\"2025-12-01T02:16:36+00:00\",\"breadcrumb\":{\"@id\":\"https:\/\/whelkgoods.com\/fr\/livraison\/#breadcrumb\"},\"inLanguage\":\"fr-FR\",\"potentialAction\":[{\"@type\":\"ReadAction\",\"target\":[\"https:\/\/whelkgoods.com\/fr\/livraison\/\"]}]},{\"@type\":\"BreadcrumbList\",\"@id\":\"https:\/\/whelkgoods.com\/fr\/livraison\/#breadcrumb\",\"itemListElement\":[{\"@type\":\"ListItem\",\"position\":1,\"name\":\"Home\",\"item\":\"https:\/\/whelkgoods.com\/fr\/accueil\/\"},{\"@type\":\"ListItem\",\"position\":2,\"name\":\"Livraison\"}]},{\"@type\":\"WebSite\",\"@id\":\"https:\/\/whelkgoods.com\/fr\/#website\",\"url\":\"https:\/\/whelkgoods.com\/fr\/\",\"name\":\"Whelk | Marque qu\u00e9b\u00e9coise\",\"description\":\"Casquettes et tuques \u00e9coresponsables\",\"publisher\":{\"@id\":\"https:\/\/whelkgoods.com\/fr\/#organization\"},\"potentialAction\":[{\"@type\":\"SearchAction\",\"target\":{\"@type\":\"EntryPoint\",\"urlTemplate\":\"https:\/\/whelkgoods.com\/fr\/?s={search_term_string}\"},\"query-input\":{\"@type\":\"PropertyValueSpecification\",\"valueRequired\":true,\"valueName\":\"search_term_string\"}}],\"inLanguage\":\"fr-FR\"},{\"@type\":\"Organization\",\"@id\":\"https:\/\/whelkgoods.com\/fr\/#organization\",\"name\":\"Whelk | Marque qu\u00e9b\u00e9coise\",\"url\":\"https:\/\/whelkgoods.com\/fr\/\",\"logo\":{\"@type\":\"ImageObject\",\"inLanguage\":\"fr-FR\",\"@id\":\"https:\/\/whelkgoods.com\/fr\/#\/schema\/logo\/image\/\",\"url\":\"https:\/\/whelkgoods.com\/wp-content\/uploads\/2023\/08\/Whelk-Goods-Logo.png\",\"contentUrl\":\"https:\/\/whelkgoods.com\/wp-content\/uploads\/2023\/08\/Whelk-Goods-Logo.png\",\"width\":750,\"height\":253,\"caption\":\"Whelk | Marque qu\u00e9b\u00e9coise\"},\"image\":{\"@id\":\"https:\/\/whelkgoods.com\/fr\/#\/schema\/logo\/image\/\"}}]}<\/script>\n<!-- \/ Yoast SEO plugin. -->","yoast_head_json":{"title":"Livraison - Whelk | Marque qu\u00e9b\u00e9coise","robots":{"index":"index","follow":"follow","max-snippet":"max-snippet:-1","max-image-preview":"max-image-preview:large","max-video-preview":"max-video-preview:-1"},"canonical":"https:\/\/whelkgoods.com\/fr\/livraison\/","og_locale":"fr_FR","og_type":"article","og_title":"Livraison - Whelk | Marque qu\u00e9b\u00e9coise","og_description":"Sp\u00e9cifications concernant la livraison Veuillez noter que l&rsquo;ex\u00e9cution de la commande peut prendre jusqu&rsquo;\u00e0 3 jours ouvrables. Les commandes sont ex\u00e9cut\u00e9es du lundi au vendredi et sont exp\u00e9di\u00e9es de Sherbrooke, Canada. Canada Etats-Unis International Canada M\u00e9thode de livraison Transporteur Num\u00e9ro de suivi Temps estim\u00e9 Co\u00fbt (CAD) Standard Purolator ou GLS Inclus ON &amp; QC:3 \u00e0 5 jours ouvrables Reste du Canada:5 \u00e0 10 jours ouvrables 3.99$ (Livraison gratuite pour les commandes de plus de 60$) Express Purolator ou GLS Inclus ON &amp; QC:1 \u00e0 3 jours ouvrables Reste du Canada:1 \u00e0 5 jours ouvrables 7.99$ 14.99$ Etats-Unis M\u00e9thode de livraison...","og_url":"https:\/\/whelkgoods.com\/fr\/livraison\/","og_site_name":"Whelk | Marque qu\u00e9b\u00e9coise","article_modified_time":"2025-12-01T02:16:36+00:00","twitter_card":"summary_large_image","twitter_misc":{"Dur\u00e9e de lecture estim\u00e9e":"2 minutes"},"schema":{"@context":"https:\/\/schema.org","@graph":[{"@type":"WebPage","@id":"https:\/\/whelkgoods.com\/fr\/livraison\/","url":"https:\/\/whelkgoods.com\/fr\/livraison\/","name":"Livraison - Whelk | Marque qu\u00e9b\u00e9coise","isPartOf":{"@id":"https:\/\/whelkgoods.com\/fr\/#website"},"datePublished":"2020-02-29T23:07:36+00:00","dateModified":"2025-12-01T02:16:36+00:00","breadcrumb":{"@id":"https:\/\/whelkgoods.com\/fr\/livraison\/#breadcrumb"},"inLanguage":"fr-FR","potentialAction":[{"@type":"ReadAction","target":["https:\/\/whelkgoods.com\/fr\/livraison\/"]}]},{"@type":"BreadcrumbList","@id":"https:\/\/whelkgoods.com\/fr\/livraison\/#breadcrumb","itemListElement":[{"@type":"ListItem","position":1,"name":"Home","item":"https:\/\/whelkgoods.com\/fr\/accueil\/"},{"@type":"ListItem","position":2,"name":"Livraison"}]},{"@type":"WebSite","@id":"https:\/\/whelkgoods.com\/fr\/#website","url":"https:\/\/whelkgoods.com\/fr\/","name":"Whelk | Marque qu\u00e9b\u00e9coise","description":"Casquettes et tuques \u00e9coresponsables","publisher":{"@id":"https:\/\/whelkgoods.com\/fr\/#organization"},"potentialAction":[{"@type":"SearchAction","target":{"@type":"EntryPoint","urlTemplate":"https:\/\/whelkgoods.com\/fr\/?s={search_term_string}"},"query-input":{"@type":"PropertyValueSpecification","valueRequired":true,"valueName":"search_term_string"}}],"inLanguage":"fr-FR"},{"@type":"Organization","@id":"https:\/\/whelkgoods.com\/fr\/#organization","name":"Whelk | Marque qu\u00e9b\u00e9coise","url":"https:\/\/whelkgoods.com\/fr\/","logo":{"@type":"ImageObject","inLanguage":"fr-FR","@id":"https:\/\/whelkgoods.com\/fr\/#\/schema\/logo\/image\/","url":"https:\/\/whelkgoods.com\/wp-content\/uploads\/2023\/08\/Whelk-Goods-Logo.png","contentUrl":"https:\/\/whelkgoods.com\/wp-content\/uploads\/2023\/08\/Whelk-Goods-Logo.png","width":750,"height":253,"caption":"Whelk | Marque qu\u00e9b\u00e9coise"},"image":{"@id":"https:\/\/whelkgoods.com\/fr\/#\/schema\/logo\/image\/"}}]}},"_links":{"self":[{"href":"https:\/\/whelkgoods.com\/fr\/wp-json\/wp\/v2\/pages\/7145"}],"collection":[{"href":"https:\/\/whelkgoods.com\/fr\/wp-json\/wp\/v2\/pages"}],"about":[{"href":"https:\/\/whelkgoods.com\/fr\/wp-json\/wp\/v2\/types\/page"}],"author":[{"embeddable":true,"href":"https:\/\/whelkgoods.com\/fr\/wp-json\/wp\/v2\/users\/12"}],"replies":[{"embeddable":true,"href":"https:\/\/whelkgoods.com\/fr\/wp-json\/wp\/v2\/comments?post=7145"}],"version-history":[{"count":47,"href":"https:\/\/whelkgoods.com\/fr\/wp-json\/wp\/v2\/pages\/7145\/revisions"}],"predecessor-version":[{"id":17785,"href":"https:\/\/whelkgoods.com\/fr\/wp-json\/wp\/v2\/pages\/7145\/revisions\/17785"}],"wp:attachment":[{"href":"https:\/\/whelkgoods.com\/fr\/wp-json\/wp\/v2\/media?parent=7145"}],"curies":[{"name":"wp","href":"https:\/\/api.w.org\/{rel}","templated":true}]}}