{"id":7827,"date":"2020-05-24T14:55:13","date_gmt":"2020-05-24T18:55:13","guid":{"rendered":"https:\/\/www.whelkgoods.com\/size-chart-copy\/"},"modified":"2020-06-28T16:09:22","modified_gmt":"2020-06-28T20:09:22","slug":"tableaux-des-tailles","status":"publish","type":"page","link":"https:\/\/whelkgoods.com\/fr\/tableaux-des-tailles\/","title":{"rendered":"Tableaux des tailles"},"content":{"rendered":"\t\t<div data-elementor-type=\"wp-page\" data-elementor-id=\"7827\" class=\"elementor elementor-7827 elementor-7824\" data-elementor-post-type=\"page\">\n\t\t\t\t\t\t<section class=\"elementor-section elementor-top-section elementor-element elementor-element-ffdaf93 elementor-section-boxed elementor-section-height-default elementor-section-height-default\" data-id=\"ffdaf93\" data-element_type=\"section\">\n\t\t\t\t\t\t<div class=\"elementor-container elementor-column-gap-default\">\n\t\t\t\t\t<div class=\"elementor-column elementor-col-100 elementor-top-column elementor-element elementor-element-beb87df\" data-id=\"beb87df\" data-element_type=\"column\">\n\t\t\t<div class=\"elementor-widget-wrap elementor-element-populated\">\n\t\t\t\t\t\t<div class=\"elementor-element elementor-element-f5ba5b6 elementor-widget elementor-widget-heading\" data-id=\"f5ba5b6\" data-element_type=\"widget\" data-widget_type=\"heading.default\">\n\t\t\t\t<div class=\"elementor-widget-container\">\n\t\t\t<h1 class=\"elementor-heading-title elementor-size-default\">Tableaux des tailles<\/h1>\t\t<\/div>\n\t\t\t\t<\/div>\n\t\t\t\t<div class=\"elementor-element elementor-element-204d46d elementor-widget elementor-widget-heading\" data-id=\"204d46d\" data-element_type=\"widget\" data-widget_type=\"heading.default\">\n\t\t\t\t<div class=\"elementor-widget-container\">\n\t\t\t<h5 class=\"elementor-heading-title elementor-size-default\">Casquettes<\/h5>\t\t<\/div>\n\t\t\t\t<\/div>\n\t\t\t\t<div class=\"elementor-element elementor-element-ea2df67 elementor-widget elementor-widget-html\" data-id=\"ea2df67\" data-element_type=\"widget\" data-widget_type=\"html.default\">\n\t\t\t\t<div class=\"elementor-widget-container\">\n\t\t\t<table>\n<tbody>\n      <tr>\n     <td rowspan=\"3\"><strong>Circonf\u00e9rence de la t\u00eate<\/strong><\/td>\n    <td><strong>Pouces<\/strong><\/td>\n    <td>20 3\/4<\/td>\n    <td>21 1\/4<\/td>\n    <td>21 5\/8<\/td>\n    <td>22<\/td>\n    <td>22 3\/8<\/td>\n    <td>22 3\/4<\/td>\n    <td>23 1\/8<\/td>\n    <td>23 1\/2<\/td>\n    <td>23 7\/8<\/td>\n  <\/tr>\n  <tr>\n    <td><strong>CM<\/strong><\/td>\n    <td>53<\/td>\n    <td>54<\/td>\n    <td>55<\/td>\n    <td>56<\/td>\n    <td>57<\/td>\n    <td>58<\/td>\n    <td>59<\/td>\n    <td>60<\/td>\n    <td>61<\/td>\n  <\/tr>\n  <tr>\n    <td><strong>\u00c9.U.<\/strong><\/td>\n    <td>6 5\/8<\/td>\n    <td>6 3\/4<\/td>\n    <td>6 7\/8<\/td>\n    <td>7<\/td>\n    <td>7 1\/8<\/td>\n    <td>7 1\/4<\/td>\n    <td>7 3\/8<\/td>\n    <td>7 1\/2<\/td>\n    <td>7 5\/8<\/td>\n    <tr>\n    <td colspan=\"2\"><strong>Taille recommand\u00e9e<\/strong><\/td>\n    <td colspan=\"9\">Taille unique<\/td>\n  <\/tr>\n<\/tbody>\n<\/table>\t\t<\/div>\n\t\t\t\t<\/div>\n\t\t\t\t<div class=\"elementor-element elementor-element-647b362 elementor-widget elementor-widget-menu-anchor\" data-id=\"647b362\" data-element_type=\"widget\" data-widget_type=\"menu-anchor.default\">\n\t\t\t\t<div class=\"elementor-widget-container\">\n\t\t\t\t\t<div class=\"elementor-menu-anchor\" id=\"panel\"><\/div>\n\t\t\t\t<\/div>\n\t\t\t\t<\/div>\n\t\t\t\t<div class=\"elementor-element elementor-element-a631583 elementor-widget elementor-widget-heading\" data-id=\"a631583\" data-element_type=\"widget\" data-widget_type=\"heading.default\">\n\t\t\t\t<div class=\"elementor-widget-container\">\n\t\t\t<h5 class=\"elementor-heading-title elementor-size-default\">5-Panel<\/h5>\t\t<\/div>\n\t\t\t\t<\/div>\n\t\t\t\t<div class=\"elementor-element elementor-element-20944f4 elementor-widget elementor-widget-html\" data-id=\"20944f4\" data-element_type=\"widget\" data-widget_type=\"html.default\">\n\t\t\t\t<div class=\"elementor-widget-container\">\n\t\t\t<table>\n<tbody>\n      <tr>\n     <td rowspan=\"3\"><strong>Circonf\u00e9rence de la t\u00eate<\/strong><\/td>\n    <td><strong>Pouces<\/strong><\/td>\n    <td>20 3\/4<\/td>\n    <td>21 1\/4<\/td>\n    <td>21 5\/8<\/td>\n    <td>22<\/td>\n    <td>22 3\/8<\/td>\n    <td>22 3\/4<\/td>\n    <td>23 1\/8<\/td>\n    <td>23 1\/2<\/td>\n    <td>23 7\/8<\/td>\n  <\/tr>\n  <tr>\n    <td><strong>CM<\/strong><\/td>\n    <td>53<\/td>\n    <td>54<\/td>\n    <td>55<\/td>\n    <td>56<\/td>\n    <td>57<\/td>\n    <td>58<\/td>\n    <td>59<\/td>\n    <td>60<\/td>\n    <td>61<\/td>\n  <\/tr>\n  <tr>\n    <td><strong>\u00c9.U.<\/strong><\/td>\n    <td>6 5\/8<\/td>\n    <td>6 3\/4<\/td>\n    <td>6 7\/8<\/td>\n    <td>7<\/td>\n    <td>7 1\/8<\/td>\n    <td>7 1\/4<\/td>\n    <td>7 3\/8<\/td>\n    <td>7 1\/2<\/td>\n    <td>7 5\/8<\/td>\n    <tr>\n    <td colspan=\"2\"><strong>Taille recommand\u00e9e<\/strong><\/td>\n    <td colspan=\"9\">Taille unique<\/td>\n  <\/tr>\n<\/tbody>\n<\/table>\t\t<\/div>\n\t\t\t\t<\/div>\n\t\t\t\t<div class=\"elementor-element elementor-element-962a774 elementor-widget elementor-widget-menu-anchor\" data-id=\"962a774\" data-element_type=\"widget\" data-widget_type=\"menu-anchor.default\">\n\t\t\t\t<div class=\"elementor-widget-container\">\n\t\t\t\t\t<div class=\"elementor-menu-anchor\" id=\"bob\"><\/div>\n\t\t\t\t<\/div>\n\t\t\t\t<\/div>\n\t\t\t\t<div class=\"elementor-element elementor-element-2a98dd0 elementor-widget elementor-widget-heading\" data-id=\"2a98dd0\" data-element_type=\"widget\" data-widget_type=\"heading.default\">\n\t\t\t\t<div class=\"elementor-widget-container\">\n\t\t\t<h5 class=\"elementor-heading-title elementor-size-default\">Chapeau Bob<\/h5>\t\t<\/div>\n\t\t\t\t<\/div>\n\t\t\t\t<div class=\"elementor-element elementor-element-8ed8a68 elementor-widget elementor-widget-html\" data-id=\"8ed8a68\" data-element_type=\"widget\" data-widget_type=\"html.default\">\n\t\t\t\t<div class=\"elementor-widget-container\">\n\t\t\t<table>\n<tbody>\n      <tr>\n     <td><strong>Circonf\u00e9rence de la t\u00eate (pouces)<\/strong><\/td>\n    <td>22 7\/8<\/td>\n    <td>23 5\/8<\/td>\n  <\/tr>\n    <tr>\n    <td><strong>Taille recommand\u00e9e<\/strong><\/td>\n    <td>P\/M<\/td>\n     <td>L\/XL<\/td>\n  <\/tr>\n<\/tbody>\n<\/table>\t\t<\/div>\n\t\t\t\t<\/div>\n\t\t\t\t<div class=\"elementor-element elementor-element-5e7bb2e elementor-widget elementor-widget-spacer\" data-id=\"5e7bb2e\" data-element_type=\"widget\" data-widget_type=\"spacer.default\">\n\t\t\t\t<div class=\"elementor-widget-container\">\n\t\t\t\t\t<div class=\"elementor-spacer\">\n\t\t\t<div class=\"elementor-spacer-inner\"><\/div>\n\t\t<\/div>\n\t\t\t\t<\/div>\n\t\t\t\t<\/div>\n\t\t\t\t\t<\/div>\n\t\t<\/div>\n\t\t\t\t\t<\/div>\n\t\t<\/section>\n\t\t\t\t<\/div>\n\t\t","protected":false},"excerpt":{"rendered":"<p>Tableaux des tailles Casquettes Circonf\u00e9rence de la t\u00eate Pouces 20 3\/4 21 1\/4 21 5\/8 22 22 3\/8 22 3\/4 23 1\/8 23 1\/2 23 7\/8 CM 53 54 55 56 57 58 59 60 61 \u00c9.U. 6 5\/8 6 3\/4 6 7\/8 7 7 1\/8 7 1\/4 7 3\/8 7 1\/2 7 5\/8 Taille recommand\u00e9e Taille unique 5-Panel Circonf\u00e9rence de la t\u00eate Pouces 20 3\/4 21 1\/4 21 5\/8 22 22 3\/8 22 3\/4 23 1\/8 23 1\/2 23 7\/8 CM 53 54 55 56 57 58 59 60 61 \u00c9.U. 6 5\/8 6 3\/4 6 7\/8 7 7&#8230;<\/p>\n","protected":false},"author":12,"featured_media":0,"parent":0,"menu_order":0,"comment_status":"closed","ping_status":"closed","template":"","meta":{"footnotes":""},"class_list":["post-7827","page","type-page","status-publish","hentry"],"yoast_head":"<!-- This site is optimized with the Yoast SEO plugin v23.5 - https:\/\/yoast.com\/wordpress\/plugins\/seo\/ -->\n<title>Tableaux des tailles - Whelk | Marque qu\u00e9b\u00e9coise<\/title>\n<meta name=\"robots\" content=\"index, follow, max-snippet:-1, max-image-preview:large, max-video-preview:-1\" \/>\n<link rel=\"canonical\" href=\"https:\/\/whelkgoods.com\/fr\/tableaux-des-tailles\/\" \/>\n<meta property=\"og:locale\" content=\"fr_FR\" \/>\n<meta property=\"og:type\" content=\"article\" \/>\n<meta property=\"og:title\" content=\"Tableaux des tailles - Whelk | Marque qu\u00e9b\u00e9coise\" \/>\n<meta property=\"og:description\" content=\"Tableaux des tailles Casquettes Circonf\u00e9rence de la t\u00eate Pouces 20 3\/4 21 1\/4 21 5\/8 22 22 3\/8 22 3\/4 23 1\/8 23 1\/2 23 7\/8 CM 53 54 55 56 57 58 59 60 61 \u00c9.U. 6 5\/8 6 3\/4 6 7\/8 7 7 1\/8 7 1\/4 7 3\/8 7 1\/2 7 5\/8 Taille recommand\u00e9e Taille unique 5-Panel Circonf\u00e9rence de la t\u00eate Pouces 20 3\/4 21 1\/4 21 5\/8 22 22 3\/8 22 3\/4 23 1\/8 23 1\/2 23 7\/8 CM 53 54 55 56 57 58 59 60 61 \u00c9.U. 6 5\/8 6 3\/4 6 7\/8 7 7...\" \/>\n<meta property=\"og:url\" content=\"https:\/\/whelkgoods.com\/fr\/tableaux-des-tailles\/\" \/>\n<meta property=\"og:site_name\" content=\"Whelk | Marque qu\u00e9b\u00e9coise\" \/>\n<meta property=\"article:modified_time\" content=\"2020-06-28T20:09:22+00:00\" \/>\n<meta name=\"twitter:card\" content=\"summary_large_image\" \/>\n<script type=\"application\/ld+json\" class=\"yoast-schema-graph\">{\"@context\":\"https:\/\/schema.org\",\"@graph\":[{\"@type\":\"WebPage\",\"@id\":\"https:\/\/whelkgoods.com\/fr\/tableaux-des-tailles\/\",\"url\":\"https:\/\/whelkgoods.com\/fr\/tableaux-des-tailles\/\",\"name\":\"Tableaux des tailles - Whelk | Marque qu\u00e9b\u00e9coise\",\"isPartOf\":{\"@id\":\"https:\/\/whelkgoods.com\/fr\/#website\"},\"datePublished\":\"2020-05-24T18:55:13+00:00\",\"dateModified\":\"2020-06-28T20:09:22+00:00\",\"breadcrumb\":{\"@id\":\"https:\/\/whelkgoods.com\/fr\/tableaux-des-tailles\/#breadcrumb\"},\"inLanguage\":\"fr-FR\",\"potentialAction\":[{\"@type\":\"ReadAction\",\"target\":[\"https:\/\/whelkgoods.com\/fr\/tableaux-des-tailles\/\"]}]},{\"@type\":\"BreadcrumbList\",\"@id\":\"https:\/\/whelkgoods.com\/fr\/tableaux-des-tailles\/#breadcrumb\",\"itemListElement\":[{\"@type\":\"ListItem\",\"position\":1,\"name\":\"Home\",\"item\":\"https:\/\/whelkgoods.com\/fr\/accueil\/\"},{\"@type\":\"ListItem\",\"position\":2,\"name\":\"Tableaux des tailles\"}]},{\"@type\":\"WebSite\",\"@id\":\"https:\/\/whelkgoods.com\/fr\/#website\",\"url\":\"https:\/\/whelkgoods.com\/fr\/\",\"name\":\"Whelk | Marque qu\u00e9b\u00e9coise\",\"description\":\"Casquettes et tuques \u00e9coresponsables\",\"publisher\":{\"@id\":\"https:\/\/whelkgoods.com\/fr\/#organization\"},\"potentialAction\":[{\"@type\":\"SearchAction\",\"target\":{\"@type\":\"EntryPoint\",\"urlTemplate\":\"https:\/\/whelkgoods.com\/fr\/?s={search_term_string}\"},\"query-input\":{\"@type\":\"PropertyValueSpecification\",\"valueRequired\":true,\"valueName\":\"search_term_string\"}}],\"inLanguage\":\"fr-FR\"},{\"@type\":\"Organization\",\"@id\":\"https:\/\/whelkgoods.com\/fr\/#organization\",\"name\":\"Whelk | Marque qu\u00e9b\u00e9coise\",\"url\":\"https:\/\/whelkgoods.com\/fr\/\",\"logo\":{\"@type\":\"ImageObject\",\"inLanguage\":\"fr-FR\",\"@id\":\"https:\/\/whelkgoods.com\/fr\/#\/schema\/logo\/image\/\",\"url\":\"https:\/\/whelkgoods.com\/wp-content\/uploads\/2023\/08\/Whelk-Goods-Logo.png\",\"contentUrl\":\"https:\/\/whelkgoods.com\/wp-content\/uploads\/2023\/08\/Whelk-Goods-Logo.png\",\"width\":750,\"height\":253,\"caption\":\"Whelk | Marque qu\u00e9b\u00e9coise\"},\"image\":{\"@id\":\"https:\/\/whelkgoods.com\/fr\/#\/schema\/logo\/image\/\"}}]}<\/script>\n<!-- \/ Yoast SEO plugin. -->","yoast_head_json":{"title":"Tableaux des tailles - Whelk | Marque qu\u00e9b\u00e9coise","robots":{"index":"index","follow":"follow","max-snippet":"max-snippet:-1","max-image-preview":"max-image-preview:large","max-video-preview":"max-video-preview:-1"},"canonical":"https:\/\/whelkgoods.com\/fr\/tableaux-des-tailles\/","og_locale":"fr_FR","og_type":"article","og_title":"Tableaux des tailles - Whelk | Marque qu\u00e9b\u00e9coise","og_description":"Tableaux des tailles Casquettes Circonf\u00e9rence de la t\u00eate Pouces 20 3\/4 21 1\/4 21 5\/8 22 22 3\/8 22 3\/4 23 1\/8 23 1\/2 23 7\/8 CM 53 54 55 56 57 58 59 60 61 \u00c9.U. 6 5\/8 6 3\/4 6 7\/8 7 7 1\/8 7 1\/4 7 3\/8 7 1\/2 7 5\/8 Taille recommand\u00e9e Taille unique 5-Panel Circonf\u00e9rence de la t\u00eate Pouces 20 3\/4 21 1\/4 21 5\/8 22 22 3\/8 22 3\/4 23 1\/8 23 1\/2 23 7\/8 CM 53 54 55 56 57 58 59 60 61 \u00c9.U. 6 5\/8 6 3\/4 6 7\/8 7 7...","og_url":"https:\/\/whelkgoods.com\/fr\/tableaux-des-tailles\/","og_site_name":"Whelk | Marque qu\u00e9b\u00e9coise","article_modified_time":"2020-06-28T20:09:22+00:00","twitter_card":"summary_large_image","schema":{"@context":"https:\/\/schema.org","@graph":[{"@type":"WebPage","@id":"https:\/\/whelkgoods.com\/fr\/tableaux-des-tailles\/","url":"https:\/\/whelkgoods.com\/fr\/tableaux-des-tailles\/","name":"Tableaux des tailles - Whelk | Marque qu\u00e9b\u00e9coise","isPartOf":{"@id":"https:\/\/whelkgoods.com\/fr\/#website"},"datePublished":"2020-05-24T18:55:13+00:00","dateModified":"2020-06-28T20:09:22+00:00","breadcrumb":{"@id":"https:\/\/whelkgoods.com\/fr\/tableaux-des-tailles\/#breadcrumb"},"inLanguage":"fr-FR","potentialAction":[{"@type":"ReadAction","target":["https:\/\/whelkgoods.com\/fr\/tableaux-des-tailles\/"]}]},{"@type":"BreadcrumbList","@id":"https:\/\/whelkgoods.com\/fr\/tableaux-des-tailles\/#breadcrumb","itemListElement":[{"@type":"ListItem","position":1,"name":"Home","item":"https:\/\/whelkgoods.com\/fr\/accueil\/"},{"@type":"ListItem","position":2,"name":"Tableaux des tailles"}]},{"@type":"WebSite","@id":"https:\/\/whelkgoods.com\/fr\/#website","url":"https:\/\/whelkgoods.com\/fr\/","name":"Whelk | Marque qu\u00e9b\u00e9coise","description":"Casquettes et tuques \u00e9coresponsables","publisher":{"@id":"https:\/\/whelkgoods.com\/fr\/#organization"},"potentialAction":[{"@type":"SearchAction","target":{"@type":"EntryPoint","urlTemplate":"https:\/\/whelkgoods.com\/fr\/?s={search_term_string}"},"query-input":{"@type":"PropertyValueSpecification","valueRequired":true,"valueName":"search_term_string"}}],"inLanguage":"fr-FR"},{"@type":"Organization","@id":"https:\/\/whelkgoods.com\/fr\/#organization","name":"Whelk | Marque qu\u00e9b\u00e9coise","url":"https:\/\/whelkgoods.com\/fr\/","logo":{"@type":"ImageObject","inLanguage":"fr-FR","@id":"https:\/\/whelkgoods.com\/fr\/#\/schema\/logo\/image\/","url":"https:\/\/whelkgoods.com\/wp-content\/uploads\/2023\/08\/Whelk-Goods-Logo.png","contentUrl":"https:\/\/whelkgoods.com\/wp-content\/uploads\/2023\/08\/Whelk-Goods-Logo.png","width":750,"height":253,"caption":"Whelk | Marque qu\u00e9b\u00e9coise"},"image":{"@id":"https:\/\/whelkgoods.com\/fr\/#\/schema\/logo\/image\/"}}]}},"_links":{"self":[{"href":"https:\/\/whelkgoods.com\/fr\/wp-json\/wp\/v2\/pages\/7827"}],"collection":[{"href":"https:\/\/whelkgoods.com\/fr\/wp-json\/wp\/v2\/pages"}],"about":[{"href":"https:\/\/whelkgoods.com\/fr\/wp-json\/wp\/v2\/types\/page"}],"author":[{"embeddable":true,"href":"https:\/\/whelkgoods.com\/fr\/wp-json\/wp\/v2\/users\/12"}],"replies":[{"embeddable":true,"href":"https:\/\/whelkgoods.com\/fr\/wp-json\/wp\/v2\/comments?post=7827"}],"version-history":[{"count":8,"href":"https:\/\/whelkgoods.com\/fr\/wp-json\/wp\/v2\/pages\/7827\/revisions"}],"predecessor-version":[{"id":8331,"href":"https:\/\/whelkgoods.com\/fr\/wp-json\/wp\/v2\/pages\/7827\/revisions\/8331"}],"wp:attachment":[{"href":"https:\/\/whelkgoods.com\/fr\/wp-json\/wp\/v2\/media?parent=7827"}],"curies":[{"name":"wp","href":"https:\/\/api.w.org\/{rel}","templated":true}]}}