{"id":12157,"date":"2022-04-01T08:14:34","date_gmt":"2022-04-01T12:15:01","guid":{"rendered":"https:\/\/www.whelkgoods.com\/?post_type=product&#038;p=12157"},"modified":"2024-06-18T11:09:42","modified_gmt":"2024-06-18T15:09:42","slug":"casquette-ride-on","status":"publish","type":"product","link":"https:\/\/whelkgoods.com\/fr\/produit\/casquette-ride-on\/","title":{"rendered":"Casquette Ride On"},"content":{"rendered":"","protected":false},"excerpt":{"rendered":"<p> Le design \u00ab Ride On \u00bb fait r\u00e9f\u00e9rence \u00e0 une connotation populaire utilis\u00e9e dans le monde du cyclisme utilis\u00e9e pour encourager ses pairs \u00e0 garder le rythme. Ses couleurs \u00e9clatantes et sa forme circulaire rappellent les journ\u00e9es ensoleill\u00e9es \u00e0 rouler librement dans les sentiers bois\u00e9s ou sur les longues routes aux points de vues \u00e0 couper le souffle.<\/p>\n","protected":false},"featured_media":12509,"template":"","meta":[],"product_cat":[206,233,51,227],"product_tag":[],"class_list":{"0":"post-12157","1":"product","2":"type-product","3":"status-publish","4":"has-post-thumbnail","6":"product_cat-casquettes-blutech","7":"product_cat-collection-mantra","8":"product_cat-casquettes","9":"product_cat-chapeaux","11":"first","12":"outofstock","13":"taxable","14":"shipping-taxable","15":"purchasable","16":"product-type-variable","17":"has-default-attributes"},"yoast_head":"<!-- This site is optimized with the Yoast SEO plugin v23.5 - https:\/\/yoast.com\/wordpress\/plugins\/seo\/ -->\n<title>Casquette Ride On - Whelk | Marque qu\u00e9b\u00e9coise<\/title>\n<meta name=\"robots\" content=\"index, follow, max-snippet:-1, max-image-preview:large, max-video-preview:-1\" \/>\n<link rel=\"canonical\" href=\"https:\/\/whelkgoods.com\/fr\/produit\/casquette-ride-on\/\" \/>\n<meta property=\"og:locale\" content=\"fr_FR\" \/>\n<meta property=\"og:type\" content=\"article\" \/>\n<meta property=\"og:title\" content=\"Casquette Ride On - Whelk | Marque qu\u00e9b\u00e9coise\" \/>\n<meta property=\"og:description\" content=\"Le design \u00ab Ride On \u00bb fait r\u00e9f\u00e9rence \u00e0 une connotation populaire utilis\u00e9e dans le monde du cyclisme utilis\u00e9e pour encourager ses pairs \u00e0 garder le rythme. Ses couleurs \u00e9clatantes et sa forme circulaire rappellent les journ\u00e9es ensoleill\u00e9es \u00e0 rouler librement dans les sentiers bois\u00e9s ou sur les longues routes aux points de vues \u00e0 couper le souffle.\" \/>\n<meta property=\"og:url\" content=\"https:\/\/whelkgoods.com\/fr\/produit\/casquette-ride-on\/\" \/>\n<meta property=\"og:site_name\" content=\"Whelk | Marque qu\u00e9b\u00e9coise\" \/>\n<meta property=\"article:modified_time\" content=\"2024-06-18T15:09:42+00:00\" \/>\n<meta property=\"og:image\" content=\"https:\/\/whelkgoods.com\/wp-content\/uploads\/2022\/04\/Ride-On-Cap-Black.png\" \/>\n\t<meta property=\"og:image:width\" content=\"1000\" \/>\n\t<meta property=\"og:image:height\" content=\"1000\" \/>\n\t<meta property=\"og:image:type\" content=\"image\/png\" \/>\n<meta name=\"twitter:card\" content=\"summary_large_image\" \/>\n<script type=\"application\/ld+json\" class=\"yoast-schema-graph\">{\"@context\":\"https:\/\/schema.org\",\"@graph\":[{\"@type\":\"WebPage\",\"@id\":\"https:\/\/whelkgoods.com\/fr\/produit\/casquette-ride-on\/\",\"url\":\"https:\/\/whelkgoods.com\/fr\/produit\/casquette-ride-on\/\",\"name\":\"Casquette Ride On - Whelk | Marque qu\u00e9b\u00e9coise\",\"isPartOf\":{\"@id\":\"https:\/\/whelkgoods.com\/fr\/#website\"},\"primaryImageOfPage\":{\"@id\":\"https:\/\/whelkgoods.com\/fr\/produit\/casquette-ride-on\/#primaryimage\"},\"image\":{\"@id\":\"https:\/\/whelkgoods.com\/fr\/produit\/casquette-ride-on\/#primaryimage\"},\"thumbnailUrl\":\"https:\/\/whelkgoods.com\/wp-content\/uploads\/2022\/04\/Ride-On-Cap-Black.png\",\"datePublished\":\"2022-04-01T12:15:01+00:00\",\"dateModified\":\"2024-06-18T15:09:42+00:00\",\"breadcrumb\":{\"@id\":\"https:\/\/whelkgoods.com\/fr\/produit\/casquette-ride-on\/#breadcrumb\"},\"inLanguage\":\"fr-FR\",\"potentialAction\":[{\"@type\":\"ReadAction\",\"target\":[\"https:\/\/whelkgoods.com\/fr\/produit\/casquette-ride-on\/\"]}]},{\"@type\":\"ImageObject\",\"inLanguage\":\"fr-FR\",\"@id\":\"https:\/\/whelkgoods.com\/fr\/produit\/casquette-ride-on\/#primaryimage\",\"url\":\"https:\/\/whelkgoods.com\/wp-content\/uploads\/2022\/04\/Ride-On-Cap-Black.png\",\"contentUrl\":\"https:\/\/whelkgoods.com\/wp-content\/uploads\/2022\/04\/Ride-On-Cap-Black.png\",\"width\":1000,\"height\":1000},{\"@type\":\"BreadcrumbList\",\"@id\":\"https:\/\/whelkgoods.com\/fr\/produit\/casquette-ride-on\/#breadcrumb\",\"itemListElement\":[{\"@type\":\"ListItem\",\"position\":1,\"name\":\"Home\",\"item\":\"https:\/\/whelkgoods.com\/fr\/accueil\/\"},{\"@type\":\"ListItem\",\"position\":2,\"name\":\"Boutique de casquettes et tuques \u00e9cologiques\",\"item\":\"https:\/\/whelkgoods.com\/fr\/boutique\/\"},{\"@type\":\"ListItem\",\"position\":3,\"name\":\"Casquette Ride On\"}]},{\"@type\":\"WebSite\",\"@id\":\"https:\/\/whelkgoods.com\/fr\/#website\",\"url\":\"https:\/\/whelkgoods.com\/fr\/\",\"name\":\"Whelk | Marque qu\u00e9b\u00e9coise\",\"description\":\"Casquettes et tuques \u00e9coresponsables\",\"publisher\":{\"@id\":\"https:\/\/whelkgoods.com\/fr\/#organization\"},\"potentialAction\":[{\"@type\":\"SearchAction\",\"target\":{\"@type\":\"EntryPoint\",\"urlTemplate\":\"https:\/\/whelkgoods.com\/fr\/?s={search_term_string}\"},\"query-input\":{\"@type\":\"PropertyValueSpecification\",\"valueRequired\":true,\"valueName\":\"search_term_string\"}}],\"inLanguage\":\"fr-FR\"},{\"@type\":\"Organization\",\"@id\":\"https:\/\/whelkgoods.com\/fr\/#organization\",\"name\":\"Whelk | Marque qu\u00e9b\u00e9coise\",\"url\":\"https:\/\/whelkgoods.com\/fr\/\",\"logo\":{\"@type\":\"ImageObject\",\"inLanguage\":\"fr-FR\",\"@id\":\"https:\/\/whelkgoods.com\/fr\/#\/schema\/logo\/image\/\",\"url\":\"https:\/\/whelkgoods.com\/wp-content\/uploads\/2023\/08\/Whelk-Goods-Logo.png\",\"contentUrl\":\"https:\/\/whelkgoods.com\/wp-content\/uploads\/2023\/08\/Whelk-Goods-Logo.png\",\"width\":750,\"height\":253,\"caption\":\"Whelk | Marque qu\u00e9b\u00e9coise\"},\"image\":{\"@id\":\"https:\/\/whelkgoods.com\/fr\/#\/schema\/logo\/image\/\"}}]}<\/script>\n<!-- \/ Yoast SEO plugin. -->","yoast_head_json":{"title":"Casquette Ride On - Whelk | Marque qu\u00e9b\u00e9coise","robots":{"index":"index","follow":"follow","max-snippet":"max-snippet:-1","max-image-preview":"max-image-preview:large","max-video-preview":"max-video-preview:-1"},"canonical":"https:\/\/whelkgoods.com\/fr\/produit\/casquette-ride-on\/","og_locale":"fr_FR","og_type":"article","og_title":"Casquette Ride On - Whelk | Marque qu\u00e9b\u00e9coise","og_description":"Le design \u00ab Ride On \u00bb fait r\u00e9f\u00e9rence \u00e0 une connotation populaire utilis\u00e9e dans le monde du cyclisme utilis\u00e9e pour encourager ses pairs \u00e0 garder le rythme. Ses couleurs \u00e9clatantes et sa forme circulaire rappellent les journ\u00e9es ensoleill\u00e9es \u00e0 rouler librement dans les sentiers bois\u00e9s ou sur les longues routes aux points de vues \u00e0 couper le souffle.","og_url":"https:\/\/whelkgoods.com\/fr\/produit\/casquette-ride-on\/","og_site_name":"Whelk | Marque qu\u00e9b\u00e9coise","article_modified_time":"2024-06-18T15:09:42+00:00","og_image":[{"width":1000,"height":1000,"url":"https:\/\/whelkgoods.com\/wp-content\/uploads\/2022\/04\/Ride-On-Cap-Black.png","type":"image\/png"}],"twitter_card":"summary_large_image","schema":{"@context":"https:\/\/schema.org","@graph":[{"@type":"WebPage","@id":"https:\/\/whelkgoods.com\/fr\/produit\/casquette-ride-on\/","url":"https:\/\/whelkgoods.com\/fr\/produit\/casquette-ride-on\/","name":"Casquette Ride On - Whelk | Marque qu\u00e9b\u00e9coise","isPartOf":{"@id":"https:\/\/whelkgoods.com\/fr\/#website"},"primaryImageOfPage":{"@id":"https:\/\/whelkgoods.com\/fr\/produit\/casquette-ride-on\/#primaryimage"},"image":{"@id":"https:\/\/whelkgoods.com\/fr\/produit\/casquette-ride-on\/#primaryimage"},"thumbnailUrl":"https:\/\/whelkgoods.com\/wp-content\/uploads\/2022\/04\/Ride-On-Cap-Black.png","datePublished":"2022-04-01T12:15:01+00:00","dateModified":"2024-06-18T15:09:42+00:00","breadcrumb":{"@id":"https:\/\/whelkgoods.com\/fr\/produit\/casquette-ride-on\/#breadcrumb"},"inLanguage":"fr-FR","potentialAction":[{"@type":"ReadAction","target":["https:\/\/whelkgoods.com\/fr\/produit\/casquette-ride-on\/"]}]},{"@type":"ImageObject","inLanguage":"fr-FR","@id":"https:\/\/whelkgoods.com\/fr\/produit\/casquette-ride-on\/#primaryimage","url":"https:\/\/whelkgoods.com\/wp-content\/uploads\/2022\/04\/Ride-On-Cap-Black.png","contentUrl":"https:\/\/whelkgoods.com\/wp-content\/uploads\/2022\/04\/Ride-On-Cap-Black.png","width":1000,"height":1000},{"@type":"BreadcrumbList","@id":"https:\/\/whelkgoods.com\/fr\/produit\/casquette-ride-on\/#breadcrumb","itemListElement":[{"@type":"ListItem","position":1,"name":"Home","item":"https:\/\/whelkgoods.com\/fr\/accueil\/"},{"@type":"ListItem","position":2,"name":"Boutique de casquettes et tuques \u00e9cologiques","item":"https:\/\/whelkgoods.com\/fr\/boutique\/"},{"@type":"ListItem","position":3,"name":"Casquette Ride On"}]},{"@type":"WebSite","@id":"https:\/\/whelkgoods.com\/fr\/#website","url":"https:\/\/whelkgoods.com\/fr\/","name":"Whelk | Marque qu\u00e9b\u00e9coise","description":"Casquettes et tuques \u00e9coresponsables","publisher":{"@id":"https:\/\/whelkgoods.com\/fr\/#organization"},"potentialAction":[{"@type":"SearchAction","target":{"@type":"EntryPoint","urlTemplate":"https:\/\/whelkgoods.com\/fr\/?s={search_term_string}"},"query-input":{"@type":"PropertyValueSpecification","valueRequired":true,"valueName":"search_term_string"}}],"inLanguage":"fr-FR"},{"@type":"Organization","@id":"https:\/\/whelkgoods.com\/fr\/#organization","name":"Whelk | Marque qu\u00e9b\u00e9coise","url":"https:\/\/whelkgoods.com\/fr\/","logo":{"@type":"ImageObject","inLanguage":"fr-FR","@id":"https:\/\/whelkgoods.com\/fr\/#\/schema\/logo\/image\/","url":"https:\/\/whelkgoods.com\/wp-content\/uploads\/2023\/08\/Whelk-Goods-Logo.png","contentUrl":"https:\/\/whelkgoods.com\/wp-content\/uploads\/2023\/08\/Whelk-Goods-Logo.png","width":750,"height":253,"caption":"Whelk | Marque qu\u00e9b\u00e9coise"},"image":{"@id":"https:\/\/whelkgoods.com\/fr\/#\/schema\/logo\/image\/"}}]}},"_links":{"self":[{"href":"https:\/\/whelkgoods.com\/fr\/wp-json\/wp\/v2\/product\/12157"}],"collection":[{"href":"https:\/\/whelkgoods.com\/fr\/wp-json\/wp\/v2\/product"}],"about":[{"href":"https:\/\/whelkgoods.com\/fr\/wp-json\/wp\/v2\/types\/product"}],"wp:featuredmedia":[{"embeddable":true,"href":"https:\/\/whelkgoods.com\/fr\/wp-json\/wp\/v2\/media\/12509"}],"wp:attachment":[{"href":"https:\/\/whelkgoods.com\/fr\/wp-json\/wp\/v2\/media?parent=12157"}],"wp:term":[{"taxonomy":"product_cat","embeddable":true,"href":"https:\/\/whelkgoods.com\/fr\/wp-json\/wp\/v2\/product_cat?post=12157"},{"taxonomy":"product_tag","embeddable":true,"href":"https:\/\/whelkgoods.com\/fr\/wp-json\/wp\/v2\/product_tag?post=12157"}],"curies":[{"name":"wp","href":"https:\/\/api.w.org\/{rel}","templated":true}]}}