{"id":12190,"date":"2022-04-01T09:04:16","date_gmt":"2022-04-01T13:04:55","guid":{"rendered":"https:\/\/www.whelkgoods.com\/?post_type=product&#038;p=12190"},"modified":"2023-04-26T18:15:23","modified_gmt":"2023-04-26T22:15:23","slug":"casquette-changement-imminent","status":"publish","type":"product","link":"https:\/\/whelkgoods.com\/fr\/produit\/casquette-changement-imminent\/","title":{"rendered":"Casquette Changement Imminent"},"content":{"rendered":"","protected":false},"excerpt":{"rendered":"<p>Le chiffre 5 est riche de signification. Il repr\u00e9sente la libert\u00e9 individuelle, l\u2019exp\u00e9rience acquise et le progr\u00e8s. Il incarne \u00e0 lui seul le projet d\u2019une vie, soit celui de l\u2019\u00e9volution du soi, de l\u2019individualit\u00e9 enti\u00e8re. Lorsque tripl\u00e9, le chiffre 555 d\u00e9gage une \u00e9nergie encore plus puissante, soit celle de l\u2019appel aux changements imminents, \u00e0 l\u2019abandon de tout ce qui n\u2019apporte plus de positif.<\/p>\n","protected":false},"featured_media":12464,"template":"","meta":[],"product_cat":[51],"product_tag":[],"class_list":{"0":"post-12190","1":"product","2":"type-product","3":"status-publish","4":"has-post-thumbnail","6":"product_cat-casquettes","8":"first","9":"outofstock","10":"taxable","11":"shipping-taxable","12":"purchasable","13":"product-type-variable","14":"has-default-attributes"},"yoast_head":"<!-- This site is optimized with the Yoast SEO plugin v23.5 - https:\/\/yoast.com\/wordpress\/plugins\/seo\/ -->\n<title>Casquette Changement Imminent - Whelk | Marque qu\u00e9b\u00e9coise<\/title>\n<meta name=\"robots\" content=\"index, follow, max-snippet:-1, max-image-preview:large, max-video-preview:-1\" \/>\n<link rel=\"canonical\" href=\"https:\/\/whelkgoods.com\/fr\/produit\/casquette-changement-imminent\/\" \/>\n<meta property=\"og:locale\" content=\"fr_FR\" \/>\n<meta property=\"og:type\" content=\"article\" \/>\n<meta property=\"og:title\" content=\"Casquette Changement Imminent - Whelk | Marque qu\u00e9b\u00e9coise\" \/>\n<meta property=\"og:description\" content=\"Le chiffre 5 est riche de signification. Il repr\u00e9sente la libert\u00e9 individuelle, l\u2019exp\u00e9rience acquise et le progr\u00e8s. Il incarne \u00e0 lui seul le projet d\u2019une vie, soit celui de l\u2019\u00e9volution du soi, de l\u2019individualit\u00e9 enti\u00e8re. Lorsque tripl\u00e9, le chiffre 555 d\u00e9gage une \u00e9nergie encore plus puissante, soit celle de l\u2019appel aux changements imminents, \u00e0 l\u2019abandon de tout ce qui n\u2019apporte plus de positif.\" \/>\n<meta property=\"og:url\" content=\"https:\/\/whelkgoods.com\/fr\/produit\/casquette-changement-imminent\/\" \/>\n<meta property=\"og:site_name\" content=\"Whelk | Marque qu\u00e9b\u00e9coise\" \/>\n<meta property=\"article:modified_time\" content=\"2023-04-26T22:15:23+00:00\" \/>\n<meta property=\"og:image\" content=\"https:\/\/whelkgoods.com\/wp-content\/uploads\/2022\/04\/Imminent-Change-Cap-Burgundy-2.png\" \/>\n\t<meta property=\"og:image:width\" content=\"1000\" \/>\n\t<meta property=\"og:image:height\" content=\"1000\" \/>\n\t<meta property=\"og:image:type\" content=\"image\/png\" \/>\n<meta name=\"twitter:card\" content=\"summary_large_image\" \/>\n<script type=\"application\/ld+json\" class=\"yoast-schema-graph\">{\"@context\":\"https:\/\/schema.org\",\"@graph\":[{\"@type\":\"WebPage\",\"@id\":\"https:\/\/whelkgoods.com\/fr\/produit\/casquette-changement-imminent\/\",\"url\":\"https:\/\/whelkgoods.com\/fr\/produit\/casquette-changement-imminent\/\",\"name\":\"Casquette Changement Imminent - Whelk | Marque qu\u00e9b\u00e9coise\",\"isPartOf\":{\"@id\":\"https:\/\/whelkgoods.com\/fr\/#website\"},\"primaryImageOfPage\":{\"@id\":\"https:\/\/whelkgoods.com\/fr\/produit\/casquette-changement-imminent\/#primaryimage\"},\"image\":{\"@id\":\"https:\/\/whelkgoods.com\/fr\/produit\/casquette-changement-imminent\/#primaryimage\"},\"thumbnailUrl\":\"https:\/\/whelkgoods.com\/wp-content\/uploads\/2022\/04\/Imminent-Change-Cap-Burgundy-2.png\",\"datePublished\":\"2022-04-01T13:04:55+00:00\",\"dateModified\":\"2023-04-26T22:15:23+00:00\",\"breadcrumb\":{\"@id\":\"https:\/\/whelkgoods.com\/fr\/produit\/casquette-changement-imminent\/#breadcrumb\"},\"inLanguage\":\"fr-FR\",\"potentialAction\":[{\"@type\":\"ReadAction\",\"target\":[\"https:\/\/whelkgoods.com\/fr\/produit\/casquette-changement-imminent\/\"]}]},{\"@type\":\"ImageObject\",\"inLanguage\":\"fr-FR\",\"@id\":\"https:\/\/whelkgoods.com\/fr\/produit\/casquette-changement-imminent\/#primaryimage\",\"url\":\"https:\/\/whelkgoods.com\/wp-content\/uploads\/2022\/04\/Imminent-Change-Cap-Burgundy-2.png\",\"contentUrl\":\"https:\/\/whelkgoods.com\/wp-content\/uploads\/2022\/04\/Imminent-Change-Cap-Burgundy-2.png\",\"width\":1000,\"height\":1000},{\"@type\":\"BreadcrumbList\",\"@id\":\"https:\/\/whelkgoods.com\/fr\/produit\/casquette-changement-imminent\/#breadcrumb\",\"itemListElement\":[{\"@type\":\"ListItem\",\"position\":1,\"name\":\"Home\",\"item\":\"https:\/\/whelkgoods.com\/fr\/accueil\/\"},{\"@type\":\"ListItem\",\"position\":2,\"name\":\"Boutique de casquettes et tuques \u00e9cologiques\",\"item\":\"https:\/\/whelkgoods.com\/fr\/boutique\/\"},{\"@type\":\"ListItem\",\"position\":3,\"name\":\"Casquette Changement Imminent\"}]},{\"@type\":\"WebSite\",\"@id\":\"https:\/\/whelkgoods.com\/fr\/#website\",\"url\":\"https:\/\/whelkgoods.com\/fr\/\",\"name\":\"Whelk | Marque qu\u00e9b\u00e9coise\",\"description\":\"Casquettes et tuques \u00e9coresponsables\",\"publisher\":{\"@id\":\"https:\/\/whelkgoods.com\/fr\/#organization\"},\"potentialAction\":[{\"@type\":\"SearchAction\",\"target\":{\"@type\":\"EntryPoint\",\"urlTemplate\":\"https:\/\/whelkgoods.com\/fr\/?s={search_term_string}\"},\"query-input\":{\"@type\":\"PropertyValueSpecification\",\"valueRequired\":true,\"valueName\":\"search_term_string\"}}],\"inLanguage\":\"fr-FR\"},{\"@type\":\"Organization\",\"@id\":\"https:\/\/whelkgoods.com\/fr\/#organization\",\"name\":\"Whelk | Marque qu\u00e9b\u00e9coise\",\"url\":\"https:\/\/whelkgoods.com\/fr\/\",\"logo\":{\"@type\":\"ImageObject\",\"inLanguage\":\"fr-FR\",\"@id\":\"https:\/\/whelkgoods.com\/fr\/#\/schema\/logo\/image\/\",\"url\":\"https:\/\/whelkgoods.com\/wp-content\/uploads\/2023\/08\/Whelk-Goods-Logo.png\",\"contentUrl\":\"https:\/\/whelkgoods.com\/wp-content\/uploads\/2023\/08\/Whelk-Goods-Logo.png\",\"width\":750,\"height\":253,\"caption\":\"Whelk | Marque qu\u00e9b\u00e9coise\"},\"image\":{\"@id\":\"https:\/\/whelkgoods.com\/fr\/#\/schema\/logo\/image\/\"}}]}<\/script>\n<!-- \/ Yoast SEO plugin. -->","yoast_head_json":{"title":"Casquette Changement Imminent - Whelk | Marque qu\u00e9b\u00e9coise","robots":{"index":"index","follow":"follow","max-snippet":"max-snippet:-1","max-image-preview":"max-image-preview:large","max-video-preview":"max-video-preview:-1"},"canonical":"https:\/\/whelkgoods.com\/fr\/produit\/casquette-changement-imminent\/","og_locale":"fr_FR","og_type":"article","og_title":"Casquette Changement Imminent - Whelk | Marque qu\u00e9b\u00e9coise","og_description":"Le chiffre 5 est riche de signification. Il repr\u00e9sente la libert\u00e9 individuelle, l\u2019exp\u00e9rience acquise et le progr\u00e8s. Il incarne \u00e0 lui seul le projet d\u2019une vie, soit celui de l\u2019\u00e9volution du soi, de l\u2019individualit\u00e9 enti\u00e8re. Lorsque tripl\u00e9, le chiffre 555 d\u00e9gage une \u00e9nergie encore plus puissante, soit celle de l\u2019appel aux changements imminents, \u00e0 l\u2019abandon de tout ce qui n\u2019apporte plus de positif.","og_url":"https:\/\/whelkgoods.com\/fr\/produit\/casquette-changement-imminent\/","og_site_name":"Whelk | Marque qu\u00e9b\u00e9coise","article_modified_time":"2023-04-26T22:15:23+00:00","og_image":[{"width":1000,"height":1000,"url":"https:\/\/whelkgoods.com\/wp-content\/uploads\/2022\/04\/Imminent-Change-Cap-Burgundy-2.png","type":"image\/png"}],"twitter_card":"summary_large_image","schema":{"@context":"https:\/\/schema.org","@graph":[{"@type":"WebPage","@id":"https:\/\/whelkgoods.com\/fr\/produit\/casquette-changement-imminent\/","url":"https:\/\/whelkgoods.com\/fr\/produit\/casquette-changement-imminent\/","name":"Casquette Changement Imminent - Whelk | Marque qu\u00e9b\u00e9coise","isPartOf":{"@id":"https:\/\/whelkgoods.com\/fr\/#website"},"primaryImageOfPage":{"@id":"https:\/\/whelkgoods.com\/fr\/produit\/casquette-changement-imminent\/#primaryimage"},"image":{"@id":"https:\/\/whelkgoods.com\/fr\/produit\/casquette-changement-imminent\/#primaryimage"},"thumbnailUrl":"https:\/\/whelkgoods.com\/wp-content\/uploads\/2022\/04\/Imminent-Change-Cap-Burgundy-2.png","datePublished":"2022-04-01T13:04:55+00:00","dateModified":"2023-04-26T22:15:23+00:00","breadcrumb":{"@id":"https:\/\/whelkgoods.com\/fr\/produit\/casquette-changement-imminent\/#breadcrumb"},"inLanguage":"fr-FR","potentialAction":[{"@type":"ReadAction","target":["https:\/\/whelkgoods.com\/fr\/produit\/casquette-changement-imminent\/"]}]},{"@type":"ImageObject","inLanguage":"fr-FR","@id":"https:\/\/whelkgoods.com\/fr\/produit\/casquette-changement-imminent\/#primaryimage","url":"https:\/\/whelkgoods.com\/wp-content\/uploads\/2022\/04\/Imminent-Change-Cap-Burgundy-2.png","contentUrl":"https:\/\/whelkgoods.com\/wp-content\/uploads\/2022\/04\/Imminent-Change-Cap-Burgundy-2.png","width":1000,"height":1000},{"@type":"BreadcrumbList","@id":"https:\/\/whelkgoods.com\/fr\/produit\/casquette-changement-imminent\/#breadcrumb","itemListElement":[{"@type":"ListItem","position":1,"name":"Home","item":"https:\/\/whelkgoods.com\/fr\/accueil\/"},{"@type":"ListItem","position":2,"name":"Boutique de casquettes et tuques \u00e9cologiques","item":"https:\/\/whelkgoods.com\/fr\/boutique\/"},{"@type":"ListItem","position":3,"name":"Casquette Changement Imminent"}]},{"@type":"WebSite","@id":"https:\/\/whelkgoods.com\/fr\/#website","url":"https:\/\/whelkgoods.com\/fr\/","name":"Whelk | Marque qu\u00e9b\u00e9coise","description":"Casquettes et tuques \u00e9coresponsables","publisher":{"@id":"https:\/\/whelkgoods.com\/fr\/#organization"},"potentialAction":[{"@type":"SearchAction","target":{"@type":"EntryPoint","urlTemplate":"https:\/\/whelkgoods.com\/fr\/?s={search_term_string}"},"query-input":{"@type":"PropertyValueSpecification","valueRequired":true,"valueName":"search_term_string"}}],"inLanguage":"fr-FR"},{"@type":"Organization","@id":"https:\/\/whelkgoods.com\/fr\/#organization","name":"Whelk | Marque qu\u00e9b\u00e9coise","url":"https:\/\/whelkgoods.com\/fr\/","logo":{"@type":"ImageObject","inLanguage":"fr-FR","@id":"https:\/\/whelkgoods.com\/fr\/#\/schema\/logo\/image\/","url":"https:\/\/whelkgoods.com\/wp-content\/uploads\/2023\/08\/Whelk-Goods-Logo.png","contentUrl":"https:\/\/whelkgoods.com\/wp-content\/uploads\/2023\/08\/Whelk-Goods-Logo.png","width":750,"height":253,"caption":"Whelk | Marque qu\u00e9b\u00e9coise"},"image":{"@id":"https:\/\/whelkgoods.com\/fr\/#\/schema\/logo\/image\/"}}]}},"_links":{"self":[{"href":"https:\/\/whelkgoods.com\/fr\/wp-json\/wp\/v2\/product\/12190"}],"collection":[{"href":"https:\/\/whelkgoods.com\/fr\/wp-json\/wp\/v2\/product"}],"about":[{"href":"https:\/\/whelkgoods.com\/fr\/wp-json\/wp\/v2\/types\/product"}],"wp:featuredmedia":[{"embeddable":true,"href":"https:\/\/whelkgoods.com\/fr\/wp-json\/wp\/v2\/media\/12464"}],"wp:attachment":[{"href":"https:\/\/whelkgoods.com\/fr\/wp-json\/wp\/v2\/media?parent=12190"}],"wp:term":[{"taxonomy":"product_cat","embeddable":true,"href":"https:\/\/whelkgoods.com\/fr\/wp-json\/wp\/v2\/product_cat?post=12190"},{"taxonomy":"product_tag","embeddable":true,"href":"https:\/\/whelkgoods.com\/fr\/wp-json\/wp\/v2\/product_tag?post=12190"}],"curies":[{"name":"wp","href":"https:\/\/api.w.org\/{rel}","templated":true}]}}