{"id":15185,"date":"2024-02-23T13:11:11","date_gmt":"2024-02-23T18:12:29","guid":{"rendered":"https:\/\/www.whelkgoods.com\/?post_type=product&#038;p=15185"},"modified":"2024-02-26T10:30:33","modified_gmt":"2024-02-26T15:30:33","slug":"sac-banane-en-polaire","status":"publish","type":"product","link":"https:\/\/whelkgoods.com\/fr\/produit\/sac-banane-en-polaire\/","title":{"rendered":"Sac banane en polaire recycl\u00e9e"},"content":{"rendered":"","protected":false},"excerpt":{"rendered":"<h5>Caract\u00e9ristiques<\/h5>\n<ul>\n<li>La longueur de la sangle est enti\u00e8rement r\u00e9glable pour s&rsquo;adapter confortablement \u00e0 chacun.<\/li>\n<li>Conception classique d&rsquo;un sac banane avec une touche de modernit\u00e9, comprenant un ext\u00e9rieur en polaire unique.<\/li>\n<li>Con\u00e7u dans une optique de d\u00e9veloppement durable : partiellement fabriqu\u00e9 \u00e0 partir de tubes de v\u00e9lo recycl\u00e9s.<\/li>\n<li>Compartiment principal spacieux avec poches pour un rangement organis\u00e9.<\/li>\n<li>Polyvalent : peut \u00eatre port\u00e9 autour de la taille ou en bandouli\u00e8re.<\/li>\n<li>Id\u00e9al pour les activit\u00e9s de plein air, les voyages, les festivals et l&rsquo;usage quotidien.<\/li>\n<\/ul>\n<h5>Mat\u00e9riaux et caract\u00e9ristiques<\/h5>\n<ul>\n<li>Panneaux avant : 100% polyester recycl\u00e9 provenant de bouteilles d&rsquo;eau en plastique (OEKO-TEX\u00ae STANDARD 100)<\/li>\n<li>Panneau arri\u00e8re : chambre \u00e0 air de v\u00e9lo recycl\u00e9e<\/li>\n<li>Fermeture \u00e9clair YKK durable<\/li>\n<li>Poches internes pour l&rsquo;organisation<\/li>\n<li>Logo Whelk en \u00e9pingle en \u00e9mail amovible<\/li>\n<li>Volume: 1.5L<\/li>\n<li>Dimensions: 8.5&Prime; x 5&Prime; x 2&Prime;<\/li>\n<\/ul>\n<h5>Fabrication<\/h5>\n<ul>\n<li>Fi\u00e8rement fabriqu\u00e9 dans les Cantons de l&rsquo;Est du Qu\u00e9bec, Canada<\/li>\n<\/ul>\n","protected":false},"featured_media":15182,"template":"","meta":[],"product_cat":[244,216,224,199],"product_tag":[],"class_list":{"0":"post-15185","1":"product","2":"type-product","3":"status-publish","4":"has-post-thumbnail","6":"product_cat-fabrique-au-canada","7":"product_cat-sacs","8":"product_cat-autres-produits","9":"product_cat-collection-recap","11":"first","12":"instock","13":"taxable","14":"shipping-taxable","15":"purchasable","16":"product-type-simple"},"yoast_head":"<!-- This site is optimized with the Yoast SEO plugin v23.5 - https:\/\/yoast.com\/wordpress\/plugins\/seo\/ -->\n<title>Sac banane en polaire recycl\u00e9e - Whelk | Marque qu\u00e9b\u00e9coise<\/title>\n<meta name=\"robots\" content=\"index, follow, max-snippet:-1, max-image-preview:large, max-video-preview:-1\" \/>\n<link rel=\"canonical\" href=\"https:\/\/whelkgoods.com\/fr\/produit\/sac-banane-en-polaire\/\" \/>\n<meta property=\"og:locale\" content=\"fr_FR\" \/>\n<meta property=\"og:type\" content=\"article\" \/>\n<meta property=\"og:title\" content=\"Sac banane en polaire recycl\u00e9e - Whelk | Marque qu\u00e9b\u00e9coise\" \/>\n<meta property=\"og:description\" content=\"Caract\u00e9ristiques   La longueur de la sangle est enti\u00e8rement r\u00e9glable pour s&#039;adapter confortablement \u00e0 chacun.  Conception classique d&#039;un sac banane avec une touche de modernit\u00e9, comprenant un ext\u00e9rieur en polaire unique.  Con\u00e7u dans une optique de d\u00e9veloppement durable : partiellement fabriqu\u00e9 \u00e0 partir de tubes de v\u00e9lo recycl\u00e9s.  Compartiment principal spacieux avec poches pour un rangement organis\u00e9.  Polyvalent : peut \u00eatre port\u00e9 autour de la taille ou en bandouli\u00e8re.  Id\u00e9al pour les activit\u00e9s de plein air, les voyages, les festivals et l&#039;usage quotidien.  Mat\u00e9riaux et caract\u00e9ristiques   Panneaux avant : 100% polyester recycl\u00e9 provenant de bouteilles d&#039;eau en plastique (OEKO-TEX\u00ae STANDARD 100)  Panneau arri\u00e8re : chambre \u00e0 air de v\u00e9lo recycl\u00e9e  Fermeture \u00e9clair YKK durable  Poches internes pour l&#039;organisation  Logo Whelk en \u00e9pingle en \u00e9mail amovible  Volume: 1.5L  Dimensions: 8.5&quot; x 5&quot; x 2&quot;  Fabrication   Fi\u00e8rement fabriqu\u00e9 dans les Cantons de l&#039;Est du Qu\u00e9bec, Canada\" \/>\n<meta property=\"og:url\" content=\"https:\/\/whelkgoods.com\/fr\/produit\/sac-banane-en-polaire\/\" \/>\n<meta property=\"og:site_name\" content=\"Whelk | Marque qu\u00e9b\u00e9coise\" \/>\n<meta property=\"article:modified_time\" content=\"2024-02-26T15:30:33+00:00\" \/>\n<meta property=\"og:image\" content=\"https:\/\/whelkgoods.com\/wp-content\/uploads\/2024\/02\/Upcycled-Fanny-Pack-Front.png\" \/>\n\t<meta property=\"og:image:width\" content=\"1000\" \/>\n\t<meta property=\"og:image:height\" content=\"1000\" \/>\n\t<meta property=\"og:image:type\" content=\"image\/png\" \/>\n<meta name=\"twitter:card\" content=\"summary_large_image\" \/>\n<meta name=\"twitter:label1\" content=\"Dur\u00e9e de lecture estim\u00e9e\" \/>\n\t<meta name=\"twitter:data1\" content=\"1 minute\" \/>\n<script type=\"application\/ld+json\" class=\"yoast-schema-graph\">{\"@context\":\"https:\/\/schema.org\",\"@graph\":[{\"@type\":\"WebPage\",\"@id\":\"https:\/\/whelkgoods.com\/fr\/produit\/sac-banane-en-polaire\/\",\"url\":\"https:\/\/whelkgoods.com\/fr\/produit\/sac-banane-en-polaire\/\",\"name\":\"Sac banane en polaire recycl\u00e9e - Whelk | Marque qu\u00e9b\u00e9coise\",\"isPartOf\":{\"@id\":\"https:\/\/whelkgoods.com\/fr\/#website\"},\"primaryImageOfPage\":{\"@id\":\"https:\/\/whelkgoods.com\/fr\/produit\/sac-banane-en-polaire\/#primaryimage\"},\"image\":{\"@id\":\"https:\/\/whelkgoods.com\/fr\/produit\/sac-banane-en-polaire\/#primaryimage\"},\"thumbnailUrl\":\"https:\/\/whelkgoods.com\/wp-content\/uploads\/2024\/02\/Upcycled-Fanny-Pack-Front.png\",\"datePublished\":\"2024-02-23T18:12:29+00:00\",\"dateModified\":\"2024-02-26T15:30:33+00:00\",\"breadcrumb\":{\"@id\":\"https:\/\/whelkgoods.com\/fr\/produit\/sac-banane-en-polaire\/#breadcrumb\"},\"inLanguage\":\"fr-FR\",\"potentialAction\":[{\"@type\":\"ReadAction\",\"target\":[\"https:\/\/whelkgoods.com\/fr\/produit\/sac-banane-en-polaire\/\"]}]},{\"@type\":\"ImageObject\",\"inLanguage\":\"fr-FR\",\"@id\":\"https:\/\/whelkgoods.com\/fr\/produit\/sac-banane-en-polaire\/#primaryimage\",\"url\":\"https:\/\/whelkgoods.com\/wp-content\/uploads\/2024\/02\/Upcycled-Fanny-Pack-Front.png\",\"contentUrl\":\"https:\/\/whelkgoods.com\/wp-content\/uploads\/2024\/02\/Upcycled-Fanny-Pack-Front.png\",\"width\":1000,\"height\":1000},{\"@type\":\"BreadcrumbList\",\"@id\":\"https:\/\/whelkgoods.com\/fr\/produit\/sac-banane-en-polaire\/#breadcrumb\",\"itemListElement\":[{\"@type\":\"ListItem\",\"position\":1,\"name\":\"Home\",\"item\":\"https:\/\/whelkgoods.com\/fr\/accueil\/\"},{\"@type\":\"ListItem\",\"position\":2,\"name\":\"Boutique de casquettes et tuques \u00e9cologiques\",\"item\":\"https:\/\/whelkgoods.com\/fr\/boutique\/\"},{\"@type\":\"ListItem\",\"position\":3,\"name\":\"Sac banane en polaire recycl\u00e9e\"}]},{\"@type\":\"WebSite\",\"@id\":\"https:\/\/whelkgoods.com\/fr\/#website\",\"url\":\"https:\/\/whelkgoods.com\/fr\/\",\"name\":\"Whelk | Marque qu\u00e9b\u00e9coise\",\"description\":\"Casquettes et tuques \u00e9coresponsables\",\"publisher\":{\"@id\":\"https:\/\/whelkgoods.com\/fr\/#organization\"},\"potentialAction\":[{\"@type\":\"SearchAction\",\"target\":{\"@type\":\"EntryPoint\",\"urlTemplate\":\"https:\/\/whelkgoods.com\/fr\/?s={search_term_string}\"},\"query-input\":{\"@type\":\"PropertyValueSpecification\",\"valueRequired\":true,\"valueName\":\"search_term_string\"}}],\"inLanguage\":\"fr-FR\"},{\"@type\":\"Organization\",\"@id\":\"https:\/\/whelkgoods.com\/fr\/#organization\",\"name\":\"Whelk | Marque qu\u00e9b\u00e9coise\",\"url\":\"https:\/\/whelkgoods.com\/fr\/\",\"logo\":{\"@type\":\"ImageObject\",\"inLanguage\":\"fr-FR\",\"@id\":\"https:\/\/whelkgoods.com\/fr\/#\/schema\/logo\/image\/\",\"url\":\"https:\/\/whelkgoods.com\/wp-content\/uploads\/2023\/08\/Whelk-Goods-Logo.png\",\"contentUrl\":\"https:\/\/whelkgoods.com\/wp-content\/uploads\/2023\/08\/Whelk-Goods-Logo.png\",\"width\":750,\"height\":253,\"caption\":\"Whelk | Marque qu\u00e9b\u00e9coise\"},\"image\":{\"@id\":\"https:\/\/whelkgoods.com\/fr\/#\/schema\/logo\/image\/\"}}]}<\/script>\n<!-- \/ Yoast SEO plugin. -->","yoast_head_json":{"title":"Sac banane en polaire recycl\u00e9e - Whelk | Marque qu\u00e9b\u00e9coise","robots":{"index":"index","follow":"follow","max-snippet":"max-snippet:-1","max-image-preview":"max-image-preview:large","max-video-preview":"max-video-preview:-1"},"canonical":"https:\/\/whelkgoods.com\/fr\/produit\/sac-banane-en-polaire\/","og_locale":"fr_FR","og_type":"article","og_title":"Sac banane en polaire recycl\u00e9e - Whelk | Marque qu\u00e9b\u00e9coise","og_description":"Caract\u00e9ristiques   La longueur de la sangle est enti\u00e8rement r\u00e9glable pour s'adapter confortablement \u00e0 chacun.  Conception classique d'un sac banane avec une touche de modernit\u00e9, comprenant un ext\u00e9rieur en polaire unique.  Con\u00e7u dans une optique de d\u00e9veloppement durable : partiellement fabriqu\u00e9 \u00e0 partir de tubes de v\u00e9lo recycl\u00e9s.  Compartiment principal spacieux avec poches pour un rangement organis\u00e9.  Polyvalent : peut \u00eatre port\u00e9 autour de la taille ou en bandouli\u00e8re.  Id\u00e9al pour les activit\u00e9s de plein air, les voyages, les festivals et l'usage quotidien.  Mat\u00e9riaux et caract\u00e9ristiques   Panneaux avant : 100% polyester recycl\u00e9 provenant de bouteilles d'eau en plastique (OEKO-TEX\u00ae STANDARD 100)  Panneau arri\u00e8re : chambre \u00e0 air de v\u00e9lo recycl\u00e9e  Fermeture \u00e9clair YKK durable  Poches internes pour l'organisation  Logo Whelk en \u00e9pingle en \u00e9mail amovible  Volume: 1.5L  Dimensions: 8.5\" x 5\" x 2\"  Fabrication   Fi\u00e8rement fabriqu\u00e9 dans les Cantons de l'Est du Qu\u00e9bec, Canada","og_url":"https:\/\/whelkgoods.com\/fr\/produit\/sac-banane-en-polaire\/","og_site_name":"Whelk | Marque qu\u00e9b\u00e9coise","article_modified_time":"2024-02-26T15:30:33+00:00","og_image":[{"width":1000,"height":1000,"url":"https:\/\/whelkgoods.com\/wp-content\/uploads\/2024\/02\/Upcycled-Fanny-Pack-Front.png","type":"image\/png"}],"twitter_card":"summary_large_image","twitter_misc":{"Dur\u00e9e de lecture estim\u00e9e":"1 minute"},"schema":{"@context":"https:\/\/schema.org","@graph":[{"@type":"WebPage","@id":"https:\/\/whelkgoods.com\/fr\/produit\/sac-banane-en-polaire\/","url":"https:\/\/whelkgoods.com\/fr\/produit\/sac-banane-en-polaire\/","name":"Sac banane en polaire recycl\u00e9e - Whelk | Marque qu\u00e9b\u00e9coise","isPartOf":{"@id":"https:\/\/whelkgoods.com\/fr\/#website"},"primaryImageOfPage":{"@id":"https:\/\/whelkgoods.com\/fr\/produit\/sac-banane-en-polaire\/#primaryimage"},"image":{"@id":"https:\/\/whelkgoods.com\/fr\/produit\/sac-banane-en-polaire\/#primaryimage"},"thumbnailUrl":"https:\/\/whelkgoods.com\/wp-content\/uploads\/2024\/02\/Upcycled-Fanny-Pack-Front.png","datePublished":"2024-02-23T18:12:29+00:00","dateModified":"2024-02-26T15:30:33+00:00","breadcrumb":{"@id":"https:\/\/whelkgoods.com\/fr\/produit\/sac-banane-en-polaire\/#breadcrumb"},"inLanguage":"fr-FR","potentialAction":[{"@type":"ReadAction","target":["https:\/\/whelkgoods.com\/fr\/produit\/sac-banane-en-polaire\/"]}]},{"@type":"ImageObject","inLanguage":"fr-FR","@id":"https:\/\/whelkgoods.com\/fr\/produit\/sac-banane-en-polaire\/#primaryimage","url":"https:\/\/whelkgoods.com\/wp-content\/uploads\/2024\/02\/Upcycled-Fanny-Pack-Front.png","contentUrl":"https:\/\/whelkgoods.com\/wp-content\/uploads\/2024\/02\/Upcycled-Fanny-Pack-Front.png","width":1000,"height":1000},{"@type":"BreadcrumbList","@id":"https:\/\/whelkgoods.com\/fr\/produit\/sac-banane-en-polaire\/#breadcrumb","itemListElement":[{"@type":"ListItem","position":1,"name":"Home","item":"https:\/\/whelkgoods.com\/fr\/accueil\/"},{"@type":"ListItem","position":2,"name":"Boutique de casquettes et tuques \u00e9cologiques","item":"https:\/\/whelkgoods.com\/fr\/boutique\/"},{"@type":"ListItem","position":3,"name":"Sac banane en polaire recycl\u00e9e"}]},{"@type":"WebSite","@id":"https:\/\/whelkgoods.com\/fr\/#website","url":"https:\/\/whelkgoods.com\/fr\/","name":"Whelk | Marque qu\u00e9b\u00e9coise","description":"Casquettes et tuques \u00e9coresponsables","publisher":{"@id":"https:\/\/whelkgoods.com\/fr\/#organization"},"potentialAction":[{"@type":"SearchAction","target":{"@type":"EntryPoint","urlTemplate":"https:\/\/whelkgoods.com\/fr\/?s={search_term_string}"},"query-input":{"@type":"PropertyValueSpecification","valueRequired":true,"valueName":"search_term_string"}}],"inLanguage":"fr-FR"},{"@type":"Organization","@id":"https:\/\/whelkgoods.com\/fr\/#organization","name":"Whelk | Marque qu\u00e9b\u00e9coise","url":"https:\/\/whelkgoods.com\/fr\/","logo":{"@type":"ImageObject","inLanguage":"fr-FR","@id":"https:\/\/whelkgoods.com\/fr\/#\/schema\/logo\/image\/","url":"https:\/\/whelkgoods.com\/wp-content\/uploads\/2023\/08\/Whelk-Goods-Logo.png","contentUrl":"https:\/\/whelkgoods.com\/wp-content\/uploads\/2023\/08\/Whelk-Goods-Logo.png","width":750,"height":253,"caption":"Whelk | Marque qu\u00e9b\u00e9coise"},"image":{"@id":"https:\/\/whelkgoods.com\/fr\/#\/schema\/logo\/image\/"}}]}},"_links":{"self":[{"href":"https:\/\/whelkgoods.com\/fr\/wp-json\/wp\/v2\/product\/15185"}],"collection":[{"href":"https:\/\/whelkgoods.com\/fr\/wp-json\/wp\/v2\/product"}],"about":[{"href":"https:\/\/whelkgoods.com\/fr\/wp-json\/wp\/v2\/types\/product"}],"wp:featuredmedia":[{"embeddable":true,"href":"https:\/\/whelkgoods.com\/fr\/wp-json\/wp\/v2\/media\/15182"}],"wp:attachment":[{"href":"https:\/\/whelkgoods.com\/fr\/wp-json\/wp\/v2\/media?parent=15185"}],"wp:term":[{"taxonomy":"product_cat","embeddable":true,"href":"https:\/\/whelkgoods.com\/fr\/wp-json\/wp\/v2\/product_cat?post=15185"},{"taxonomy":"product_tag","embeddable":true,"href":"https:\/\/whelkgoods.com\/fr\/wp-json\/wp\/v2\/product_tag?post=15185"}],"curies":[{"name":"wp","href":"https:\/\/api.w.org\/{rel}","templated":true}]}}