{"id":15299,"date":"2024-03-25T20:11:39","date_gmt":"2024-03-26T00:18:46","guid":{"rendered":"https:\/\/www.whelkgoods.com\/?post_type=product&#038;p=15299"},"modified":"2025-11-09T17:57:37","modified_gmt":"2025-11-09T22:57:37","slug":"casquette-performance","status":"publish","type":"product","link":"https:\/\/whelkgoods.com\/fr\/produit\/casquette-performance\/","title":{"rendered":"Casquette de sport PRFO"},"content":{"rendered":"<p>Id\u00e9al pour la course \u00e0 pied, le golf et d&rsquo;autres activit\u00e9s de plein air<\/p>\n","protected":false},"excerpt":{"rendered":"<p>La casquette PRFO (prononcez \u00ab\u00a0performance\u00a0\u00bb) est id\u00e9ale pour ceux qui sont toujours en mouvement. Cette casquette est l\u00e9g\u00e8re, respirante et dot\u00e9e de notre technologie de visi\u00e8re Blutech.<\/p>\n<ul>\n<li>Pratique : L\u00e9g\u00e8re pour un usage quotidien, que ce soit en ville ou lors d&rsquo;une escapade le week-end.<\/li>\n<li>Renforc\u00e9e : Le tissu est maill\u00e9 pour une plus grande durabilit\u00e9 et un look \u00e9l\u00e9gant.<\/li>\n<li>Flexible : Dot\u00e9e de notre visi\u00e8re Blutech, qui est suffisamment souple pour se courber \u00e0 votre guise, tout en \u00e9tant suffisamment rigide pour conserver sa forme.<\/li>\n<li><em>Outdoorsy<\/em> : Evacue l&rsquo;humidit\u00e9 et s\u00e8che rapidement, id\u00e9al pour les aventures en plein air.<\/li>\n<\/ul>\n","protected":false},"featured_media":17182,"template":"","meta":[],"product_cat":[206,222,227],"product_tag":[],"class_list":{"0":"post-15299","1":"product","2":"type-product","3":"status-publish","4":"has-post-thumbnail","6":"product_cat-casquettes-blutech","7":"product_cat-prfo-fr","8":"product_cat-chapeaux","10":"first","11":"instock","12":"taxable","13":"shipping-taxable","14":"purchasable","15":"product-type-variable","16":"has-default-attributes"},"yoast_head":"<!-- This site is optimized with the Yoast SEO plugin v23.5 - https:\/\/yoast.com\/wordpress\/plugins\/seo\/ -->\n<title>Casquette de sport PRFO - Whelk | Marque qu\u00e9b\u00e9coise<\/title>\n<meta name=\"robots\" content=\"index, follow, max-snippet:-1, max-image-preview:large, max-video-preview:-1\" \/>\n<link rel=\"canonical\" href=\"https:\/\/whelkgoods.com\/fr\/produit\/casquette-performance\/\" \/>\n<meta property=\"og:locale\" content=\"fr_FR\" \/>\n<meta property=\"og:type\" content=\"article\" \/>\n<meta property=\"og:title\" content=\"Casquette de sport PRFO - Whelk | Marque qu\u00e9b\u00e9coise\" \/>\n<meta property=\"og:description\" content=\"La casquette PRFO (prononcez &quot;performance&quot;) est id\u00e9ale pour ceux qui sont toujours en mouvement. Cette casquette est l\u00e9g\u00e8re, respirante et dot\u00e9e de notre technologie de visi\u00e8re Blutech.   Pratique : L\u00e9g\u00e8re pour un usage quotidien, que ce soit en ville ou lors d&#039;une escapade le week-end.  Renforc\u00e9e : Le tissu est maill\u00e9 pour une plus grande durabilit\u00e9 et un look \u00e9l\u00e9gant.  Flexible : Dot\u00e9e de notre visi\u00e8re Blutech, qui est suffisamment souple pour se courber \u00e0 votre guise, tout en \u00e9tant suffisamment rigide pour conserver sa forme.  Outdoorsy : Evacue l&#039;humidit\u00e9 et s\u00e8che rapidement, id\u00e9al pour les aventures en plein air.\" \/>\n<meta property=\"og:url\" content=\"https:\/\/whelkgoods.com\/fr\/produit\/casquette-performance\/\" \/>\n<meta property=\"og:site_name\" content=\"Whelk | Marque qu\u00e9b\u00e9coise\" \/>\n<meta property=\"article:modified_time\" content=\"2025-11-09T22:57:37+00:00\" \/>\n<meta property=\"og:image\" content=\"https:\/\/whelkgoods.com\/wp-content\/uploads\/2024\/03\/Black-PRFO-Cap-Front.jpg\" \/>\n\t<meta property=\"og:image:width\" content=\"1000\" \/>\n\t<meta property=\"og:image:height\" content=\"1000\" \/>\n\t<meta property=\"og:image:type\" content=\"image\/jpeg\" \/>\n<meta name=\"twitter:card\" content=\"summary_large_image\" \/>\n<meta name=\"twitter:label1\" content=\"Dur\u00e9e de lecture estim\u00e9e\" \/>\n\t<meta name=\"twitter:data1\" content=\"1 minute\" \/>\n<script type=\"application\/ld+json\" class=\"yoast-schema-graph\">{\"@context\":\"https:\/\/schema.org\",\"@graph\":[{\"@type\":\"WebPage\",\"@id\":\"https:\/\/whelkgoods.com\/fr\/produit\/casquette-performance\/\",\"url\":\"https:\/\/whelkgoods.com\/fr\/produit\/casquette-performance\/\",\"name\":\"Casquette de sport PRFO - Whelk | Marque qu\u00e9b\u00e9coise\",\"isPartOf\":{\"@id\":\"https:\/\/whelkgoods.com\/fr\/#website\"},\"primaryImageOfPage\":{\"@id\":\"https:\/\/whelkgoods.com\/fr\/produit\/casquette-performance\/#primaryimage\"},\"image\":{\"@id\":\"https:\/\/whelkgoods.com\/fr\/produit\/casquette-performance\/#primaryimage\"},\"thumbnailUrl\":\"https:\/\/whelkgoods.com\/wp-content\/uploads\/2024\/03\/Black-PRFO-Cap-Front.jpg\",\"datePublished\":\"2024-03-26T00:18:46+00:00\",\"dateModified\":\"2025-11-09T22:57:37+00:00\",\"breadcrumb\":{\"@id\":\"https:\/\/whelkgoods.com\/fr\/produit\/casquette-performance\/#breadcrumb\"},\"inLanguage\":\"fr-FR\",\"potentialAction\":[{\"@type\":\"ReadAction\",\"target\":[\"https:\/\/whelkgoods.com\/fr\/produit\/casquette-performance\/\"]}]},{\"@type\":\"ImageObject\",\"inLanguage\":\"fr-FR\",\"@id\":\"https:\/\/whelkgoods.com\/fr\/produit\/casquette-performance\/#primaryimage\",\"url\":\"https:\/\/whelkgoods.com\/wp-content\/uploads\/2024\/03\/Black-PRFO-Cap-Front.jpg\",\"contentUrl\":\"https:\/\/whelkgoods.com\/wp-content\/uploads\/2024\/03\/Black-PRFO-Cap-Front.jpg\",\"width\":1000,\"height\":1000},{\"@type\":\"BreadcrumbList\",\"@id\":\"https:\/\/whelkgoods.com\/fr\/produit\/casquette-performance\/#breadcrumb\",\"itemListElement\":[{\"@type\":\"ListItem\",\"position\":1,\"name\":\"Home\",\"item\":\"https:\/\/whelkgoods.com\/fr\/accueil\/\"},{\"@type\":\"ListItem\",\"position\":2,\"name\":\"Boutique de casquettes et tuques \u00e9cologiques\",\"item\":\"https:\/\/whelkgoods.com\/fr\/boutique\/\"},{\"@type\":\"ListItem\",\"position\":3,\"name\":\"Casquette de sport PRFO\"}]},{\"@type\":\"WebSite\",\"@id\":\"https:\/\/whelkgoods.com\/fr\/#website\",\"url\":\"https:\/\/whelkgoods.com\/fr\/\",\"name\":\"Whelk | Marque qu\u00e9b\u00e9coise\",\"description\":\"Casquettes et tuques \u00e9coresponsables\",\"publisher\":{\"@id\":\"https:\/\/whelkgoods.com\/fr\/#organization\"},\"potentialAction\":[{\"@type\":\"SearchAction\",\"target\":{\"@type\":\"EntryPoint\",\"urlTemplate\":\"https:\/\/whelkgoods.com\/fr\/?s={search_term_string}\"},\"query-input\":{\"@type\":\"PropertyValueSpecification\",\"valueRequired\":true,\"valueName\":\"search_term_string\"}}],\"inLanguage\":\"fr-FR\"},{\"@type\":\"Organization\",\"@id\":\"https:\/\/whelkgoods.com\/fr\/#organization\",\"name\":\"Whelk | Marque qu\u00e9b\u00e9coise\",\"url\":\"https:\/\/whelkgoods.com\/fr\/\",\"logo\":{\"@type\":\"ImageObject\",\"inLanguage\":\"fr-FR\",\"@id\":\"https:\/\/whelkgoods.com\/fr\/#\/schema\/logo\/image\/\",\"url\":\"https:\/\/whelkgoods.com\/wp-content\/uploads\/2023\/08\/Whelk-Goods-Logo.png\",\"contentUrl\":\"https:\/\/whelkgoods.com\/wp-content\/uploads\/2023\/08\/Whelk-Goods-Logo.png\",\"width\":750,\"height\":253,\"caption\":\"Whelk | Marque qu\u00e9b\u00e9coise\"},\"image\":{\"@id\":\"https:\/\/whelkgoods.com\/fr\/#\/schema\/logo\/image\/\"}}]}<\/script>\n<!-- \/ Yoast SEO plugin. -->","yoast_head_json":{"title":"Casquette de sport PRFO - Whelk | Marque qu\u00e9b\u00e9coise","robots":{"index":"index","follow":"follow","max-snippet":"max-snippet:-1","max-image-preview":"max-image-preview:large","max-video-preview":"max-video-preview:-1"},"canonical":"https:\/\/whelkgoods.com\/fr\/produit\/casquette-performance\/","og_locale":"fr_FR","og_type":"article","og_title":"Casquette de sport PRFO - Whelk | Marque qu\u00e9b\u00e9coise","og_description":"La casquette PRFO (prononcez \"performance\") est id\u00e9ale pour ceux qui sont toujours en mouvement. Cette casquette est l\u00e9g\u00e8re, respirante et dot\u00e9e de notre technologie de visi\u00e8re Blutech.   Pratique : L\u00e9g\u00e8re pour un usage quotidien, que ce soit en ville ou lors d'une escapade le week-end.  Renforc\u00e9e : Le tissu est maill\u00e9 pour une plus grande durabilit\u00e9 et un look \u00e9l\u00e9gant.  Flexible : Dot\u00e9e de notre visi\u00e8re Blutech, qui est suffisamment souple pour se courber \u00e0 votre guise, tout en \u00e9tant suffisamment rigide pour conserver sa forme.  Outdoorsy : Evacue l'humidit\u00e9 et s\u00e8che rapidement, id\u00e9al pour les aventures en plein air.","og_url":"https:\/\/whelkgoods.com\/fr\/produit\/casquette-performance\/","og_site_name":"Whelk | Marque qu\u00e9b\u00e9coise","article_modified_time":"2025-11-09T22:57:37+00:00","og_image":[{"width":1000,"height":1000,"url":"https:\/\/whelkgoods.com\/wp-content\/uploads\/2024\/03\/Black-PRFO-Cap-Front.jpg","type":"image\/jpeg"}],"twitter_card":"summary_large_image","twitter_misc":{"Dur\u00e9e de lecture estim\u00e9e":"1 minute"},"schema":{"@context":"https:\/\/schema.org","@graph":[{"@type":"WebPage","@id":"https:\/\/whelkgoods.com\/fr\/produit\/casquette-performance\/","url":"https:\/\/whelkgoods.com\/fr\/produit\/casquette-performance\/","name":"Casquette de sport PRFO - Whelk | Marque qu\u00e9b\u00e9coise","isPartOf":{"@id":"https:\/\/whelkgoods.com\/fr\/#website"},"primaryImageOfPage":{"@id":"https:\/\/whelkgoods.com\/fr\/produit\/casquette-performance\/#primaryimage"},"image":{"@id":"https:\/\/whelkgoods.com\/fr\/produit\/casquette-performance\/#primaryimage"},"thumbnailUrl":"https:\/\/whelkgoods.com\/wp-content\/uploads\/2024\/03\/Black-PRFO-Cap-Front.jpg","datePublished":"2024-03-26T00:18:46+00:00","dateModified":"2025-11-09T22:57:37+00:00","breadcrumb":{"@id":"https:\/\/whelkgoods.com\/fr\/produit\/casquette-performance\/#breadcrumb"},"inLanguage":"fr-FR","potentialAction":[{"@type":"ReadAction","target":["https:\/\/whelkgoods.com\/fr\/produit\/casquette-performance\/"]}]},{"@type":"ImageObject","inLanguage":"fr-FR","@id":"https:\/\/whelkgoods.com\/fr\/produit\/casquette-performance\/#primaryimage","url":"https:\/\/whelkgoods.com\/wp-content\/uploads\/2024\/03\/Black-PRFO-Cap-Front.jpg","contentUrl":"https:\/\/whelkgoods.com\/wp-content\/uploads\/2024\/03\/Black-PRFO-Cap-Front.jpg","width":1000,"height":1000},{"@type":"BreadcrumbList","@id":"https:\/\/whelkgoods.com\/fr\/produit\/casquette-performance\/#breadcrumb","itemListElement":[{"@type":"ListItem","position":1,"name":"Home","item":"https:\/\/whelkgoods.com\/fr\/accueil\/"},{"@type":"ListItem","position":2,"name":"Boutique de casquettes et tuques \u00e9cologiques","item":"https:\/\/whelkgoods.com\/fr\/boutique\/"},{"@type":"ListItem","position":3,"name":"Casquette de sport PRFO"}]},{"@type":"WebSite","@id":"https:\/\/whelkgoods.com\/fr\/#website","url":"https:\/\/whelkgoods.com\/fr\/","name":"Whelk | Marque qu\u00e9b\u00e9coise","description":"Casquettes et tuques \u00e9coresponsables","publisher":{"@id":"https:\/\/whelkgoods.com\/fr\/#organization"},"potentialAction":[{"@type":"SearchAction","target":{"@type":"EntryPoint","urlTemplate":"https:\/\/whelkgoods.com\/fr\/?s={search_term_string}"},"query-input":{"@type":"PropertyValueSpecification","valueRequired":true,"valueName":"search_term_string"}}],"inLanguage":"fr-FR"},{"@type":"Organization","@id":"https:\/\/whelkgoods.com\/fr\/#organization","name":"Whelk | Marque qu\u00e9b\u00e9coise","url":"https:\/\/whelkgoods.com\/fr\/","logo":{"@type":"ImageObject","inLanguage":"fr-FR","@id":"https:\/\/whelkgoods.com\/fr\/#\/schema\/logo\/image\/","url":"https:\/\/whelkgoods.com\/wp-content\/uploads\/2023\/08\/Whelk-Goods-Logo.png","contentUrl":"https:\/\/whelkgoods.com\/wp-content\/uploads\/2023\/08\/Whelk-Goods-Logo.png","width":750,"height":253,"caption":"Whelk | Marque qu\u00e9b\u00e9coise"},"image":{"@id":"https:\/\/whelkgoods.com\/fr\/#\/schema\/logo\/image\/"}}]}},"_links":{"self":[{"href":"https:\/\/whelkgoods.com\/fr\/wp-json\/wp\/v2\/product\/15299"}],"collection":[{"href":"https:\/\/whelkgoods.com\/fr\/wp-json\/wp\/v2\/product"}],"about":[{"href":"https:\/\/whelkgoods.com\/fr\/wp-json\/wp\/v2\/types\/product"}],"wp:featuredmedia":[{"embeddable":true,"href":"https:\/\/whelkgoods.com\/fr\/wp-json\/wp\/v2\/media\/17182"}],"wp:attachment":[{"href":"https:\/\/whelkgoods.com\/fr\/wp-json\/wp\/v2\/media?parent=15299"}],"wp:term":[{"taxonomy":"product_cat","embeddable":true,"href":"https:\/\/whelkgoods.com\/fr\/wp-json\/wp\/v2\/product_cat?post=15299"},{"taxonomy":"product_tag","embeddable":true,"href":"https:\/\/whelkgoods.com\/fr\/wp-json\/wp\/v2\/product_tag?post=15299"}],"curies":[{"name":"wp","href":"https:\/\/api.w.org\/{rel}","templated":true}]}}