{"id":15669,"date":"2024-04-07T14:30:57","date_gmt":"2024-04-07T22:20:17","guid":{"rendered":"https:\/\/www.whelkgoods.com\/?post_type=product&#038;p=15669"},"modified":"2026-03-18T07:27:52","modified_gmt":"2026-03-18T11:27:52","slug":"casquette-macareux-moine","status":"publish","type":"product","link":"https:\/\/whelkgoods.com\/fr\/produit\/casquette-macareux-moine\/","title":{"rendered":"Casquette macareux moine"},"content":{"rendered":"","protected":false},"excerpt":{"rendered":"<p>Notre macareux moine est le symbole officiel de Terre-Neuve-et-Labrador, au Canada. Il est connu pour son plumage noir et blanc embl\u00e9matique et son bec orange vif. Bien qu&rsquo;il ne soit pas en voie de disparition, le macareux est confront\u00e9 \u00e0 un d\u00e9clin de sa population en raison de menaces telles que la surp\u00eache et la pollution, en particulier les mar\u00e9es noires, qui non seulement affectent sa sant\u00e9 mais endommagent \u00e9galement ses plumes imperm\u00e9ables vitales.<\/p>\n","protected":false},"featured_media":17312,"template":"","meta":[],"product_cat":[206,51,229,227],"product_tag":[],"class_list":{"0":"post-15669","1":"product","2":"type-product","3":"status-publish","4":"has-post-thumbnail","6":"product_cat-casquettes-blutech","7":"product_cat-casquettes","8":"product_cat-collection-canada","9":"product_cat-chapeaux","11":"first","12":"instock","13":"taxable","14":"shipping-taxable","15":"purchasable","16":"product-type-variable","17":"has-default-attributes"},"yoast_head":"<!-- This site is optimized with the Yoast SEO plugin v23.5 - https:\/\/yoast.com\/wordpress\/plugins\/seo\/ -->\n<title>Casquette macareux moine - Whelk | Marque qu\u00e9b\u00e9coise<\/title>\n<meta name=\"robots\" content=\"index, follow, max-snippet:-1, max-image-preview:large, max-video-preview:-1\" \/>\n<link rel=\"canonical\" href=\"https:\/\/whelkgoods.com\/fr\/produit\/casquette-macareux-moine\/\" \/>\n<meta property=\"og:locale\" content=\"fr_FR\" \/>\n<meta property=\"og:type\" content=\"article\" \/>\n<meta property=\"og:title\" content=\"Casquette macareux moine - Whelk | Marque qu\u00e9b\u00e9coise\" \/>\n<meta property=\"og:description\" content=\"Notre macareux moine est le symbole officiel de Terre-Neuve-et-Labrador, au Canada. Il est connu pour son plumage noir et blanc embl\u00e9matique et son bec orange vif. Bien qu&#039;il ne soit pas en voie de disparition, le macareux est confront\u00e9 \u00e0 un d\u00e9clin de sa population en raison de menaces telles que la surp\u00eache et la pollution, en particulier les mar\u00e9es noires, qui non seulement affectent sa sant\u00e9 mais endommagent \u00e9galement ses plumes imperm\u00e9ables vitales.\" \/>\n<meta property=\"og:url\" content=\"https:\/\/whelkgoods.com\/fr\/produit\/casquette-macareux-moine\/\" \/>\n<meta property=\"og:site_name\" content=\"Whelk | Marque qu\u00e9b\u00e9coise\" \/>\n<meta property=\"article:modified_time\" content=\"2026-03-18T11:27:52+00:00\" \/>\n<meta property=\"og:image\" content=\"https:\/\/whelkgoods.com\/wp-content\/uploads\/2024\/04\/Atlantic-Puffin-e1712514638644.jpg\" \/>\n\t<meta property=\"og:image:width\" content=\"1000\" \/>\n\t<meta property=\"og:image:height\" content=\"1000\" \/>\n\t<meta property=\"og:image:type\" content=\"image\/jpeg\" \/>\n<meta name=\"twitter:card\" content=\"summary_large_image\" \/>\n<meta name=\"twitter:label1\" content=\"Dur\u00e9e de lecture estim\u00e9e\" \/>\n\t<meta name=\"twitter:data1\" content=\"1 minute\" \/>\n<script type=\"application\/ld+json\" class=\"yoast-schema-graph\">{\"@context\":\"https:\/\/schema.org\",\"@graph\":[{\"@type\":\"WebPage\",\"@id\":\"https:\/\/whelkgoods.com\/fr\/produit\/casquette-macareux-moine\/\",\"url\":\"https:\/\/whelkgoods.com\/fr\/produit\/casquette-macareux-moine\/\",\"name\":\"Casquette macareux moine - Whelk | Marque qu\u00e9b\u00e9coise\",\"isPartOf\":{\"@id\":\"https:\/\/whelkgoods.com\/fr\/#website\"},\"primaryImageOfPage\":{\"@id\":\"https:\/\/whelkgoods.com\/fr\/produit\/casquette-macareux-moine\/#primaryimage\"},\"image\":{\"@id\":\"https:\/\/whelkgoods.com\/fr\/produit\/casquette-macareux-moine\/#primaryimage\"},\"thumbnailUrl\":\"https:\/\/whelkgoods.com\/wp-content\/uploads\/2025\/03\/MAIN-Puffin.png\",\"datePublished\":\"2024-04-07T22:20:17+00:00\",\"dateModified\":\"2026-03-18T11:27:52+00:00\",\"breadcrumb\":{\"@id\":\"https:\/\/whelkgoods.com\/fr\/produit\/casquette-macareux-moine\/#breadcrumb\"},\"inLanguage\":\"fr-FR\",\"potentialAction\":[{\"@type\":\"ReadAction\",\"target\":[\"https:\/\/whelkgoods.com\/fr\/produit\/casquette-macareux-moine\/\"]}]},{\"@type\":\"ImageObject\",\"inLanguage\":\"fr-FR\",\"@id\":\"https:\/\/whelkgoods.com\/fr\/produit\/casquette-macareux-moine\/#primaryimage\",\"url\":\"https:\/\/whelkgoods.com\/wp-content\/uploads\/2025\/03\/MAIN-Puffin.png\",\"contentUrl\":\"https:\/\/whelkgoods.com\/wp-content\/uploads\/2025\/03\/MAIN-Puffin.png\",\"width\":1000,\"height\":1000},{\"@type\":\"BreadcrumbList\",\"@id\":\"https:\/\/whelkgoods.com\/fr\/produit\/casquette-macareux-moine\/#breadcrumb\",\"itemListElement\":[{\"@type\":\"ListItem\",\"position\":1,\"name\":\"Home\",\"item\":\"https:\/\/whelkgoods.com\/fr\/accueil\/\"},{\"@type\":\"ListItem\",\"position\":2,\"name\":\"Boutique de casquettes et tuques \u00e9cologiques\",\"item\":\"https:\/\/whelkgoods.com\/fr\/boutique\/\"},{\"@type\":\"ListItem\",\"position\":3,\"name\":\"Casquette macareux moine\"}]},{\"@type\":\"WebSite\",\"@id\":\"https:\/\/whelkgoods.com\/fr\/#website\",\"url\":\"https:\/\/whelkgoods.com\/fr\/\",\"name\":\"Whelk | Marque qu\u00e9b\u00e9coise\",\"description\":\"Casquettes et tuques \u00e9coresponsables\",\"publisher\":{\"@id\":\"https:\/\/whelkgoods.com\/fr\/#organization\"},\"potentialAction\":[{\"@type\":\"SearchAction\",\"target\":{\"@type\":\"EntryPoint\",\"urlTemplate\":\"https:\/\/whelkgoods.com\/fr\/?s={search_term_string}\"},\"query-input\":{\"@type\":\"PropertyValueSpecification\",\"valueRequired\":true,\"valueName\":\"search_term_string\"}}],\"inLanguage\":\"fr-FR\"},{\"@type\":\"Organization\",\"@id\":\"https:\/\/whelkgoods.com\/fr\/#organization\",\"name\":\"Whelk | Marque qu\u00e9b\u00e9coise\",\"url\":\"https:\/\/whelkgoods.com\/fr\/\",\"logo\":{\"@type\":\"ImageObject\",\"inLanguage\":\"fr-FR\",\"@id\":\"https:\/\/whelkgoods.com\/fr\/#\/schema\/logo\/image\/\",\"url\":\"https:\/\/whelkgoods.com\/wp-content\/uploads\/2023\/08\/Whelk-Goods-Logo.png\",\"contentUrl\":\"https:\/\/whelkgoods.com\/wp-content\/uploads\/2023\/08\/Whelk-Goods-Logo.png\",\"width\":750,\"height\":253,\"caption\":\"Whelk | Marque qu\u00e9b\u00e9coise\"},\"image\":{\"@id\":\"https:\/\/whelkgoods.com\/fr\/#\/schema\/logo\/image\/\"}}]}<\/script>\n<!-- \/ Yoast SEO plugin. -->","yoast_head_json":{"title":"Casquette macareux moine - Whelk | Marque qu\u00e9b\u00e9coise","robots":{"index":"index","follow":"follow","max-snippet":"max-snippet:-1","max-image-preview":"max-image-preview:large","max-video-preview":"max-video-preview:-1"},"canonical":"https:\/\/whelkgoods.com\/fr\/produit\/casquette-macareux-moine\/","og_locale":"fr_FR","og_type":"article","og_title":"Casquette macareux moine - Whelk | Marque qu\u00e9b\u00e9coise","og_description":"Notre macareux moine est le symbole officiel de Terre-Neuve-et-Labrador, au Canada. Il est connu pour son plumage noir et blanc embl\u00e9matique et son bec orange vif. Bien qu'il ne soit pas en voie de disparition, le macareux est confront\u00e9 \u00e0 un d\u00e9clin de sa population en raison de menaces telles que la surp\u00eache et la pollution, en particulier les mar\u00e9es noires, qui non seulement affectent sa sant\u00e9 mais endommagent \u00e9galement ses plumes imperm\u00e9ables vitales.","og_url":"https:\/\/whelkgoods.com\/fr\/produit\/casquette-macareux-moine\/","og_site_name":"Whelk | Marque qu\u00e9b\u00e9coise","article_modified_time":"2026-03-18T11:27:52+00:00","og_image":[{"width":1000,"height":1000,"url":"https:\/\/whelkgoods.com\/wp-content\/uploads\/2024\/04\/Atlantic-Puffin-e1712514638644.jpg","type":"image\/jpeg"}],"twitter_card":"summary_large_image","twitter_misc":{"Dur\u00e9e de lecture estim\u00e9e":"1 minute"},"schema":{"@context":"https:\/\/schema.org","@graph":[{"@type":"WebPage","@id":"https:\/\/whelkgoods.com\/fr\/produit\/casquette-macareux-moine\/","url":"https:\/\/whelkgoods.com\/fr\/produit\/casquette-macareux-moine\/","name":"Casquette macareux moine - Whelk | Marque qu\u00e9b\u00e9coise","isPartOf":{"@id":"https:\/\/whelkgoods.com\/fr\/#website"},"primaryImageOfPage":{"@id":"https:\/\/whelkgoods.com\/fr\/produit\/casquette-macareux-moine\/#primaryimage"},"image":{"@id":"https:\/\/whelkgoods.com\/fr\/produit\/casquette-macareux-moine\/#primaryimage"},"thumbnailUrl":"https:\/\/whelkgoods.com\/wp-content\/uploads\/2025\/03\/MAIN-Puffin.png","datePublished":"2024-04-07T22:20:17+00:00","dateModified":"2026-03-18T11:27:52+00:00","breadcrumb":{"@id":"https:\/\/whelkgoods.com\/fr\/produit\/casquette-macareux-moine\/#breadcrumb"},"inLanguage":"fr-FR","potentialAction":[{"@type":"ReadAction","target":["https:\/\/whelkgoods.com\/fr\/produit\/casquette-macareux-moine\/"]}]},{"@type":"ImageObject","inLanguage":"fr-FR","@id":"https:\/\/whelkgoods.com\/fr\/produit\/casquette-macareux-moine\/#primaryimage","url":"https:\/\/whelkgoods.com\/wp-content\/uploads\/2025\/03\/MAIN-Puffin.png","contentUrl":"https:\/\/whelkgoods.com\/wp-content\/uploads\/2025\/03\/MAIN-Puffin.png","width":1000,"height":1000},{"@type":"BreadcrumbList","@id":"https:\/\/whelkgoods.com\/fr\/produit\/casquette-macareux-moine\/#breadcrumb","itemListElement":[{"@type":"ListItem","position":1,"name":"Home","item":"https:\/\/whelkgoods.com\/fr\/accueil\/"},{"@type":"ListItem","position":2,"name":"Boutique de casquettes et tuques \u00e9cologiques","item":"https:\/\/whelkgoods.com\/fr\/boutique\/"},{"@type":"ListItem","position":3,"name":"Casquette macareux moine"}]},{"@type":"WebSite","@id":"https:\/\/whelkgoods.com\/fr\/#website","url":"https:\/\/whelkgoods.com\/fr\/","name":"Whelk | Marque qu\u00e9b\u00e9coise","description":"Casquettes et tuques \u00e9coresponsables","publisher":{"@id":"https:\/\/whelkgoods.com\/fr\/#organization"},"potentialAction":[{"@type":"SearchAction","target":{"@type":"EntryPoint","urlTemplate":"https:\/\/whelkgoods.com\/fr\/?s={search_term_string}"},"query-input":{"@type":"PropertyValueSpecification","valueRequired":true,"valueName":"search_term_string"}}],"inLanguage":"fr-FR"},{"@type":"Organization","@id":"https:\/\/whelkgoods.com\/fr\/#organization","name":"Whelk | Marque qu\u00e9b\u00e9coise","url":"https:\/\/whelkgoods.com\/fr\/","logo":{"@type":"ImageObject","inLanguage":"fr-FR","@id":"https:\/\/whelkgoods.com\/fr\/#\/schema\/logo\/image\/","url":"https:\/\/whelkgoods.com\/wp-content\/uploads\/2023\/08\/Whelk-Goods-Logo.png","contentUrl":"https:\/\/whelkgoods.com\/wp-content\/uploads\/2023\/08\/Whelk-Goods-Logo.png","width":750,"height":253,"caption":"Whelk | Marque qu\u00e9b\u00e9coise"},"image":{"@id":"https:\/\/whelkgoods.com\/fr\/#\/schema\/logo\/image\/"}}]}},"_links":{"self":[{"href":"https:\/\/whelkgoods.com\/fr\/wp-json\/wp\/v2\/product\/15669"}],"collection":[{"href":"https:\/\/whelkgoods.com\/fr\/wp-json\/wp\/v2\/product"}],"about":[{"href":"https:\/\/whelkgoods.com\/fr\/wp-json\/wp\/v2\/types\/product"}],"wp:featuredmedia":[{"embeddable":true,"href":"https:\/\/whelkgoods.com\/fr\/wp-json\/wp\/v2\/media\/17312"}],"wp:attachment":[{"href":"https:\/\/whelkgoods.com\/fr\/wp-json\/wp\/v2\/media?parent=15669"}],"wp:term":[{"taxonomy":"product_cat","embeddable":true,"href":"https:\/\/whelkgoods.com\/fr\/wp-json\/wp\/v2\/product_cat?post=15669"},{"taxonomy":"product_tag","embeddable":true,"href":"https:\/\/whelkgoods.com\/fr\/wp-json\/wp\/v2\/product_tag?post=15669"}],"curies":[{"name":"wp","href":"https:\/\/api.w.org\/{rel}","templated":true}]}}