{"id":15672,"date":"2024-04-04T21:54:17","date_gmt":"2024-04-07T22:20:36","guid":{"rendered":"https:\/\/www.whelkgoods.com\/?post_type=product&#038;p=15672"},"modified":"2025-04-12T17:47:42","modified_gmt":"2025-04-12T21:47:42","slug":"casquette-ours-polaire","status":"publish","type":"product","link":"https:\/\/whelkgoods.com\/fr\/produit\/casquette-ours-polaire\/","title":{"rendered":"Casquette ours polaire"},"content":{"rendered":"","protected":false},"excerpt":{"rendered":"<p>Le puissant ours polaire est le symbole de la r\u00e9silience de l&rsquo;Arctique. Leur survie d\u00e9pendant de la pr\u00e9sence de la glace de mer. Ces animaux sont des indicateurs cruciaux du changement climatique, et une partie importante de la population r\u00e9side au Canada. Son nom latin, <em>Ursus maritimus<\/em>, qui signifie \u00ab\u00a0ours de mer\u00a0\u00bb, souligne ses liens \u00e9troits avec les habitats marins.<\/p>\n","protected":false},"featured_media":15658,"template":"","meta":[],"product_cat":[206,51,229,227],"product_tag":[],"class_list":{"0":"post-15672","1":"product","2":"type-product","3":"status-publish","4":"has-post-thumbnail","6":"product_cat-casquettes-blutech","7":"product_cat-casquettes","8":"product_cat-collection-canada","9":"product_cat-chapeaux","11":"first","12":"outofstock","13":"taxable","14":"shipping-taxable","15":"purchasable","16":"product-type-variable","17":"has-default-attributes"},"yoast_head":"<!-- This site is optimized with the Yoast SEO plugin v23.5 - https:\/\/yoast.com\/wordpress\/plugins\/seo\/ -->\n<title>Casquette ours polaire - Whelk | Marque qu\u00e9b\u00e9coise<\/title>\n<meta name=\"robots\" content=\"index, follow, max-snippet:-1, max-image-preview:large, max-video-preview:-1\" \/>\n<link rel=\"canonical\" href=\"https:\/\/whelkgoods.com\/fr\/produit\/casquette-ours-polaire\/\" \/>\n<meta property=\"og:locale\" content=\"fr_FR\" \/>\n<meta property=\"og:type\" content=\"article\" \/>\n<meta property=\"og:title\" content=\"Casquette ours polaire - Whelk | Marque qu\u00e9b\u00e9coise\" \/>\n<meta property=\"og:description\" content=\"Le puissant ours polaire est le symbole de la r\u00e9silience de l&#039;Arctique. Leur survie d\u00e9pendant de la pr\u00e9sence de la glace de mer. Ces animaux sont des indicateurs cruciaux du changement climatique, et une partie importante de la population r\u00e9side au Canada. Son nom latin, Ursus maritimus, qui signifie &quot;ours de mer&quot;, souligne ses liens \u00e9troits avec les habitats marins.\" \/>\n<meta property=\"og:url\" content=\"https:\/\/whelkgoods.com\/fr\/produit\/casquette-ours-polaire\/\" \/>\n<meta property=\"og:site_name\" content=\"Whelk | Marque qu\u00e9b\u00e9coise\" \/>\n<meta property=\"article:modified_time\" content=\"2025-04-12T21:47:42+00:00\" \/>\n<meta property=\"og:image\" content=\"https:\/\/whelkgoods.com\/wp-content\/uploads\/2024\/04\/Polar-Bear.jpg\" \/>\n\t<meta property=\"og:image:width\" content=\"1000\" \/>\n\t<meta property=\"og:image:height\" content=\"1000\" \/>\n\t<meta property=\"og:image:type\" content=\"image\/jpeg\" \/>\n<meta name=\"twitter:card\" content=\"summary_large_image\" \/>\n<meta name=\"twitter:label1\" content=\"Dur\u00e9e de lecture estim\u00e9e\" \/>\n\t<meta name=\"twitter:data1\" content=\"1 minute\" \/>\n<script type=\"application\/ld+json\" class=\"yoast-schema-graph\">{\"@context\":\"https:\/\/schema.org\",\"@graph\":[{\"@type\":\"WebPage\",\"@id\":\"https:\/\/whelkgoods.com\/fr\/produit\/casquette-ours-polaire\/\",\"url\":\"https:\/\/whelkgoods.com\/fr\/produit\/casquette-ours-polaire\/\",\"name\":\"Casquette ours polaire - Whelk | Marque qu\u00e9b\u00e9coise\",\"isPartOf\":{\"@id\":\"https:\/\/whelkgoods.com\/fr\/#website\"},\"primaryImageOfPage\":{\"@id\":\"https:\/\/whelkgoods.com\/fr\/produit\/casquette-ours-polaire\/#primaryimage\"},\"image\":{\"@id\":\"https:\/\/whelkgoods.com\/fr\/produit\/casquette-ours-polaire\/#primaryimage\"},\"thumbnailUrl\":\"https:\/\/whelkgoods.com\/wp-content\/uploads\/2024\/04\/Polar-Bear.jpg\",\"datePublished\":\"2024-04-07T22:20:36+00:00\",\"dateModified\":\"2025-04-12T21:47:42+00:00\",\"breadcrumb\":{\"@id\":\"https:\/\/whelkgoods.com\/fr\/produit\/casquette-ours-polaire\/#breadcrumb\"},\"inLanguage\":\"fr-FR\",\"potentialAction\":[{\"@type\":\"ReadAction\",\"target\":[\"https:\/\/whelkgoods.com\/fr\/produit\/casquette-ours-polaire\/\"]}]},{\"@type\":\"ImageObject\",\"inLanguage\":\"fr-FR\",\"@id\":\"https:\/\/whelkgoods.com\/fr\/produit\/casquette-ours-polaire\/#primaryimage\",\"url\":\"https:\/\/whelkgoods.com\/wp-content\/uploads\/2024\/04\/Polar-Bear.jpg\",\"contentUrl\":\"https:\/\/whelkgoods.com\/wp-content\/uploads\/2024\/04\/Polar-Bear.jpg\",\"width\":1000,\"height\":1000},{\"@type\":\"BreadcrumbList\",\"@id\":\"https:\/\/whelkgoods.com\/fr\/produit\/casquette-ours-polaire\/#breadcrumb\",\"itemListElement\":[{\"@type\":\"ListItem\",\"position\":1,\"name\":\"Home\",\"item\":\"https:\/\/whelkgoods.com\/fr\/accueil\/\"},{\"@type\":\"ListItem\",\"position\":2,\"name\":\"Boutique de casquettes et tuques \u00e9cologiques\",\"item\":\"https:\/\/whelkgoods.com\/fr\/boutique\/\"},{\"@type\":\"ListItem\",\"position\":3,\"name\":\"Casquette ours polaire\"}]},{\"@type\":\"WebSite\",\"@id\":\"https:\/\/whelkgoods.com\/fr\/#website\",\"url\":\"https:\/\/whelkgoods.com\/fr\/\",\"name\":\"Whelk | Marque qu\u00e9b\u00e9coise\",\"description\":\"Casquettes et tuques \u00e9coresponsables\",\"publisher\":{\"@id\":\"https:\/\/whelkgoods.com\/fr\/#organization\"},\"potentialAction\":[{\"@type\":\"SearchAction\",\"target\":{\"@type\":\"EntryPoint\",\"urlTemplate\":\"https:\/\/whelkgoods.com\/fr\/?s={search_term_string}\"},\"query-input\":{\"@type\":\"PropertyValueSpecification\",\"valueRequired\":true,\"valueName\":\"search_term_string\"}}],\"inLanguage\":\"fr-FR\"},{\"@type\":\"Organization\",\"@id\":\"https:\/\/whelkgoods.com\/fr\/#organization\",\"name\":\"Whelk | Marque qu\u00e9b\u00e9coise\",\"url\":\"https:\/\/whelkgoods.com\/fr\/\",\"logo\":{\"@type\":\"ImageObject\",\"inLanguage\":\"fr-FR\",\"@id\":\"https:\/\/whelkgoods.com\/fr\/#\/schema\/logo\/image\/\",\"url\":\"https:\/\/whelkgoods.com\/wp-content\/uploads\/2023\/08\/Whelk-Goods-Logo.png\",\"contentUrl\":\"https:\/\/whelkgoods.com\/wp-content\/uploads\/2023\/08\/Whelk-Goods-Logo.png\",\"width\":750,\"height\":253,\"caption\":\"Whelk | Marque qu\u00e9b\u00e9coise\"},\"image\":{\"@id\":\"https:\/\/whelkgoods.com\/fr\/#\/schema\/logo\/image\/\"}}]}<\/script>\n<!-- \/ Yoast SEO plugin. -->","yoast_head_json":{"title":"Casquette ours polaire - Whelk | Marque qu\u00e9b\u00e9coise","robots":{"index":"index","follow":"follow","max-snippet":"max-snippet:-1","max-image-preview":"max-image-preview:large","max-video-preview":"max-video-preview:-1"},"canonical":"https:\/\/whelkgoods.com\/fr\/produit\/casquette-ours-polaire\/","og_locale":"fr_FR","og_type":"article","og_title":"Casquette ours polaire - Whelk | Marque qu\u00e9b\u00e9coise","og_description":"Le puissant ours polaire est le symbole de la r\u00e9silience de l'Arctique. Leur survie d\u00e9pendant de la pr\u00e9sence de la glace de mer. Ces animaux sont des indicateurs cruciaux du changement climatique, et une partie importante de la population r\u00e9side au Canada. Son nom latin, Ursus maritimus, qui signifie \"ours de mer\", souligne ses liens \u00e9troits avec les habitats marins.","og_url":"https:\/\/whelkgoods.com\/fr\/produit\/casquette-ours-polaire\/","og_site_name":"Whelk | Marque qu\u00e9b\u00e9coise","article_modified_time":"2025-04-12T21:47:42+00:00","og_image":[{"width":1000,"height":1000,"url":"https:\/\/whelkgoods.com\/wp-content\/uploads\/2024\/04\/Polar-Bear.jpg","type":"image\/jpeg"}],"twitter_card":"summary_large_image","twitter_misc":{"Dur\u00e9e de lecture estim\u00e9e":"1 minute"},"schema":{"@context":"https:\/\/schema.org","@graph":[{"@type":"WebPage","@id":"https:\/\/whelkgoods.com\/fr\/produit\/casquette-ours-polaire\/","url":"https:\/\/whelkgoods.com\/fr\/produit\/casquette-ours-polaire\/","name":"Casquette ours polaire - Whelk | Marque qu\u00e9b\u00e9coise","isPartOf":{"@id":"https:\/\/whelkgoods.com\/fr\/#website"},"primaryImageOfPage":{"@id":"https:\/\/whelkgoods.com\/fr\/produit\/casquette-ours-polaire\/#primaryimage"},"image":{"@id":"https:\/\/whelkgoods.com\/fr\/produit\/casquette-ours-polaire\/#primaryimage"},"thumbnailUrl":"https:\/\/whelkgoods.com\/wp-content\/uploads\/2024\/04\/Polar-Bear.jpg","datePublished":"2024-04-07T22:20:36+00:00","dateModified":"2025-04-12T21:47:42+00:00","breadcrumb":{"@id":"https:\/\/whelkgoods.com\/fr\/produit\/casquette-ours-polaire\/#breadcrumb"},"inLanguage":"fr-FR","potentialAction":[{"@type":"ReadAction","target":["https:\/\/whelkgoods.com\/fr\/produit\/casquette-ours-polaire\/"]}]},{"@type":"ImageObject","inLanguage":"fr-FR","@id":"https:\/\/whelkgoods.com\/fr\/produit\/casquette-ours-polaire\/#primaryimage","url":"https:\/\/whelkgoods.com\/wp-content\/uploads\/2024\/04\/Polar-Bear.jpg","contentUrl":"https:\/\/whelkgoods.com\/wp-content\/uploads\/2024\/04\/Polar-Bear.jpg","width":1000,"height":1000},{"@type":"BreadcrumbList","@id":"https:\/\/whelkgoods.com\/fr\/produit\/casquette-ours-polaire\/#breadcrumb","itemListElement":[{"@type":"ListItem","position":1,"name":"Home","item":"https:\/\/whelkgoods.com\/fr\/accueil\/"},{"@type":"ListItem","position":2,"name":"Boutique de casquettes et tuques \u00e9cologiques","item":"https:\/\/whelkgoods.com\/fr\/boutique\/"},{"@type":"ListItem","position":3,"name":"Casquette ours polaire"}]},{"@type":"WebSite","@id":"https:\/\/whelkgoods.com\/fr\/#website","url":"https:\/\/whelkgoods.com\/fr\/","name":"Whelk | Marque qu\u00e9b\u00e9coise","description":"Casquettes et tuques \u00e9coresponsables","publisher":{"@id":"https:\/\/whelkgoods.com\/fr\/#organization"},"potentialAction":[{"@type":"SearchAction","target":{"@type":"EntryPoint","urlTemplate":"https:\/\/whelkgoods.com\/fr\/?s={search_term_string}"},"query-input":{"@type":"PropertyValueSpecification","valueRequired":true,"valueName":"search_term_string"}}],"inLanguage":"fr-FR"},{"@type":"Organization","@id":"https:\/\/whelkgoods.com\/fr\/#organization","name":"Whelk | Marque qu\u00e9b\u00e9coise","url":"https:\/\/whelkgoods.com\/fr\/","logo":{"@type":"ImageObject","inLanguage":"fr-FR","@id":"https:\/\/whelkgoods.com\/fr\/#\/schema\/logo\/image\/","url":"https:\/\/whelkgoods.com\/wp-content\/uploads\/2023\/08\/Whelk-Goods-Logo.png","contentUrl":"https:\/\/whelkgoods.com\/wp-content\/uploads\/2023\/08\/Whelk-Goods-Logo.png","width":750,"height":253,"caption":"Whelk | Marque qu\u00e9b\u00e9coise"},"image":{"@id":"https:\/\/whelkgoods.com\/fr\/#\/schema\/logo\/image\/"}}]}},"_links":{"self":[{"href":"https:\/\/whelkgoods.com\/fr\/wp-json\/wp\/v2\/product\/15672"}],"collection":[{"href":"https:\/\/whelkgoods.com\/fr\/wp-json\/wp\/v2\/product"}],"about":[{"href":"https:\/\/whelkgoods.com\/fr\/wp-json\/wp\/v2\/types\/product"}],"wp:featuredmedia":[{"embeddable":true,"href":"https:\/\/whelkgoods.com\/fr\/wp-json\/wp\/v2\/media\/15658"}],"wp:attachment":[{"href":"https:\/\/whelkgoods.com\/fr\/wp-json\/wp\/v2\/media?parent=15672"}],"wp:term":[{"taxonomy":"product_cat","embeddable":true,"href":"https:\/\/whelkgoods.com\/fr\/wp-json\/wp\/v2\/product_cat?post=15672"},{"taxonomy":"product_tag","embeddable":true,"href":"https:\/\/whelkgoods.com\/fr\/wp-json\/wp\/v2\/product_tag?post=15672"}],"curies":[{"name":"wp","href":"https:\/\/api.w.org\/{rel}","templated":true}]}}