{"id":15678,"date":"2024-04-07T18:21:00","date_gmt":"2024-04-07T22:21:01","guid":{"rendered":"https:\/\/www.whelkgoods.com\/?post_type=product&#038;p=15678"},"modified":"2026-04-15T18:14:46","modified_gmt":"2026-04-15T22:14:46","slug":"casquette-geai-bleu","status":"publish","type":"product","link":"https:\/\/whelkgoods.com\/fr\/produit\/casquette-geai-bleu\/","title":{"rendered":"Casquette geai bleu"},"content":{"rendered":"","protected":false},"excerpt":{"rendered":"<p>R\u00e9put\u00e9 pour son plumage \u00e9clatant et son intelligence, le geai bleu a \u00e9t\u00e9 officiellement \u00e9lu oiseau provincial de l&rsquo;\u00cele-du-Prince-\u00c9douard, au Canada, \u00e0 la fin des ann\u00e9es 1970. Facilement identifiable, le geai bleu est l&rsquo;un des oiseaux les plus reconnaissables d&rsquo;Am\u00e9rique du Nord, ce qui lui m\u00e9rite sa place dans notre <a href=\"https:\/\/www.whelkgoods.com\/fr\/categorie-produit\/collection-canada\/\" target=\"_blank\" rel=\"noopener\">collection Canada<\/a>.<\/p>\n","protected":false},"featured_media":17300,"template":"","meta":[],"product_cat":[206,51,229,227],"product_tag":[],"class_list":{"0":"post-15678","1":"product","2":"type-product","3":"status-publish","4":"has-post-thumbnail","6":"product_cat-casquettes-blutech","7":"product_cat-casquettes","8":"product_cat-collection-canada","9":"product_cat-chapeaux","11":"first","12":"outofstock","13":"taxable","14":"shipping-taxable","15":"purchasable","16":"product-type-variable","17":"has-default-attributes"},"yoast_head":"<!-- This site is optimized with the Yoast SEO plugin v23.5 - https:\/\/yoast.com\/wordpress\/plugins\/seo\/ -->\n<title>Casquette geai bleu - Whelk | Marque qu\u00e9b\u00e9coise<\/title>\n<meta name=\"robots\" content=\"index, follow, max-snippet:-1, max-image-preview:large, max-video-preview:-1\" \/>\n<link rel=\"canonical\" href=\"https:\/\/whelkgoods.com\/fr\/produit\/casquette-geai-bleu\/\" \/>\n<meta property=\"og:locale\" content=\"fr_FR\" \/>\n<meta property=\"og:type\" content=\"article\" \/>\n<meta property=\"og:title\" content=\"Casquette geai bleu - Whelk | Marque qu\u00e9b\u00e9coise\" \/>\n<meta property=\"og:description\" content=\"R\u00e9put\u00e9 pour son plumage \u00e9clatant et son intelligence, le geai bleu a \u00e9t\u00e9 officiellement \u00e9lu oiseau provincial de l&#039;\u00cele-du-Prince-\u00c9douard, au Canada, \u00e0 la fin des ann\u00e9es 1970. Facilement identifiable, le geai bleu est l&#039;un des oiseaux les plus reconnaissables d&#039;Am\u00e9rique du Nord, ce qui lui m\u00e9rite sa place dans notre collection Canada.\" \/>\n<meta property=\"og:url\" content=\"https:\/\/whelkgoods.com\/fr\/produit\/casquette-geai-bleu\/\" \/>\n<meta property=\"og:site_name\" content=\"Whelk | Marque qu\u00e9b\u00e9coise\" \/>\n<meta property=\"article:modified_time\" content=\"2026-04-15T22:14:46+00:00\" \/>\n<meta property=\"og:image\" content=\"https:\/\/whelkgoods.com\/wp-content\/uploads\/2024\/04\/Blue-Jay-e1712529929458.png\" \/>\n\t<meta property=\"og:image:width\" content=\"1000\" \/>\n\t<meta property=\"og:image:height\" content=\"1000\" \/>\n\t<meta property=\"og:image:type\" content=\"image\/png\" \/>\n<meta name=\"twitter:card\" content=\"summary_large_image\" \/>\n<meta name=\"twitter:label1\" content=\"Dur\u00e9e de lecture estim\u00e9e\" \/>\n\t<meta name=\"twitter:data1\" content=\"1 minute\" \/>\n<script type=\"application\/ld+json\" class=\"yoast-schema-graph\">{\"@context\":\"https:\/\/schema.org\",\"@graph\":[{\"@type\":\"WebPage\",\"@id\":\"https:\/\/whelkgoods.com\/fr\/produit\/casquette-geai-bleu\/\",\"url\":\"https:\/\/whelkgoods.com\/fr\/produit\/casquette-geai-bleu\/\",\"name\":\"Casquette geai bleu - Whelk | Marque qu\u00e9b\u00e9coise\",\"isPartOf\":{\"@id\":\"https:\/\/whelkgoods.com\/fr\/#website\"},\"primaryImageOfPage\":{\"@id\":\"https:\/\/whelkgoods.com\/fr\/produit\/casquette-geai-bleu\/#primaryimage\"},\"image\":{\"@id\":\"https:\/\/whelkgoods.com\/fr\/produit\/casquette-geai-bleu\/#primaryimage\"},\"thumbnailUrl\":\"https:\/\/whelkgoods.com\/wp-content\/uploads\/2025\/03\/MAIN-Blue-Jay.png\",\"datePublished\":\"2024-04-07T22:21:01+00:00\",\"dateModified\":\"2026-04-15T22:14:46+00:00\",\"breadcrumb\":{\"@id\":\"https:\/\/whelkgoods.com\/fr\/produit\/casquette-geai-bleu\/#breadcrumb\"},\"inLanguage\":\"fr-FR\",\"potentialAction\":[{\"@type\":\"ReadAction\",\"target\":[\"https:\/\/whelkgoods.com\/fr\/produit\/casquette-geai-bleu\/\"]}]},{\"@type\":\"ImageObject\",\"inLanguage\":\"fr-FR\",\"@id\":\"https:\/\/whelkgoods.com\/fr\/produit\/casquette-geai-bleu\/#primaryimage\",\"url\":\"https:\/\/whelkgoods.com\/wp-content\/uploads\/2025\/03\/MAIN-Blue-Jay.png\",\"contentUrl\":\"https:\/\/whelkgoods.com\/wp-content\/uploads\/2025\/03\/MAIN-Blue-Jay.png\",\"width\":1000,\"height\":1000},{\"@type\":\"BreadcrumbList\",\"@id\":\"https:\/\/whelkgoods.com\/fr\/produit\/casquette-geai-bleu\/#breadcrumb\",\"itemListElement\":[{\"@type\":\"ListItem\",\"position\":1,\"name\":\"Home\",\"item\":\"https:\/\/whelkgoods.com\/fr\/accueil\/\"},{\"@type\":\"ListItem\",\"position\":2,\"name\":\"Boutique de casquettes et tuques \u00e9cologiques\",\"item\":\"https:\/\/whelkgoods.com\/fr\/boutique\/\"},{\"@type\":\"ListItem\",\"position\":3,\"name\":\"Casquette geai bleu\"}]},{\"@type\":\"WebSite\",\"@id\":\"https:\/\/whelkgoods.com\/fr\/#website\",\"url\":\"https:\/\/whelkgoods.com\/fr\/\",\"name\":\"Whelk | Marque qu\u00e9b\u00e9coise\",\"description\":\"Casquettes et tuques \u00e9coresponsables\",\"publisher\":{\"@id\":\"https:\/\/whelkgoods.com\/fr\/#organization\"},\"potentialAction\":[{\"@type\":\"SearchAction\",\"target\":{\"@type\":\"EntryPoint\",\"urlTemplate\":\"https:\/\/whelkgoods.com\/fr\/?s={search_term_string}\"},\"query-input\":{\"@type\":\"PropertyValueSpecification\",\"valueRequired\":true,\"valueName\":\"search_term_string\"}}],\"inLanguage\":\"fr-FR\"},{\"@type\":\"Organization\",\"@id\":\"https:\/\/whelkgoods.com\/fr\/#organization\",\"name\":\"Whelk | Marque qu\u00e9b\u00e9coise\",\"url\":\"https:\/\/whelkgoods.com\/fr\/\",\"logo\":{\"@type\":\"ImageObject\",\"inLanguage\":\"fr-FR\",\"@id\":\"https:\/\/whelkgoods.com\/fr\/#\/schema\/logo\/image\/\",\"url\":\"https:\/\/whelkgoods.com\/wp-content\/uploads\/2023\/08\/Whelk-Goods-Logo.png\",\"contentUrl\":\"https:\/\/whelkgoods.com\/wp-content\/uploads\/2023\/08\/Whelk-Goods-Logo.png\",\"width\":750,\"height\":253,\"caption\":\"Whelk | Marque qu\u00e9b\u00e9coise\"},\"image\":{\"@id\":\"https:\/\/whelkgoods.com\/fr\/#\/schema\/logo\/image\/\"}}]}<\/script>\n<!-- \/ Yoast SEO plugin. -->","yoast_head_json":{"title":"Casquette geai bleu - Whelk | Marque qu\u00e9b\u00e9coise","robots":{"index":"index","follow":"follow","max-snippet":"max-snippet:-1","max-image-preview":"max-image-preview:large","max-video-preview":"max-video-preview:-1"},"canonical":"https:\/\/whelkgoods.com\/fr\/produit\/casquette-geai-bleu\/","og_locale":"fr_FR","og_type":"article","og_title":"Casquette geai bleu - Whelk | Marque qu\u00e9b\u00e9coise","og_description":"R\u00e9put\u00e9 pour son plumage \u00e9clatant et son intelligence, le geai bleu a \u00e9t\u00e9 officiellement \u00e9lu oiseau provincial de l'\u00cele-du-Prince-\u00c9douard, au Canada, \u00e0 la fin des ann\u00e9es 1970. Facilement identifiable, le geai bleu est l'un des oiseaux les plus reconnaissables d'Am\u00e9rique du Nord, ce qui lui m\u00e9rite sa place dans notre collection Canada.","og_url":"https:\/\/whelkgoods.com\/fr\/produit\/casquette-geai-bleu\/","og_site_name":"Whelk | Marque qu\u00e9b\u00e9coise","article_modified_time":"2026-04-15T22:14:46+00:00","og_image":[{"width":1000,"height":1000,"url":"https:\/\/whelkgoods.com\/wp-content\/uploads\/2024\/04\/Blue-Jay-e1712529929458.png","type":"image\/png"}],"twitter_card":"summary_large_image","twitter_misc":{"Dur\u00e9e de lecture estim\u00e9e":"1 minute"},"schema":{"@context":"https:\/\/schema.org","@graph":[{"@type":"WebPage","@id":"https:\/\/whelkgoods.com\/fr\/produit\/casquette-geai-bleu\/","url":"https:\/\/whelkgoods.com\/fr\/produit\/casquette-geai-bleu\/","name":"Casquette geai bleu - Whelk | Marque qu\u00e9b\u00e9coise","isPartOf":{"@id":"https:\/\/whelkgoods.com\/fr\/#website"},"primaryImageOfPage":{"@id":"https:\/\/whelkgoods.com\/fr\/produit\/casquette-geai-bleu\/#primaryimage"},"image":{"@id":"https:\/\/whelkgoods.com\/fr\/produit\/casquette-geai-bleu\/#primaryimage"},"thumbnailUrl":"https:\/\/whelkgoods.com\/wp-content\/uploads\/2025\/03\/MAIN-Blue-Jay.png","datePublished":"2024-04-07T22:21:01+00:00","dateModified":"2026-04-15T22:14:46+00:00","breadcrumb":{"@id":"https:\/\/whelkgoods.com\/fr\/produit\/casquette-geai-bleu\/#breadcrumb"},"inLanguage":"fr-FR","potentialAction":[{"@type":"ReadAction","target":["https:\/\/whelkgoods.com\/fr\/produit\/casquette-geai-bleu\/"]}]},{"@type":"ImageObject","inLanguage":"fr-FR","@id":"https:\/\/whelkgoods.com\/fr\/produit\/casquette-geai-bleu\/#primaryimage","url":"https:\/\/whelkgoods.com\/wp-content\/uploads\/2025\/03\/MAIN-Blue-Jay.png","contentUrl":"https:\/\/whelkgoods.com\/wp-content\/uploads\/2025\/03\/MAIN-Blue-Jay.png","width":1000,"height":1000},{"@type":"BreadcrumbList","@id":"https:\/\/whelkgoods.com\/fr\/produit\/casquette-geai-bleu\/#breadcrumb","itemListElement":[{"@type":"ListItem","position":1,"name":"Home","item":"https:\/\/whelkgoods.com\/fr\/accueil\/"},{"@type":"ListItem","position":2,"name":"Boutique de casquettes et tuques \u00e9cologiques","item":"https:\/\/whelkgoods.com\/fr\/boutique\/"},{"@type":"ListItem","position":3,"name":"Casquette geai bleu"}]},{"@type":"WebSite","@id":"https:\/\/whelkgoods.com\/fr\/#website","url":"https:\/\/whelkgoods.com\/fr\/","name":"Whelk | Marque qu\u00e9b\u00e9coise","description":"Casquettes et tuques \u00e9coresponsables","publisher":{"@id":"https:\/\/whelkgoods.com\/fr\/#organization"},"potentialAction":[{"@type":"SearchAction","target":{"@type":"EntryPoint","urlTemplate":"https:\/\/whelkgoods.com\/fr\/?s={search_term_string}"},"query-input":{"@type":"PropertyValueSpecification","valueRequired":true,"valueName":"search_term_string"}}],"inLanguage":"fr-FR"},{"@type":"Organization","@id":"https:\/\/whelkgoods.com\/fr\/#organization","name":"Whelk | Marque qu\u00e9b\u00e9coise","url":"https:\/\/whelkgoods.com\/fr\/","logo":{"@type":"ImageObject","inLanguage":"fr-FR","@id":"https:\/\/whelkgoods.com\/fr\/#\/schema\/logo\/image\/","url":"https:\/\/whelkgoods.com\/wp-content\/uploads\/2023\/08\/Whelk-Goods-Logo.png","contentUrl":"https:\/\/whelkgoods.com\/wp-content\/uploads\/2023\/08\/Whelk-Goods-Logo.png","width":750,"height":253,"caption":"Whelk | Marque qu\u00e9b\u00e9coise"},"image":{"@id":"https:\/\/whelkgoods.com\/fr\/#\/schema\/logo\/image\/"}}]}},"_links":{"self":[{"href":"https:\/\/whelkgoods.com\/fr\/wp-json\/wp\/v2\/product\/15678"}],"collection":[{"href":"https:\/\/whelkgoods.com\/fr\/wp-json\/wp\/v2\/product"}],"about":[{"href":"https:\/\/whelkgoods.com\/fr\/wp-json\/wp\/v2\/types\/product"}],"wp:featuredmedia":[{"embeddable":true,"href":"https:\/\/whelkgoods.com\/fr\/wp-json\/wp\/v2\/media\/17300"}],"wp:attachment":[{"href":"https:\/\/whelkgoods.com\/fr\/wp-json\/wp\/v2\/media?parent=15678"}],"wp:term":[{"taxonomy":"product_cat","embeddable":true,"href":"https:\/\/whelkgoods.com\/fr\/wp-json\/wp\/v2\/product_cat?post=15678"},{"taxonomy":"product_tag","embeddable":true,"href":"https:\/\/whelkgoods.com\/fr\/wp-json\/wp\/v2\/product_tag?post=15678"}],"curies":[{"name":"wp","href":"https:\/\/api.w.org\/{rel}","templated":true}]}}