{"id":493,"date":"2019-06-28T16:23:57","date_gmt":"2019-06-30T16:14:03","guid":{"rendered":"https:\/\/www.whelkgoods.com\/?post_type=product&#038;p=493"},"modified":"2025-08-18T13:07:36","modified_gmt":"2025-08-18T17:07:36","slug":"heritage","status":"publish","type":"product","link":"https:\/\/whelkgoods.com\/fr\/produit\/heritage\/","title":{"rendered":"Casquette Heritage"},"content":{"rendered":"","protected":false},"excerpt":{"rendered":"<p>Initialement dessin\u00e9e \u00e0 la main dans un carnet de croquis, l&rsquo;ancre est notre premier design \u00e0 avoir vu le jour et n&rsquo;a cess\u00e9 d&rsquo;\u00eatre le coup de c\u0153ur incontest\u00e9 de plusieurs depuis. Symbole tr\u00e8s positif marquant l\u2019esp\u00e9rance, la constance et l\u2019aventure, l\u2019ancre marine occupe une partie cruciale de notre logo et est un rappel direct de notre mission qu\u2019est celle de sauver nos oc\u00e9ans. Amoureux de la mer et explorateurs de ce monde, cette casquette est pour vous!<\/p>\n","protected":false},"featured_media":17294,"template":"","meta":[],"product_cat":[206,51,227],"product_tag":[],"class_list":{"0":"post-493","1":"product","2":"type-product","3":"status-publish","4":"has-post-thumbnail","6":"product_cat-casquettes-blutech","7":"product_cat-casquettes","8":"product_cat-chapeaux","10":"first","11":"instock","12":"featured","13":"taxable","14":"shipping-taxable","15":"purchasable","16":"product-type-variable","17":"has-default-attributes"},"yoast_head":"<!-- This site is optimized with the Yoast SEO plugin v23.5 - https:\/\/yoast.com\/wordpress\/plugins\/seo\/ -->\n<title>Casquette Heritage - Whelk | Marque qu\u00e9b\u00e9coise<\/title>\n<meta name=\"description\" content=\"The classic anchor is by far the most popular design of our first collection. The simple, yet elegant anchor is a direct reminder of our main objective to save our oceans.\" \/>\n<meta name=\"robots\" content=\"index, follow, max-snippet:-1, max-image-preview:large, max-video-preview:-1\" \/>\n<link rel=\"canonical\" href=\"https:\/\/whelkgoods.com\/fr\/produit\/heritage\/\" \/>\n<meta property=\"og:locale\" content=\"fr_FR\" \/>\n<meta property=\"og:type\" content=\"article\" \/>\n<meta property=\"og:title\" content=\"Casquette Heritage - Whelk | Marque qu\u00e9b\u00e9coise\" \/>\n<meta property=\"og:description\" content=\"The classic anchor is by far the most popular design of our first collection. The simple, yet elegant anchor is a direct reminder of our main objective to save our oceans.\" \/>\n<meta property=\"og:url\" content=\"https:\/\/whelkgoods.com\/fr\/produit\/heritage\/\" \/>\n<meta property=\"og:site_name\" content=\"Whelk | Marque qu\u00e9b\u00e9coise\" \/>\n<meta property=\"article:modified_time\" content=\"2025-08-18T17:07:36+00:00\" \/>\n<meta property=\"og:image\" content=\"https:\/\/whelkgoods.com\/wp-content\/uploads\/2019\/06\/2.png\" \/>\n\t<meta property=\"og:image:width\" content=\"1000\" \/>\n\t<meta property=\"og:image:height\" content=\"1000\" \/>\n\t<meta property=\"og:image:type\" content=\"image\/png\" \/>\n<meta name=\"twitter:card\" content=\"summary_large_image\" \/>\n<script type=\"application\/ld+json\" class=\"yoast-schema-graph\">{\"@context\":\"https:\/\/schema.org\",\"@graph\":[{\"@type\":\"WebPage\",\"@id\":\"https:\/\/whelkgoods.com\/fr\/produit\/heritage\/\",\"url\":\"https:\/\/whelkgoods.com\/fr\/produit\/heritage\/\",\"name\":\"Casquette Heritage - Whelk | Marque qu\u00e9b\u00e9coise\",\"isPartOf\":{\"@id\":\"https:\/\/whelkgoods.com\/fr\/#website\"},\"primaryImageOfPage\":{\"@id\":\"https:\/\/whelkgoods.com\/fr\/produit\/heritage\/#primaryimage\"},\"image\":{\"@id\":\"https:\/\/whelkgoods.com\/fr\/produit\/heritage\/#primaryimage\"},\"thumbnailUrl\":\"https:\/\/whelkgoods.com\/wp-content\/uploads\/2025\/03\/MAIN-Anchor.png\",\"datePublished\":\"2019-06-30T16:14:03+00:00\",\"dateModified\":\"2025-08-18T17:07:36+00:00\",\"description\":\"The classic anchor is by far the most popular design of our first collection. The simple, yet elegant anchor is a direct reminder of our main objective to save our oceans.\",\"breadcrumb\":{\"@id\":\"https:\/\/whelkgoods.com\/fr\/produit\/heritage\/#breadcrumb\"},\"inLanguage\":\"fr-FR\",\"potentialAction\":[{\"@type\":\"ReadAction\",\"target\":[\"https:\/\/whelkgoods.com\/fr\/produit\/heritage\/\"]}]},{\"@type\":\"ImageObject\",\"inLanguage\":\"fr-FR\",\"@id\":\"https:\/\/whelkgoods.com\/fr\/produit\/heritage\/#primaryimage\",\"url\":\"https:\/\/whelkgoods.com\/wp-content\/uploads\/2025\/03\/MAIN-Anchor.png\",\"contentUrl\":\"https:\/\/whelkgoods.com\/wp-content\/uploads\/2025\/03\/MAIN-Anchor.png\",\"width\":1000,\"height\":1000},{\"@type\":\"BreadcrumbList\",\"@id\":\"https:\/\/whelkgoods.com\/fr\/produit\/heritage\/#breadcrumb\",\"itemListElement\":[{\"@type\":\"ListItem\",\"position\":1,\"name\":\"Home\",\"item\":\"https:\/\/whelkgoods.com\/fr\/accueil\/\"},{\"@type\":\"ListItem\",\"position\":2,\"name\":\"Boutique de casquettes et tuques \u00e9cologiques\",\"item\":\"https:\/\/whelkgoods.com\/fr\/boutique\/\"},{\"@type\":\"ListItem\",\"position\":3,\"name\":\"Casquette Heritage\"}]},{\"@type\":\"WebSite\",\"@id\":\"https:\/\/whelkgoods.com\/fr\/#website\",\"url\":\"https:\/\/whelkgoods.com\/fr\/\",\"name\":\"Whelk | Marque qu\u00e9b\u00e9coise\",\"description\":\"Casquettes et tuques \u00e9coresponsables\",\"publisher\":{\"@id\":\"https:\/\/whelkgoods.com\/fr\/#organization\"},\"potentialAction\":[{\"@type\":\"SearchAction\",\"target\":{\"@type\":\"EntryPoint\",\"urlTemplate\":\"https:\/\/whelkgoods.com\/fr\/?s={search_term_string}\"},\"query-input\":{\"@type\":\"PropertyValueSpecification\",\"valueRequired\":true,\"valueName\":\"search_term_string\"}}],\"inLanguage\":\"fr-FR\"},{\"@type\":\"Organization\",\"@id\":\"https:\/\/whelkgoods.com\/fr\/#organization\",\"name\":\"Whelk | Marque qu\u00e9b\u00e9coise\",\"url\":\"https:\/\/whelkgoods.com\/fr\/\",\"logo\":{\"@type\":\"ImageObject\",\"inLanguage\":\"fr-FR\",\"@id\":\"https:\/\/whelkgoods.com\/fr\/#\/schema\/logo\/image\/\",\"url\":\"https:\/\/whelkgoods.com\/wp-content\/uploads\/2023\/08\/Whelk-Goods-Logo.png\",\"contentUrl\":\"https:\/\/whelkgoods.com\/wp-content\/uploads\/2023\/08\/Whelk-Goods-Logo.png\",\"width\":750,\"height\":253,\"caption\":\"Whelk | Marque qu\u00e9b\u00e9coise\"},\"image\":{\"@id\":\"https:\/\/whelkgoods.com\/fr\/#\/schema\/logo\/image\/\"}}]}<\/script>\n<!-- \/ Yoast SEO plugin. -->","yoast_head_json":{"title":"Casquette Heritage - Whelk | Marque qu\u00e9b\u00e9coise","description":"The classic anchor is by far the most popular design of our first collection. The simple, yet elegant anchor is a direct reminder of our main objective to save our oceans.","robots":{"index":"index","follow":"follow","max-snippet":"max-snippet:-1","max-image-preview":"max-image-preview:large","max-video-preview":"max-video-preview:-1"},"canonical":"https:\/\/whelkgoods.com\/fr\/produit\/heritage\/","og_locale":"fr_FR","og_type":"article","og_title":"Casquette Heritage - Whelk | Marque qu\u00e9b\u00e9coise","og_description":"The classic anchor is by far the most popular design of our first collection. The simple, yet elegant anchor is a direct reminder of our main objective to save our oceans.","og_url":"https:\/\/whelkgoods.com\/fr\/produit\/heritage\/","og_site_name":"Whelk | Marque qu\u00e9b\u00e9coise","article_modified_time":"2025-08-18T17:07:36+00:00","og_image":[{"width":1000,"height":1000,"url":"https:\/\/whelkgoods.com\/wp-content\/uploads\/2019\/06\/2.png","type":"image\/png"}],"twitter_card":"summary_large_image","schema":{"@context":"https:\/\/schema.org","@graph":[{"@type":"WebPage","@id":"https:\/\/whelkgoods.com\/fr\/produit\/heritage\/","url":"https:\/\/whelkgoods.com\/fr\/produit\/heritage\/","name":"Casquette Heritage - Whelk | Marque qu\u00e9b\u00e9coise","isPartOf":{"@id":"https:\/\/whelkgoods.com\/fr\/#website"},"primaryImageOfPage":{"@id":"https:\/\/whelkgoods.com\/fr\/produit\/heritage\/#primaryimage"},"image":{"@id":"https:\/\/whelkgoods.com\/fr\/produit\/heritage\/#primaryimage"},"thumbnailUrl":"https:\/\/whelkgoods.com\/wp-content\/uploads\/2025\/03\/MAIN-Anchor.png","datePublished":"2019-06-30T16:14:03+00:00","dateModified":"2025-08-18T17:07:36+00:00","description":"The classic anchor is by far the most popular design of our first collection. The simple, yet elegant anchor is a direct reminder of our main objective to save our oceans.","breadcrumb":{"@id":"https:\/\/whelkgoods.com\/fr\/produit\/heritage\/#breadcrumb"},"inLanguage":"fr-FR","potentialAction":[{"@type":"ReadAction","target":["https:\/\/whelkgoods.com\/fr\/produit\/heritage\/"]}]},{"@type":"ImageObject","inLanguage":"fr-FR","@id":"https:\/\/whelkgoods.com\/fr\/produit\/heritage\/#primaryimage","url":"https:\/\/whelkgoods.com\/wp-content\/uploads\/2025\/03\/MAIN-Anchor.png","contentUrl":"https:\/\/whelkgoods.com\/wp-content\/uploads\/2025\/03\/MAIN-Anchor.png","width":1000,"height":1000},{"@type":"BreadcrumbList","@id":"https:\/\/whelkgoods.com\/fr\/produit\/heritage\/#breadcrumb","itemListElement":[{"@type":"ListItem","position":1,"name":"Home","item":"https:\/\/whelkgoods.com\/fr\/accueil\/"},{"@type":"ListItem","position":2,"name":"Boutique de casquettes et tuques \u00e9cologiques","item":"https:\/\/whelkgoods.com\/fr\/boutique\/"},{"@type":"ListItem","position":3,"name":"Casquette Heritage"}]},{"@type":"WebSite","@id":"https:\/\/whelkgoods.com\/fr\/#website","url":"https:\/\/whelkgoods.com\/fr\/","name":"Whelk | Marque qu\u00e9b\u00e9coise","description":"Casquettes et tuques \u00e9coresponsables","publisher":{"@id":"https:\/\/whelkgoods.com\/fr\/#organization"},"potentialAction":[{"@type":"SearchAction","target":{"@type":"EntryPoint","urlTemplate":"https:\/\/whelkgoods.com\/fr\/?s={search_term_string}"},"query-input":{"@type":"PropertyValueSpecification","valueRequired":true,"valueName":"search_term_string"}}],"inLanguage":"fr-FR"},{"@type":"Organization","@id":"https:\/\/whelkgoods.com\/fr\/#organization","name":"Whelk | Marque qu\u00e9b\u00e9coise","url":"https:\/\/whelkgoods.com\/fr\/","logo":{"@type":"ImageObject","inLanguage":"fr-FR","@id":"https:\/\/whelkgoods.com\/fr\/#\/schema\/logo\/image\/","url":"https:\/\/whelkgoods.com\/wp-content\/uploads\/2023\/08\/Whelk-Goods-Logo.png","contentUrl":"https:\/\/whelkgoods.com\/wp-content\/uploads\/2023\/08\/Whelk-Goods-Logo.png","width":750,"height":253,"caption":"Whelk | Marque qu\u00e9b\u00e9coise"},"image":{"@id":"https:\/\/whelkgoods.com\/fr\/#\/schema\/logo\/image\/"}}]}},"_links":{"self":[{"href":"https:\/\/whelkgoods.com\/fr\/wp-json\/wp\/v2\/product\/493"}],"collection":[{"href":"https:\/\/whelkgoods.com\/fr\/wp-json\/wp\/v2\/product"}],"about":[{"href":"https:\/\/whelkgoods.com\/fr\/wp-json\/wp\/v2\/types\/product"}],"wp:featuredmedia":[{"embeddable":true,"href":"https:\/\/whelkgoods.com\/fr\/wp-json\/wp\/v2\/media\/17294"}],"wp:attachment":[{"href":"https:\/\/whelkgoods.com\/fr\/wp-json\/wp\/v2\/media?parent=493"}],"wp:term":[{"taxonomy":"product_cat","embeddable":true,"href":"https:\/\/whelkgoods.com\/fr\/wp-json\/wp\/v2\/product_cat?post=493"},{"taxonomy":"product_tag","embeddable":true,"href":"https:\/\/whelkgoods.com\/fr\/wp-json\/wp\/v2\/product_tag?post=493"}],"curies":[{"name":"wp","href":"https:\/\/api.w.org\/{rel}","templated":true}]}}