{"id":9104,"date":"2020-09-26T10:10:27","date_gmt":"2020-09-26T14:10:27","guid":{"rendered":"https:\/\/www.whelkgoods.com\/product\/merino-wool-tuque\/"},"modified":"2026-02-14T14:48:06","modified_gmt":"2026-02-14T19:48:06","slug":"tuque-en-laine-merino","status":"publish","type":"product","link":"https:\/\/whelkgoods.com\/fr\/produit\/tuque-en-laine-merino\/","title":{"rendered":"Tuque classique &#8211; m\u00e9lange de laine m\u00e9rinos"},"content":{"rendered":"","protected":false},"excerpt":{"rendered":"<p>En 2020, notre premi\u00e8re collection de tuques a \u00e9t\u00e9 un succ\u00e8s imm\u00e9diat. Cette ann\u00e9e, la gamme de couleurs a \u00e9t\u00e9 rafra\u00eechie avec une touche de couleurs vives, combin\u00e9e \u00e0 un nouveau m\u00e9lange de laine m\u00e9rinos. Plus important encore, ces tuques sont fabriqu\u00e9es \u00e0 Montr\u00e9al pour encourager l&rsquo;\u00e9conomie locale, tout en r\u00e9duisant au minimum l&#8217;empreinte de nos produits en n\u00e9cessitant moins de transport.<\/p>\n","protected":false},"featured_media":17218,"template":"","meta":[],"product_cat":[244,113,227],"product_tag":[],"class_list":{"0":"post-9104","1":"product","2":"type-product","3":"status-publish","4":"has-post-thumbnail","6":"product_cat-fabrique-au-canada","7":"product_cat-tuques-fr","8":"product_cat-chapeaux","10":"first","11":"instock","12":"taxable","13":"shipping-taxable","14":"purchasable","15":"product-type-variable","16":"has-default-attributes"},"yoast_head":"<!-- This site is optimized with the Yoast SEO plugin v23.5 - https:\/\/yoast.com\/wordpress\/plugins\/seo\/ -->\n<title>Tuque classique - m\u00e9lange de laine m\u00e9rinos - Whelk | Marque qu\u00e9b\u00e9coise<\/title>\n<meta name=\"robots\" content=\"index, follow, max-snippet:-1, max-image-preview:large, max-video-preview:-1\" \/>\n<link rel=\"canonical\" href=\"https:\/\/whelkgoods.com\/fr\/produit\/tuque-en-laine-merino\/\" \/>\n<meta property=\"og:locale\" content=\"fr_FR\" \/>\n<meta property=\"og:type\" content=\"article\" \/>\n<meta property=\"og:title\" content=\"Tuque classique - m\u00e9lange de laine m\u00e9rinos - Whelk | Marque qu\u00e9b\u00e9coise\" \/>\n<meta property=\"og:description\" content=\"En 2020, notre premi\u00e8re collection de tuques a \u00e9t\u00e9 un succ\u00e8s imm\u00e9diat. Cette ann\u00e9e, la gamme de couleurs a \u00e9t\u00e9 rafra\u00eechie avec une touche de couleurs vives, combin\u00e9e \u00e0 un nouveau m\u00e9lange de laine m\u00e9rinos. Plus important encore, ces tuques sont fabriqu\u00e9es \u00e0 Montr\u00e9al pour encourager l&#039;\u00e9conomie locale, tout en r\u00e9duisant au minimum l&#039;empreinte de nos produits en n\u00e9cessitant moins de transport.\" \/>\n<meta property=\"og:url\" content=\"https:\/\/whelkgoods.com\/fr\/produit\/tuque-en-laine-merino\/\" \/>\n<meta property=\"og:site_name\" content=\"Whelk | Marque qu\u00e9b\u00e9coise\" \/>\n<meta property=\"article:modified_time\" content=\"2026-02-14T19:48:06+00:00\" \/>\n<meta property=\"og:image\" content=\"https:\/\/whelkgoods.com\/wp-content\/uploads\/2025\/02\/Tuque-Whelk-noire-melange-de-laine-merinos.png\" \/>\n\t<meta property=\"og:image:width\" content=\"1000\" \/>\n\t<meta property=\"og:image:height\" content=\"1000\" \/>\n\t<meta property=\"og:image:type\" content=\"image\/png\" \/>\n<meta name=\"twitter:card\" content=\"summary_large_image\" \/>\n<meta name=\"twitter:label1\" content=\"Dur\u00e9e de lecture estim\u00e9e\" \/>\n\t<meta name=\"twitter:data1\" content=\"1 minute\" \/>\n<script type=\"application\/ld+json\" class=\"yoast-schema-graph\">{\"@context\":\"https:\/\/schema.org\",\"@graph\":[{\"@type\":\"WebPage\",\"@id\":\"https:\/\/whelkgoods.com\/fr\/produit\/tuque-en-laine-merino\/\",\"url\":\"https:\/\/whelkgoods.com\/fr\/produit\/tuque-en-laine-merino\/\",\"name\":\"Tuque classique - m\u00e9lange de laine m\u00e9rinos - Whelk | Marque qu\u00e9b\u00e9coise\",\"isPartOf\":{\"@id\":\"https:\/\/whelkgoods.com\/fr\/#website\"},\"primaryImageOfPage\":{\"@id\":\"https:\/\/whelkgoods.com\/fr\/produit\/tuque-en-laine-merino\/#primaryimage\"},\"image\":{\"@id\":\"https:\/\/whelkgoods.com\/fr\/produit\/tuque-en-laine-merino\/#primaryimage\"},\"thumbnailUrl\":\"https:\/\/whelkgoods.com\/wp-content\/uploads\/2025\/02\/Tuque-Whelk-noire-melange-de-laine-merinos.png\",\"datePublished\":\"2020-09-26T14:10:27+00:00\",\"dateModified\":\"2026-02-14T19:48:06+00:00\",\"breadcrumb\":{\"@id\":\"https:\/\/whelkgoods.com\/fr\/produit\/tuque-en-laine-merino\/#breadcrumb\"},\"inLanguage\":\"fr-FR\",\"potentialAction\":[{\"@type\":\"ReadAction\",\"target\":[\"https:\/\/whelkgoods.com\/fr\/produit\/tuque-en-laine-merino\/\"]}]},{\"@type\":\"ImageObject\",\"inLanguage\":\"fr-FR\",\"@id\":\"https:\/\/whelkgoods.com\/fr\/produit\/tuque-en-laine-merino\/#primaryimage\",\"url\":\"https:\/\/whelkgoods.com\/wp-content\/uploads\/2025\/02\/Tuque-Whelk-noire-melange-de-laine-merinos.png\",\"contentUrl\":\"https:\/\/whelkgoods.com\/wp-content\/uploads\/2025\/02\/Tuque-Whelk-noire-melange-de-laine-merinos.png\",\"width\":1000,\"height\":1000},{\"@type\":\"BreadcrumbList\",\"@id\":\"https:\/\/whelkgoods.com\/fr\/produit\/tuque-en-laine-merino\/#breadcrumb\",\"itemListElement\":[{\"@type\":\"ListItem\",\"position\":1,\"name\":\"Home\",\"item\":\"https:\/\/whelkgoods.com\/fr\/accueil\/\"},{\"@type\":\"ListItem\",\"position\":2,\"name\":\"Boutique de casquettes et tuques \u00e9cologiques\",\"item\":\"https:\/\/whelkgoods.com\/fr\/boutique\/\"},{\"@type\":\"ListItem\",\"position\":3,\"name\":\"Tuque classique &#8211; m\u00e9lange de laine m\u00e9rinos\"}]},{\"@type\":\"WebSite\",\"@id\":\"https:\/\/whelkgoods.com\/fr\/#website\",\"url\":\"https:\/\/whelkgoods.com\/fr\/\",\"name\":\"Whelk | Marque qu\u00e9b\u00e9coise\",\"description\":\"Casquettes et tuques \u00e9coresponsables\",\"publisher\":{\"@id\":\"https:\/\/whelkgoods.com\/fr\/#organization\"},\"potentialAction\":[{\"@type\":\"SearchAction\",\"target\":{\"@type\":\"EntryPoint\",\"urlTemplate\":\"https:\/\/whelkgoods.com\/fr\/?s={search_term_string}\"},\"query-input\":{\"@type\":\"PropertyValueSpecification\",\"valueRequired\":true,\"valueName\":\"search_term_string\"}}],\"inLanguage\":\"fr-FR\"},{\"@type\":\"Organization\",\"@id\":\"https:\/\/whelkgoods.com\/fr\/#organization\",\"name\":\"Whelk | Marque qu\u00e9b\u00e9coise\",\"url\":\"https:\/\/whelkgoods.com\/fr\/\",\"logo\":{\"@type\":\"ImageObject\",\"inLanguage\":\"fr-FR\",\"@id\":\"https:\/\/whelkgoods.com\/fr\/#\/schema\/logo\/image\/\",\"url\":\"https:\/\/whelkgoods.com\/wp-content\/uploads\/2023\/08\/Whelk-Goods-Logo.png\",\"contentUrl\":\"https:\/\/whelkgoods.com\/wp-content\/uploads\/2023\/08\/Whelk-Goods-Logo.png\",\"width\":750,\"height\":253,\"caption\":\"Whelk | Marque qu\u00e9b\u00e9coise\"},\"image\":{\"@id\":\"https:\/\/whelkgoods.com\/fr\/#\/schema\/logo\/image\/\"}}]}<\/script>\n<!-- \/ Yoast SEO plugin. -->","yoast_head_json":{"title":"Tuque classique - m\u00e9lange de laine m\u00e9rinos - Whelk | Marque qu\u00e9b\u00e9coise","robots":{"index":"index","follow":"follow","max-snippet":"max-snippet:-1","max-image-preview":"max-image-preview:large","max-video-preview":"max-video-preview:-1"},"canonical":"https:\/\/whelkgoods.com\/fr\/produit\/tuque-en-laine-merino\/","og_locale":"fr_FR","og_type":"article","og_title":"Tuque classique - m\u00e9lange de laine m\u00e9rinos - Whelk | Marque qu\u00e9b\u00e9coise","og_description":"En 2020, notre premi\u00e8re collection de tuques a \u00e9t\u00e9 un succ\u00e8s imm\u00e9diat. Cette ann\u00e9e, la gamme de couleurs a \u00e9t\u00e9 rafra\u00eechie avec une touche de couleurs vives, combin\u00e9e \u00e0 un nouveau m\u00e9lange de laine m\u00e9rinos. Plus important encore, ces tuques sont fabriqu\u00e9es \u00e0 Montr\u00e9al pour encourager l'\u00e9conomie locale, tout en r\u00e9duisant au minimum l'empreinte de nos produits en n\u00e9cessitant moins de transport.","og_url":"https:\/\/whelkgoods.com\/fr\/produit\/tuque-en-laine-merino\/","og_site_name":"Whelk | Marque qu\u00e9b\u00e9coise","article_modified_time":"2026-02-14T19:48:06+00:00","og_image":[{"width":1000,"height":1000,"url":"https:\/\/whelkgoods.com\/wp-content\/uploads\/2025\/02\/Tuque-Whelk-noire-melange-de-laine-merinos.png","type":"image\/png"}],"twitter_card":"summary_large_image","twitter_misc":{"Dur\u00e9e de lecture estim\u00e9e":"1 minute"},"schema":{"@context":"https:\/\/schema.org","@graph":[{"@type":"WebPage","@id":"https:\/\/whelkgoods.com\/fr\/produit\/tuque-en-laine-merino\/","url":"https:\/\/whelkgoods.com\/fr\/produit\/tuque-en-laine-merino\/","name":"Tuque classique - m\u00e9lange de laine m\u00e9rinos - Whelk | Marque qu\u00e9b\u00e9coise","isPartOf":{"@id":"https:\/\/whelkgoods.com\/fr\/#website"},"primaryImageOfPage":{"@id":"https:\/\/whelkgoods.com\/fr\/produit\/tuque-en-laine-merino\/#primaryimage"},"image":{"@id":"https:\/\/whelkgoods.com\/fr\/produit\/tuque-en-laine-merino\/#primaryimage"},"thumbnailUrl":"https:\/\/whelkgoods.com\/wp-content\/uploads\/2025\/02\/Tuque-Whelk-noire-melange-de-laine-merinos.png","datePublished":"2020-09-26T14:10:27+00:00","dateModified":"2026-02-14T19:48:06+00:00","breadcrumb":{"@id":"https:\/\/whelkgoods.com\/fr\/produit\/tuque-en-laine-merino\/#breadcrumb"},"inLanguage":"fr-FR","potentialAction":[{"@type":"ReadAction","target":["https:\/\/whelkgoods.com\/fr\/produit\/tuque-en-laine-merino\/"]}]},{"@type":"ImageObject","inLanguage":"fr-FR","@id":"https:\/\/whelkgoods.com\/fr\/produit\/tuque-en-laine-merino\/#primaryimage","url":"https:\/\/whelkgoods.com\/wp-content\/uploads\/2025\/02\/Tuque-Whelk-noire-melange-de-laine-merinos.png","contentUrl":"https:\/\/whelkgoods.com\/wp-content\/uploads\/2025\/02\/Tuque-Whelk-noire-melange-de-laine-merinos.png","width":1000,"height":1000},{"@type":"BreadcrumbList","@id":"https:\/\/whelkgoods.com\/fr\/produit\/tuque-en-laine-merino\/#breadcrumb","itemListElement":[{"@type":"ListItem","position":1,"name":"Home","item":"https:\/\/whelkgoods.com\/fr\/accueil\/"},{"@type":"ListItem","position":2,"name":"Boutique de casquettes et tuques \u00e9cologiques","item":"https:\/\/whelkgoods.com\/fr\/boutique\/"},{"@type":"ListItem","position":3,"name":"Tuque classique &#8211; m\u00e9lange de laine m\u00e9rinos"}]},{"@type":"WebSite","@id":"https:\/\/whelkgoods.com\/fr\/#website","url":"https:\/\/whelkgoods.com\/fr\/","name":"Whelk | Marque qu\u00e9b\u00e9coise","description":"Casquettes et tuques \u00e9coresponsables","publisher":{"@id":"https:\/\/whelkgoods.com\/fr\/#organization"},"potentialAction":[{"@type":"SearchAction","target":{"@type":"EntryPoint","urlTemplate":"https:\/\/whelkgoods.com\/fr\/?s={search_term_string}"},"query-input":{"@type":"PropertyValueSpecification","valueRequired":true,"valueName":"search_term_string"}}],"inLanguage":"fr-FR"},{"@type":"Organization","@id":"https:\/\/whelkgoods.com\/fr\/#organization","name":"Whelk | Marque qu\u00e9b\u00e9coise","url":"https:\/\/whelkgoods.com\/fr\/","logo":{"@type":"ImageObject","inLanguage":"fr-FR","@id":"https:\/\/whelkgoods.com\/fr\/#\/schema\/logo\/image\/","url":"https:\/\/whelkgoods.com\/wp-content\/uploads\/2023\/08\/Whelk-Goods-Logo.png","contentUrl":"https:\/\/whelkgoods.com\/wp-content\/uploads\/2023\/08\/Whelk-Goods-Logo.png","width":750,"height":253,"caption":"Whelk | Marque qu\u00e9b\u00e9coise"},"image":{"@id":"https:\/\/whelkgoods.com\/fr\/#\/schema\/logo\/image\/"}}]}},"_links":{"self":[{"href":"https:\/\/whelkgoods.com\/fr\/wp-json\/wp\/v2\/product\/9104"}],"collection":[{"href":"https:\/\/whelkgoods.com\/fr\/wp-json\/wp\/v2\/product"}],"about":[{"href":"https:\/\/whelkgoods.com\/fr\/wp-json\/wp\/v2\/types\/product"}],"wp:featuredmedia":[{"embeddable":true,"href":"https:\/\/whelkgoods.com\/fr\/wp-json\/wp\/v2\/media\/17218"}],"wp:attachment":[{"href":"https:\/\/whelkgoods.com\/fr\/wp-json\/wp\/v2\/media?parent=9104"}],"wp:term":[{"taxonomy":"product_cat","embeddable":true,"href":"https:\/\/whelkgoods.com\/fr\/wp-json\/wp\/v2\/product_cat?post=9104"},{"taxonomy":"product_tag","embeddable":true,"href":"https:\/\/whelkgoods.com\/fr\/wp-json\/wp\/v2\/product_tag?post=9104"}],"curies":[{"name":"wp","href":"https:\/\/api.w.org\/{rel}","templated":true}]}}