{"id":9425,"date":"2020-10-31T09:25:10","date_gmt":"2020-10-31T23:25:14","guid":{"rendered":"https:\/\/www.whelkgoods.com\/product\/capten-christmas-box-copy\/"},"modified":"2021-05-24T22:09:36","modified_gmt":"2021-05-25T02:09:36","slug":"coffret-local-des-fetes","status":"publish","type":"product","link":"https:\/\/whelkgoods.com\/fr\/produit\/coffret-local-des-fetes\/","title":{"rendered":"Coffret local des f\u00eates"},"content":{"rendered":"","protected":false},"excerpt":{"rendered":"<p>Notre coffret de No\u00ebl a \u00e9t\u00e9 rempli avec soin par le Capitaine. Il a s\u00e9lectionn\u00e9 les produits qu\u00e9b\u00e9cois dont il \u00e9tait le plus friand! C\u2019est pourquoi petits et grands appr\u00e9cieront tout autant le d\u00e9licieux go\u00fbt du caramel que l\u2019ar\u00f4me enveloppante de la chandelle. <a href=\"https:\/\/www.whelkgoods.com\/produit\/coffret-local-des-fetes\/#apercu\">Cliquez ici pour en apprendre d\u2019avantage sur les produits.<\/a><\/p>\n<p>Le coffret local des f\u00eates est emball\u00e9 avec soin dans du papier recycl\u00e9, attach\u00e9 avec une corde biod\u00e9gradable et couronn\u00e9 d\u2019un message \u00e9crit \u00e0 la main! Pour assurer le transport des produits, le tout est envoy\u00e9 dans une bo\u00eete classique en carton et livr\u00e9 directement \u00e0 votre porte.<\/p>\n","protected":false},"featured_media":9348,"template":"","meta":[],"product_cat":[144],"product_tag":[127,126],"class_list":{"0":"post-9425","1":"product","2":"type-product","3":"status-publish","4":"has-post-thumbnail","6":"product_cat-uncategorized-fr","7":"product_tag-recommendations-boites","8":"product_tag-temps-des-fetes","10":"first","11":"outofstock","12":"taxable","13":"shipping-taxable","14":"purchasable","15":"product-type-simple"},"yoast_head":"<!-- This site is optimized with the Yoast SEO plugin v23.5 - https:\/\/yoast.com\/wordpress\/plugins\/seo\/ -->\n<title>Coffret local des f\u00eates - Whelk | Marque qu\u00e9b\u00e9coise<\/title>\n<meta name=\"robots\" content=\"index, follow, max-snippet:-1, max-image-preview:large, max-video-preview:-1\" \/>\n<link rel=\"canonical\" href=\"https:\/\/whelkgoods.com\/fr\/produit\/coffret-local-des-fetes\/\" \/>\n<meta property=\"og:locale\" content=\"fr_FR\" \/>\n<meta property=\"og:type\" content=\"article\" \/>\n<meta property=\"og:title\" content=\"Coffret local des f\u00eates - Whelk | Marque qu\u00e9b\u00e9coise\" \/>\n<meta property=\"og:description\" content=\"Notre coffret de No\u00ebl a \u00e9t\u00e9 rempli avec soin par le Capitaine. Il a s\u00e9lectionn\u00e9 les produits qu\u00e9b\u00e9cois dont il \u00e9tait le plus friand! C\u2019est pourquoi petits et grands appr\u00e9cieront tout autant le d\u00e9licieux go\u00fbt du caramel que l\u2019ar\u00f4me enveloppante de la chandelle. Cliquez ici pour en apprendre d\u2019avantage sur les produits.  Le coffret local des f\u00eates est emball\u00e9 avec soin dans du papier recycl\u00e9, attach\u00e9 avec une corde biod\u00e9gradable et couronn\u00e9 d\u2019un message \u00e9crit \u00e0 la main! Pour assurer le transport des produits, le tout est envoy\u00e9 dans une bo\u00eete classique en carton et livr\u00e9 directement \u00e0 votre porte.\" \/>\n<meta property=\"og:url\" content=\"https:\/\/whelkgoods.com\/fr\/produit\/coffret-local-des-fetes\/\" \/>\n<meta property=\"og:site_name\" content=\"Whelk | Marque qu\u00e9b\u00e9coise\" \/>\n<meta property=\"article:modified_time\" content=\"2021-05-25T02:09:36+00:00\" \/>\n<meta property=\"og:image\" content=\"https:\/\/whelkgoods.com\/wp-content\/uploads\/2020\/10\/Boite-cadeau-emballe\u0301e.jpg\" \/>\n\t<meta property=\"og:image:width\" content=\"1000\" \/>\n\t<meta property=\"og:image:height\" content=\"1000\" \/>\n\t<meta property=\"og:image:type\" content=\"image\/jpeg\" \/>\n<meta name=\"twitter:card\" content=\"summary_large_image\" \/>\n<script type=\"application\/ld+json\" class=\"yoast-schema-graph\">{\"@context\":\"https:\/\/schema.org\",\"@graph\":[{\"@type\":\"WebPage\",\"@id\":\"https:\/\/whelkgoods.com\/fr\/produit\/coffret-local-des-fetes\/\",\"url\":\"https:\/\/whelkgoods.com\/fr\/produit\/coffret-local-des-fetes\/\",\"name\":\"Coffret local des f\u00eates - Whelk | Marque qu\u00e9b\u00e9coise\",\"isPartOf\":{\"@id\":\"https:\/\/whelkgoods.com\/fr\/#website\"},\"primaryImageOfPage\":{\"@id\":\"https:\/\/whelkgoods.com\/fr\/produit\/coffret-local-des-fetes\/#primaryimage\"},\"image\":{\"@id\":\"https:\/\/whelkgoods.com\/fr\/produit\/coffret-local-des-fetes\/#primaryimage\"},\"thumbnailUrl\":\"https:\/\/whelkgoods.com\/wp-content\/uploads\/2020\/10\/Boite-cadeau-emballe\u0301e.jpg\",\"datePublished\":\"2020-10-31T23:25:14+00:00\",\"dateModified\":\"2021-05-25T02:09:36+00:00\",\"breadcrumb\":{\"@id\":\"https:\/\/whelkgoods.com\/fr\/produit\/coffret-local-des-fetes\/#breadcrumb\"},\"inLanguage\":\"fr-FR\",\"potentialAction\":[{\"@type\":\"ReadAction\",\"target\":[\"https:\/\/whelkgoods.com\/fr\/produit\/coffret-local-des-fetes\/\"]}]},{\"@type\":\"ImageObject\",\"inLanguage\":\"fr-FR\",\"@id\":\"https:\/\/whelkgoods.com\/fr\/produit\/coffret-local-des-fetes\/#primaryimage\",\"url\":\"https:\/\/whelkgoods.com\/wp-content\/uploads\/2020\/10\/Boite-cadeau-emballe\u0301e.jpg\",\"contentUrl\":\"https:\/\/whelkgoods.com\/wp-content\/uploads\/2020\/10\/Boite-cadeau-emballe\u0301e.jpg\",\"width\":1000,\"height\":1000},{\"@type\":\"BreadcrumbList\",\"@id\":\"https:\/\/whelkgoods.com\/fr\/produit\/coffret-local-des-fetes\/#breadcrumb\",\"itemListElement\":[{\"@type\":\"ListItem\",\"position\":1,\"name\":\"Home\",\"item\":\"https:\/\/whelkgoods.com\/fr\/accueil\/\"},{\"@type\":\"ListItem\",\"position\":2,\"name\":\"Boutique de casquettes et tuques \u00e9cologiques\",\"item\":\"https:\/\/whelkgoods.com\/fr\/boutique\/\"},{\"@type\":\"ListItem\",\"position\":3,\"name\":\"Coffret local des f\u00eates\"}]},{\"@type\":\"WebSite\",\"@id\":\"https:\/\/whelkgoods.com\/fr\/#website\",\"url\":\"https:\/\/whelkgoods.com\/fr\/\",\"name\":\"Whelk | Marque qu\u00e9b\u00e9coise\",\"description\":\"Casquettes et tuques \u00e9coresponsables\",\"publisher\":{\"@id\":\"https:\/\/whelkgoods.com\/fr\/#organization\"},\"potentialAction\":[{\"@type\":\"SearchAction\",\"target\":{\"@type\":\"EntryPoint\",\"urlTemplate\":\"https:\/\/whelkgoods.com\/fr\/?s={search_term_string}\"},\"query-input\":{\"@type\":\"PropertyValueSpecification\",\"valueRequired\":true,\"valueName\":\"search_term_string\"}}],\"inLanguage\":\"fr-FR\"},{\"@type\":\"Organization\",\"@id\":\"https:\/\/whelkgoods.com\/fr\/#organization\",\"name\":\"Whelk | Marque qu\u00e9b\u00e9coise\",\"url\":\"https:\/\/whelkgoods.com\/fr\/\",\"logo\":{\"@type\":\"ImageObject\",\"inLanguage\":\"fr-FR\",\"@id\":\"https:\/\/whelkgoods.com\/fr\/#\/schema\/logo\/image\/\",\"url\":\"https:\/\/whelkgoods.com\/wp-content\/uploads\/2023\/08\/Whelk-Goods-Logo.png\",\"contentUrl\":\"https:\/\/whelkgoods.com\/wp-content\/uploads\/2023\/08\/Whelk-Goods-Logo.png\",\"width\":750,\"height\":253,\"caption\":\"Whelk | Marque qu\u00e9b\u00e9coise\"},\"image\":{\"@id\":\"https:\/\/whelkgoods.com\/fr\/#\/schema\/logo\/image\/\"}}]}<\/script>\n<!-- \/ Yoast SEO plugin. -->","yoast_head_json":{"title":"Coffret local des f\u00eates - Whelk | Marque qu\u00e9b\u00e9coise","robots":{"index":"index","follow":"follow","max-snippet":"max-snippet:-1","max-image-preview":"max-image-preview:large","max-video-preview":"max-video-preview:-1"},"canonical":"https:\/\/whelkgoods.com\/fr\/produit\/coffret-local-des-fetes\/","og_locale":"fr_FR","og_type":"article","og_title":"Coffret local des f\u00eates - Whelk | Marque qu\u00e9b\u00e9coise","og_description":"Notre coffret de No\u00ebl a \u00e9t\u00e9 rempli avec soin par le Capitaine. Il a s\u00e9lectionn\u00e9 les produits qu\u00e9b\u00e9cois dont il \u00e9tait le plus friand! C\u2019est pourquoi petits et grands appr\u00e9cieront tout autant le d\u00e9licieux go\u00fbt du caramel que l\u2019ar\u00f4me enveloppante de la chandelle. Cliquez ici pour en apprendre d\u2019avantage sur les produits.  Le coffret local des f\u00eates est emball\u00e9 avec soin dans du papier recycl\u00e9, attach\u00e9 avec une corde biod\u00e9gradable et couronn\u00e9 d\u2019un message \u00e9crit \u00e0 la main! Pour assurer le transport des produits, le tout est envoy\u00e9 dans une bo\u00eete classique en carton et livr\u00e9 directement \u00e0 votre porte.","og_url":"https:\/\/whelkgoods.com\/fr\/produit\/coffret-local-des-fetes\/","og_site_name":"Whelk | Marque qu\u00e9b\u00e9coise","article_modified_time":"2021-05-25T02:09:36+00:00","og_image":[{"width":1000,"height":1000,"url":"https:\/\/whelkgoods.com\/wp-content\/uploads\/2020\/10\/Boite-cadeau-emballe\u0301e.jpg","type":"image\/jpeg"}],"twitter_card":"summary_large_image","schema":{"@context":"https:\/\/schema.org","@graph":[{"@type":"WebPage","@id":"https:\/\/whelkgoods.com\/fr\/produit\/coffret-local-des-fetes\/","url":"https:\/\/whelkgoods.com\/fr\/produit\/coffret-local-des-fetes\/","name":"Coffret local des f\u00eates - Whelk | Marque qu\u00e9b\u00e9coise","isPartOf":{"@id":"https:\/\/whelkgoods.com\/fr\/#website"},"primaryImageOfPage":{"@id":"https:\/\/whelkgoods.com\/fr\/produit\/coffret-local-des-fetes\/#primaryimage"},"image":{"@id":"https:\/\/whelkgoods.com\/fr\/produit\/coffret-local-des-fetes\/#primaryimage"},"thumbnailUrl":"https:\/\/whelkgoods.com\/wp-content\/uploads\/2020\/10\/Boite-cadeau-emballe\u0301e.jpg","datePublished":"2020-10-31T23:25:14+00:00","dateModified":"2021-05-25T02:09:36+00:00","breadcrumb":{"@id":"https:\/\/whelkgoods.com\/fr\/produit\/coffret-local-des-fetes\/#breadcrumb"},"inLanguage":"fr-FR","potentialAction":[{"@type":"ReadAction","target":["https:\/\/whelkgoods.com\/fr\/produit\/coffret-local-des-fetes\/"]}]},{"@type":"ImageObject","inLanguage":"fr-FR","@id":"https:\/\/whelkgoods.com\/fr\/produit\/coffret-local-des-fetes\/#primaryimage","url":"https:\/\/whelkgoods.com\/wp-content\/uploads\/2020\/10\/Boite-cadeau-emballe\u0301e.jpg","contentUrl":"https:\/\/whelkgoods.com\/wp-content\/uploads\/2020\/10\/Boite-cadeau-emballe\u0301e.jpg","width":1000,"height":1000},{"@type":"BreadcrumbList","@id":"https:\/\/whelkgoods.com\/fr\/produit\/coffret-local-des-fetes\/#breadcrumb","itemListElement":[{"@type":"ListItem","position":1,"name":"Home","item":"https:\/\/whelkgoods.com\/fr\/accueil\/"},{"@type":"ListItem","position":2,"name":"Boutique de casquettes et tuques \u00e9cologiques","item":"https:\/\/whelkgoods.com\/fr\/boutique\/"},{"@type":"ListItem","position":3,"name":"Coffret local des f\u00eates"}]},{"@type":"WebSite","@id":"https:\/\/whelkgoods.com\/fr\/#website","url":"https:\/\/whelkgoods.com\/fr\/","name":"Whelk | Marque qu\u00e9b\u00e9coise","description":"Casquettes et tuques \u00e9coresponsables","publisher":{"@id":"https:\/\/whelkgoods.com\/fr\/#organization"},"potentialAction":[{"@type":"SearchAction","target":{"@type":"EntryPoint","urlTemplate":"https:\/\/whelkgoods.com\/fr\/?s={search_term_string}"},"query-input":{"@type":"PropertyValueSpecification","valueRequired":true,"valueName":"search_term_string"}}],"inLanguage":"fr-FR"},{"@type":"Organization","@id":"https:\/\/whelkgoods.com\/fr\/#organization","name":"Whelk | Marque qu\u00e9b\u00e9coise","url":"https:\/\/whelkgoods.com\/fr\/","logo":{"@type":"ImageObject","inLanguage":"fr-FR","@id":"https:\/\/whelkgoods.com\/fr\/#\/schema\/logo\/image\/","url":"https:\/\/whelkgoods.com\/wp-content\/uploads\/2023\/08\/Whelk-Goods-Logo.png","contentUrl":"https:\/\/whelkgoods.com\/wp-content\/uploads\/2023\/08\/Whelk-Goods-Logo.png","width":750,"height":253,"caption":"Whelk | Marque qu\u00e9b\u00e9coise"},"image":{"@id":"https:\/\/whelkgoods.com\/fr\/#\/schema\/logo\/image\/"}}]}},"_links":{"self":[{"href":"https:\/\/whelkgoods.com\/fr\/wp-json\/wp\/v2\/product\/9425"}],"collection":[{"href":"https:\/\/whelkgoods.com\/fr\/wp-json\/wp\/v2\/product"}],"about":[{"href":"https:\/\/whelkgoods.com\/fr\/wp-json\/wp\/v2\/types\/product"}],"wp:featuredmedia":[{"embeddable":true,"href":"https:\/\/whelkgoods.com\/fr\/wp-json\/wp\/v2\/media\/9348"}],"wp:attachment":[{"href":"https:\/\/whelkgoods.com\/fr\/wp-json\/wp\/v2\/media?parent=9425"}],"wp:term":[{"taxonomy":"product_cat","embeddable":true,"href":"https:\/\/whelkgoods.com\/fr\/wp-json\/wp\/v2\/product_cat?post=9425"},{"taxonomy":"product_tag","embeddable":true,"href":"https:\/\/whelkgoods.com\/fr\/wp-json\/wp\/v2\/product_tag?post=9425"}],"curies":[{"name":"wp","href":"https:\/\/api.w.org\/{rel}","templated":true}]}}